{"id":3756,"date":"2022-12-04T10:44:28","date_gmt":"2022-12-04T10:44:28","guid":{"rendered":"https:\/\/go4rex.com\/terms-and-conditions-for-the-use-of-the-website\/"},"modified":"2023-01-18T09:45:55","modified_gmt":"2023-01-18T09:45:55","slug":"terms-and-conditions-for-the-use-of-the-website","status":"publish","type":"page","link":"https:\/\/go4rex.com\/pt-br\/terms-and-conditions-for-the-use-of-the-website\/","title":{"rendered":"TERMOS E CONDI\u00c7\u00d5ES DE UTILIZA\u00c7\u00c3O DO WEBSITE"},"content":{"rendered":"\t\t<div data-elementor-type=\"wp-page\" data-elementor-id=\"3756\" class=\"elementor elementor-3756 elementor-3718\" data-elementor-post-type=\"page\">\n\t\t\t\t\t\t<section class=\"ob-is-breaking-bad elementor-section elementor-top-section elementor-element elementor-element-861e932 elementor-section-height-min-height elementor-section-boxed elementor-section-height-default elementor-section-items-middle\" data-id=\"861e932\" data-element_type=\"section\" data-e-type=\"section\" data-settings=\"{&quot;background_background&quot;:&quot;classic&quot;,&quot;_ob_bbad_use_it&quot;:&quot;yes&quot;,&quot;_ob_bbad_sssic_use&quot;:&quot;no&quot;,&quot;_ob_glider_is_slider&quot;:&quot;no&quot;}\">\n\t\t\t\t\t\t\t<div class=\"elementor-background-overlay\"><\/div>\n\t\t\t\t\t\t\t<div class=\"elementor-container elementor-column-gap-default\">\n\t\t\t\t\t<div class=\"elementor-column elementor-col-100 elementor-top-column elementor-element elementor-element-1e985b0\" data-id=\"1e985b0\" data-element_type=\"column\" data-e-type=\"column\" data-settings=\"{&quot;_ob_bbad_is_stalker&quot;:&quot;no&quot;,&quot;_ob_teleporter_use&quot;:false,&quot;_ob_column_hoveranimator&quot;:&quot;no&quot;,&quot;_ob_column_has_pseudo&quot;:&quot;no&quot;}\">\n\t\t\t<div class=\"elementor-widget-wrap elementor-element-populated\">\n\t\t\t\t\t\t<div class=\"elementor-element elementor-element-562cb73 ob-harakiri-inherit ob-has-background-overlay elementor-widget elementor-widget-heading\" data-id=\"562cb73\" data-element_type=\"widget\" data-e-type=\"widget\" data-settings=\"{&quot;_ob_use_harakiri&quot;:&quot;yes&quot;,&quot;_ob_harakiri_writing_mode&quot;:&quot;inherit&quot;,&quot;_ob_harakiri_text_clip&quot;:&quot;none&quot;,&quot;_ob_perspektive_use&quot;:&quot;no&quot;,&quot;_ob_poopart_use&quot;:&quot;yes&quot;,&quot;_ob_shadough_use&quot;:&quot;no&quot;,&quot;_ob_allow_hoveranimator&quot;:&quot;no&quot;,&quot;_ob_widget_stalker_use&quot;:&quot;no&quot;}\" data-widget_type=\"heading.default\">\n\t\t\t\t<div class=\"elementor-widget-container\">\n\t\t\t\t\t<h1 class=\"elementor-heading-title elementor-size-default\">Certifique-se de ler e entender nossos termos antes de come\u00e7ar a negociar conosco.<\/h1>\t\t\t\t<\/div>\n\t\t\t\t<\/div>\n\t\t\t\t<div class=\"elementor-element elementor-element-c2bd5c8 elementor-align-center ob-has-background-overlay elementor-widget elementor-widget-breadcrumbs\" data-id=\"c2bd5c8\" data-element_type=\"widget\" data-e-type=\"widget\" data-settings=\"{&quot;_ob_perspektive_use&quot;:&quot;no&quot;,&quot;_ob_poopart_use&quot;:&quot;yes&quot;,&quot;_ob_shadough_use&quot;:&quot;no&quot;,&quot;_ob_allow_hoveranimator&quot;:&quot;no&quot;,&quot;_ob_widget_stalker_use&quot;:&quot;no&quot;}\" data-widget_type=\"breadcrumbs.default\">\n\t\t\t\t<div class=\"elementor-widget-container\">\n\t\t\t\t\t<nav aria-label=\"breadcrumbs\" class=\"rank-math-breadcrumb\"><p><span class=\"last\">Home<\/span><\/p><\/nav>\t\t\t\t<\/div>\n\t\t\t\t<\/div>\n\t\t\t\t\t<\/div>\n\t\t<\/div>\n\t\t\t\t\t<\/div>\n\t\t<\/section>\n\t\t\t\t<section class=\"ob-is-breaking-bad elementor-section elementor-top-section elementor-element elementor-element-5351b46 elementor-section-boxed elementor-section-height-default elementor-section-height-default\" data-id=\"5351b46\" data-element_type=\"section\" data-e-type=\"section\" data-settings=\"{&quot;_ob_bbad_use_it&quot;:&quot;yes&quot;,&quot;_ob_bbad_sssic_use&quot;:&quot;no&quot;,&quot;_ob_glider_is_slider&quot;:&quot;no&quot;}\">\n\t\t\t\t\t\t<div class=\"elementor-container elementor-column-gap-default\">\n\t\t\t\t\t<div class=\"elementor-column elementor-col-100 elementor-top-column elementor-element elementor-element-295503f\" data-id=\"295503f\" data-element_type=\"column\" data-e-type=\"column\" data-settings=\"{&quot;_ob_bbad_is_stalker&quot;:&quot;no&quot;,&quot;_ob_teleporter_use&quot;:false,&quot;_ob_column_hoveranimator&quot;:&quot;no&quot;,&quot;_ob_column_has_pseudo&quot;:&quot;no&quot;}\">\n\t\t\t<div class=\"elementor-widget-wrap elementor-element-populated\">\n\t\t\t\t\t\t<div class=\"elementor-element elementor-element-cf9a156 ob-harakiri-inherit ob-has-background-overlay elementor-widget elementor-widget-text-editor\" data-id=\"cf9a156\" data-element_type=\"widget\" data-e-type=\"widget\" data-settings=\"{&quot;_ob_use_harakiri&quot;:&quot;yes&quot;,&quot;_ob_harakiri_writing_mode&quot;:&quot;inherit&quot;,&quot;_ob_postman_use&quot;:&quot;no&quot;,&quot;_ob_perspektive_use&quot;:&quot;no&quot;,&quot;_ob_poopart_use&quot;:&quot;yes&quot;,&quot;_ob_shadough_use&quot;:&quot;no&quot;,&quot;_ob_allow_hoveranimator&quot;:&quot;no&quot;,&quot;_ob_widget_stalker_use&quot;:&quot;no&quot;}\" data-widget_type=\"text-editor.default\">\n\t\t\t\t<div class=\"elementor-widget-container\">\n\t\t\t\t\t\t\t\t\t<p>Este Contrato \u00e9 celebrado por e entre a Go4rex (doravante denominada \u201cEmpresa\u201d ou \u201cn\u00f3s\u201d) de um lado e o Cliente (que pode ser uma pessoa jur\u00eddica ou singular) que preencheu o Formul\u00e1rio de Inscri\u00e7\u00e3o para Abertura de Conta e foi aceite pela Empresa como Cliente (\u201cCliente\u201d ou \u201cvoc\u00ea\u201d) por outro lado.<\/p><p><strong>Marcas registadas \u2013 Direitos de propriedade intelectual<\/strong><\/p><p>A empresa \u00e9 detentora dos Direitos de Autor das p\u00e1ginas e ecr\u00e3s apresentados neste website, bem como das informa\u00e7\u00f5es e materiais a\u00ed inclu\u00eddos e da sua disposi\u00e7\u00e3o, salvo indica\u00e7\u00e3o em contr\u00e1rio. A empresa det\u00e9m os direitos exclusivos ou a licen\u00e7a de utiliza\u00e7\u00e3o ou qualquer outra licen\u00e7a para todos os tipos de nomes comerciais e marcas registadas contidos e\/ou exibidos neste website.<\/p><p><strong>Mudan\u00e7a de Informa\u00e7\u00f5es e Materiais\u00a0<\/strong><\/p><p>Todas as informa\u00e7\u00f5es e materiais contidos no website da Empresa, e todos os termos, condi\u00e7\u00f5es, pr\u00e9-requisitos e descri\u00e7\u00f5es aqui contidos, est\u00e3o sujeitos a altera\u00e7\u00f5es sem qualquer aviso pr\u00e9vio.<\/p><p><strong>Limita\u00e7\u00e3o de responsabilidade<\/strong><\/p><p>A empresa n\u00e3o oferece qualquer garantia quanto \u00e0 exatid\u00e3o, adequa\u00e7\u00e3o ou integridade das informa\u00e7\u00f5es e materiais contidos nos seus websites e rejeita expressamente qualquer responsabilidade por quaisquer erros e \/ ou omiss\u00f5es a esse respeito. A empresa n\u00e3o oferece nenhuma garantia de qualquer tipo impl\u00edcita, expressa ou estatut\u00e1ria, incluindo, mas n\u00e3o se limitando a, garantias de n\u00e3o viola\u00e7\u00e3o de direitos de terceiros, t\u00edtulo, comercializa\u00e7\u00e3o, adequa\u00e7\u00e3o a uma finalidade espec\u00edfica e aus\u00eancia de v\u00edrus de computador, em conjunto com informa\u00e7\u00f5es e materiais dos mesmos. Os hiperlinks para outros recursos da Internet s\u00e3o acedidos \u200b\u200bpor sua conta e risco; o conte\u00fado, veracidade, opini\u00f5es expressas e outros links fornecidos por esses recursos n\u00e3o s\u00e3o controlados, investigados, verificados, monitorizados e \/ ou aprovados \u200b\u200bpela Empresa. A empresa n\u00e3o ser\u00e1 respons\u00e1vel por a) quaisquer danos, perdas ou despesas que surjam da liga\u00e7\u00e3o a este site ou do seu uso ou incapacidade de uso por qualquer pessoa ou ligados \u00e0 incapacidade de executar uma ordem, erro, omiss\u00e3o, interrup\u00e7\u00e3o, falha, atraso na opera\u00e7\u00e3o ou transmiss\u00e3o, v\u00edrus de computador, falha de comunica\u00e7\u00e3o ou falha de linha ou sistema, mesmo que A empresa ou os seus representantes tenham sido informados sobre a possibilidade de tais danos, perdas ou custos e b) por erros ou imprecis\u00f5es no processo de transmiss\u00e3o de dados e \/ ou Pedidos na negocia\u00e7\u00e3o de CFDs ou quaisquer instru\u00e7\u00f5es do cliente \/ visitante do site, interfer\u00eancia, personifica\u00e7\u00e3o fraudulenta, quebra de c\u00f3digos de acesso secretos, grava\u00e7\u00e3o ou transmiss\u00e3o err\u00f3nea de mensagem ou falha do sistema devido a for\u00e7a maior ou por qualquer outro motivo que n\u00e3o \u00e9 devido \u00e0 viola\u00e7\u00e3o do acima descrito pela empresa. A empresa n\u00e3o ser\u00e1 respons\u00e1vel por quaisquer danos que possam ocorrer ao hardware ou software do usu\u00e1rio que possam surgir como resultado do uso deste website e \/ ou terreno ou pela liga\u00e7\u00e3o deste website com outros websites ou recursos da Internet.<\/p><p><strong>Utilizadores pretendidos<\/strong><\/p><p>Este website n\u00e3o se destina a qualquer pessoa ou entidade em qualquer jurisdi\u00e7\u00e3o ou pa\u00eds onde tal distribui\u00e7\u00e3o ou utiliza\u00e7\u00e3o seja contr\u00e1ria \u00e0s leis ou regulamentos locais.<\/p><p><strong>Cookies\u00a0<\/strong><\/p><p>Ao utilizar o nosso software, este permite-nos usar cookies relacionados com o seu acesso ao nosso website. Os cookies s\u00e3o pequenos ficheiros de informa\u00e7\u00e3o, que normalmente incluem um n\u00famero ou valor de identifica\u00e7\u00e3o exclusivo, sendo armazenados no disco r\u00edgido do seu computador como resultado da utiliza\u00e7\u00e3o deste software comercial e do acesso ao website.<br \/>O objetivo destas informa\u00e7\u00f5es \u00e9 proporcionar-lhe uma experi\u00eancia mais relevante e eficaz no website, incluindo a apresenta\u00e7\u00e3o de websites de acordo com as suas necessidades ou prefer\u00eancias. Os cookies s\u00e3o usados com frequ\u00eancia em muitos websites da Internet e pode escolher se e como um cookie ser\u00e1 aceite, alterando as suas prefer\u00eancias e op\u00e7\u00f5es no navegador.<br \/>Alguns dos nossos parceiros de neg\u00f3cios (por exemplo, anunciantes) usam cookies no(s) nosso(s) website(s). N\u00e3o temos acesso ou controlo sobre esses cookies. Os cookies n\u00e3o cont\u00eam informa\u00e7\u00f5es de identifica\u00e7\u00e3o pessoal nem s\u00e3o usados para o identificar. Pode optar por desativar os cookies.<br \/>Contudo, pode n\u00e3o ser poss\u00edvel aceder a algumas partes deste website se optar por desativar a aceita\u00e7\u00e3o de cookies no seu navegador, principalmente \u00e0s partes seguras do website. Para obter mais informa\u00e7\u00f5es sobre cookies e como desativ\u00e1-los, consulte\u00a0www.allaboutcookies.org.<\/p><p><strong>Links de terceiros<\/strong><\/p><p>O(s) nosso(s) website(s) cont\u00eam links para websites operados por terceiros. Fornecemos os links para sua conveni\u00eancia, mas n\u00e3o revemos, controlamos ou monitorizamos a privacidade ou outras pr\u00e1ticas de websites operados por terceiros. N\u00e3o somos respons\u00e1veis pelo desempenho de websites operados por terceiros ou pelas suas negocia\u00e7\u00f5es comerciais com estes.\u00a0Dados Pessoais\u00a0 Quaisquer Dados pessoais que forem recolhidos pela Empresa atrav\u00e9s deste website ser\u00e3o processados de acordo com a Lei Geral de Prote\u00e7\u00e3o de Dados Pessoais, conforme alterada ou substitu\u00edda periodicamente. Eu, o utilizador deste website, concordo que:<br \/>(I) A empresa reserva-se ao direito de processar os Dados Pessoais para apoiar, promover e concretizar as nossas rela\u00e7\u00f5es.<br \/>(II) A empresa n\u00e3o comunicar\u00e1 ou divulgar\u00e1 tais Dados Pessoais a terceiros, a menos que digam respeito a:<br \/>(1) uma empresa\/empresas \u00e0s quais A empresa atribuiu parcial ou totalmente a realiza\u00e7\u00e3o do processamento de tais dados de acordo com a lei,<br \/>(2) tal comunica\u00e7\u00e3o ou divulga\u00e7\u00e3o que possa ser exigida por lei ou por uma decis\u00e3o judicial e (3) quando eu for um cliente da Empresa de acordo com a Pol\u00edtica de Privacidade que tamb\u00e9m se aplica a mim.<br \/>(III) Salvo instru\u00e7\u00f5es espec\u00edficas dadas por mim, a Empresa ter\u00e1 o direito de utilizar esses dados pessoais, com exce\u00e7\u00e3o dos Dados Pessoais Sens\u00edveis, para promover remotamente os seus produtos financeiros e\/ou quaisquer produtos\/servi\u00e7os fornecidos por outras empresas afiliadas.<br \/>(IV) O acima aplica-se tanto aos atuais Clientes da Empresa, quanto aos solicitantes de qualquer servi\u00e7o, independentemente da sua inscri\u00e7\u00e3o ser aceite ou rejeitada. Tamb\u00e9m se aplica a Pol\u00edtica de Privacidade em rela\u00e7\u00e3o aos clientes da Empresa.<\/p><p><strong>Lei Aplic\u00e1vel<\/strong><br \/>A utiliza\u00e7\u00e3o deste website ser\u00e1 regida pelas Leis das Seychelles.<\/p><p>\u00a0<\/p>\t\t\t\t\t\t\t\t<\/div>\n\t\t\t\t<\/div>\n\t\t\t\t\t<\/div>\n\t\t<\/div>\n\t\t\t\t\t<\/div>\n\t\t<\/section>\n\t\t\t\t<\/div>\n\t\t","protected":false},"excerpt":{"rendered":"<p>Certifique-se de ler e entender nossos termos antes de come\u00e7ar a negociar conosco. Este Contrato \u00e9 celebrado por e entre a Go4rex (doravante denominada \u201cEmpresa\u201d ou \u201cn\u00f3s\u201d) de um lado e o Cliente (que pode ser uma pessoa jur\u00eddica ou singular) que preencheu o Formul\u00e1rio de Inscri\u00e7\u00e3o para Abertura de Conta e foi aceite pela [&hellip;]<\/p>\n","protected":false},"author":7,"featured_media":0,"parent":0,"menu_order":0,"comment_status":"closed","ping_status":"closed","template":"","meta":{"footnotes":""},"class_list":["post-3756","page","type-page","status-publish","hentry"],"_links":{"self":[{"href":"https:\/\/go4rex.com\/pt-br\/wp-json\/wp\/v2\/pages\/3756","targetHints":{"allow":["GET"]}}],"collection":[{"href":"https:\/\/go4rex.com\/pt-br\/wp-json\/wp\/v2\/pages"}],"about":[{"href":"https:\/\/go4rex.com\/pt-br\/wp-json\/wp\/v2\/types\/page"}],"author":[{"embeddable":true,"href":"https:\/\/go4rex.com\/pt-br\/wp-json\/wp\/v2\/users\/7"}],"replies":[{"embeddable":true,"href":"https:\/\/go4rex.com\/pt-br\/wp-json\/wp\/v2\/comments?post=3756"}],"version-history":[{"count":7,"href":"https:\/\/go4rex.com\/pt-br\/wp-json\/wp\/v2\/pages\/3756\/revisions"}],"predecessor-version":[{"id":3766,"href":"https:\/\/go4rex.com\/pt-br\/wp-json\/wp\/v2\/pages\/3756\/revisions\/3766"}],"wp:attachment":[{"href":"https:\/\/go4rex.com\/pt-br\/wp-json\/wp\/v2\/media?parent=3756"}],"curies":[{"name":"wp","href":"https:\/\/api.w.org\/{rel}","templated":true}]}}