{"id":2598,"date":"2021-12-09T20:20:29","date_gmt":"2021-12-09T20:20:29","guid":{"rendered":"https:\/\/go4rex.com\/signals\/"},"modified":"2024-10-02T07:37:10","modified_gmt":"2024-10-02T07:37:10","slug":"signals","status":"publish","type":"page","link":"https:\/\/go4rex.com\/pt-br\/signals\/","title":{"rendered":"Sinais"},"content":{"rendered":"\t\t<div data-elementor-type=\"wp-page\" data-elementor-id=\"2598\" class=\"elementor elementor-2598 elementor-2592\" data-elementor-post-type=\"page\">\n\t\t\t\t\t\t<section class=\"ob-is-breaking-bad elementor-section elementor-top-section elementor-element elementor-element-6fdc901 elementor-section-height-min-height elementor-section-boxed elementor-section-height-default elementor-section-items-middle\" data-id=\"6fdc901\" data-element_type=\"section\" data-e-type=\"section\" data-settings=\"{&quot;background_background&quot;:&quot;classic&quot;,&quot;_ob_bbad_use_it&quot;:&quot;yes&quot;,&quot;_ob_bbad_sssic_use&quot;:&quot;no&quot;,&quot;_ob_glider_is_slider&quot;:&quot;no&quot;}\">\n\t\t\t\t\t\t\t<div class=\"elementor-background-overlay\"><\/div>\n\t\t\t\t\t\t\t<div class=\"elementor-container elementor-column-gap-default\">\n\t\t\t\t\t<div class=\"elementor-column elementor-col-100 elementor-top-column elementor-element elementor-element-385e32c\" data-id=\"385e32c\" data-element_type=\"column\" data-e-type=\"column\" data-settings=\"{&quot;_ob_bbad_is_stalker&quot;:&quot;no&quot;,&quot;_ob_teleporter_use&quot;:false,&quot;_ob_column_hoveranimator&quot;:&quot;no&quot;,&quot;_ob_column_has_pseudo&quot;:&quot;no&quot;}\">\n\t\t\t<div class=\"elementor-widget-wrap elementor-element-populated\">\n\t\t\t\t\t\t<div class=\"elementor-element elementor-element-daac3f1 ob-harakiri-inherit ob-has-background-overlay elementor-widget elementor-widget-heading\" data-id=\"daac3f1\" data-element_type=\"widget\" data-e-type=\"widget\" data-settings=\"{&quot;_ob_use_harakiri&quot;:&quot;yes&quot;,&quot;_ob_harakiri_writing_mode&quot;:&quot;inherit&quot;,&quot;_ob_harakiri_text_clip&quot;:&quot;none&quot;,&quot;_ob_perspektive_use&quot;:&quot;no&quot;,&quot;_ob_poopart_use&quot;:&quot;yes&quot;,&quot;_ob_shadough_use&quot;:&quot;no&quot;,&quot;_ob_allow_hoveranimator&quot;:&quot;no&quot;,&quot;_ob_widget_stalker_use&quot;:&quot;no&quot;}\" data-widget_type=\"heading.default\">\n\t\t\t\t<div class=\"elementor-widget-container\">\n\t\t\t\t\t<h1 class=\"elementor-heading-title elementor-size-default\">Sinais<\/h1>\t\t\t\t<\/div>\n\t\t\t\t<\/div>\n\t\t\t\t<div class=\"elementor-element elementor-element-93322f5 elementor-align-center ob-has-background-overlay elementor-widget elementor-widget-breadcrumbs\" data-id=\"93322f5\" data-element_type=\"widget\" data-e-type=\"widget\" data-settings=\"{&quot;_ob_perspektive_use&quot;:&quot;no&quot;,&quot;_ob_poopart_use&quot;:&quot;yes&quot;,&quot;_ob_shadough_use&quot;:&quot;no&quot;,&quot;_ob_allow_hoveranimator&quot;:&quot;no&quot;,&quot;_ob_widget_stalker_use&quot;:&quot;no&quot;}\" data-widget_type=\"breadcrumbs.default\">\n\t\t\t\t<div class=\"elementor-widget-container\">\n\t\t\t\t\t<nav aria-label=\"breadcrumbs\" class=\"rank-math-breadcrumb\"><p><span class=\"last\">Home<\/span><\/p><\/nav>\t\t\t\t<\/div>\n\t\t\t\t<\/div>\n\t\t\t\t\t<\/div>\n\t\t<\/div>\n\t\t\t\t\t<\/div>\n\t\t<\/section>\n\t\t\t\t<section class=\"ob-is-breaking-bad elementor-section elementor-top-section elementor-element elementor-element-3a7bc49 elementor-section-boxed elementor-section-height-default elementor-section-height-default\" data-id=\"3a7bc49\" data-element_type=\"section\" data-e-type=\"section\" data-settings=\"{&quot;_ob_bbad_use_it&quot;:&quot;yes&quot;,&quot;_ob_bbad_sssic_use&quot;:&quot;no&quot;,&quot;_ob_glider_is_slider&quot;:&quot;no&quot;}\">\n\t\t\t\t\t\t<div class=\"elementor-container elementor-column-gap-default\">\n\t\t\t\t\t<div class=\"elementor-column elementor-col-100 elementor-top-column elementor-element elementor-element-8273c25\" data-id=\"8273c25\" data-element_type=\"column\" data-e-type=\"column\" data-settings=\"{&quot;_ob_bbad_is_stalker&quot;:&quot;no&quot;,&quot;_ob_teleporter_use&quot;:false,&quot;_ob_column_hoveranimator&quot;:&quot;no&quot;,&quot;_ob_column_has_pseudo&quot;:&quot;no&quot;}\">\n\t\t\t<div class=\"elementor-widget-wrap elementor-element-populated\">\n\t\t\t\t\t\t<div class=\"elementor-element elementor-element-0f11997 ob-harakiri-inherit ob-has-background-overlay elementor-widget elementor-widget-text-editor\" data-id=\"0f11997\" data-element_type=\"widget\" data-e-type=\"widget\" data-settings=\"{&quot;_ob_use_harakiri&quot;:&quot;yes&quot;,&quot;_ob_harakiri_writing_mode&quot;:&quot;inherit&quot;,&quot;_ob_postman_use&quot;:&quot;no&quot;,&quot;_ob_perspektive_use&quot;:&quot;no&quot;,&quot;_ob_poopart_use&quot;:&quot;yes&quot;,&quot;_ob_shadough_use&quot;:&quot;no&quot;,&quot;_ob_allow_hoveranimator&quot;:&quot;no&quot;,&quot;_ob_widget_stalker_use&quot;:&quot;no&quot;}\" data-widget_type=\"text-editor.default\">\n\t\t\t\t<div class=\"elementor-widget-container\">\n\t\t\t\t\t\t\t\t\t<h4>O que s\u00e3o sinais de negocia\u00e7\u00e3o, como devemos us\u00e1-los e porqu\u00ea?<\/h4><p class=\"price-big\">A negocia\u00e7\u00e3o nos mercados financeiros n\u00e3o \u00e9 o tipo mais dif\u00edcil de investimento. No entanto, tamb\u00e9m n\u00e3o \u00e9 o mais f\u00e1cil de todos os tipos de investimento. \u00c9 preciso saber que as coisas ficam um pouco complicadas quando se mergulha nas negocia\u00e7\u00f5es. Se seguir o b\u00e1sico da maneira certa, entender\u00e1 tudo facilmente.<br \/>Se pensar demais, vai confundir-se com tudo. A confus\u00e3o \u00e9 o que pode matar a sua carreira de negociador. Tem de ser capaz de correr riscos como profissional para obter lucros e alcan\u00e7ar os seus objetivos financeiros. Uma das muitas ferramentas que podem ajud\u00e1-lo com isto \u00e9 um sinal de negocia\u00e7\u00e3o.<\/p><div class=\"cryptoBlock\"><h4>O que \u00e9 um sinal de negocia\u00e7\u00e3o?<\/h4><p class=\"price-big\">O nome deve ser autoexplicativo. \u00c9 um sinal que o informa de como deve negociar. Tal como um sinal de tr\u00e2nsito lhe diz para parar ou andar, um sinal de negocia\u00e7\u00e3o diz-lhe para tomar uma das duas posi\u00e7\u00f5es. Pode comprar um ativo espec\u00edfico ou vend\u00ea-lo quando estiver a negociar.<br \/>Um sinal de negocia\u00e7\u00e3o informa ao negociador se a negocia\u00e7\u00e3o \u00e9 longa ou curta, ou seja, compra ou venda de um ativo. No entanto, um sinal \u00e9 apenas um sinal. N\u00e3o \u00e9 uma revela\u00e7\u00e3o ou mandamento de Deus. Ainda pode tomar a decis\u00e3o que acha que faz mais sentido. Um sinal de negocia\u00e7\u00e3o existe apenas como um guia, n\u00e3o como uma garantia.<\/p><p class=\"price-big\">Quando se inscreve em corretores online, notar\u00e1 que d\u00e3o acesso aos sinais de negocia\u00e7\u00e3o. \u00c9 importante saber que alguns corretores lhe dar\u00e3o acesso a sinais gratuitos, enquanto outros lhe cobrar\u00e3o por esse servi\u00e7o. \u00c9 uma ideia comum que os sinais de negocia\u00e7\u00e3o gratuitos s\u00e3o menos fi\u00e1veis do que os pagos.<br \/>Ao abrir uma conta com um corretor online, pode decidir como deseja receber os sinais. Podem chegar at\u00e9 si num e-mail ou SMS. Tem de escolher o m\u00e9todo que melhor lhe convier. A ideia \u00e9 ser capaz de ver os sinais instantaneamente para que possa entrar numa opera\u00e7\u00e3o imediatamente.<\/p><p class=\"price-big\">N\u00e3o pode confiar num sinal de negocia\u00e7\u00e3o que chegou hoje para uma negocia\u00e7\u00e3o em que entrar\u00e1 depois de amanh\u00e3. O seu corretor ir\u00e1 fornecer as op\u00e7\u00f5es para que possa escolher se deseja receber e-mails ou SMS com sinais.<\/p><h4>Como os sinais de negocia\u00e7\u00e3o s\u00e3o criados<\/h4><p class=\"price-big\">A pergunta seguinte mais importante \u00e9 saber como esses sinais s\u00e3o criados em primeiro lugar. Precisa de saber que existem muitas entidades que podem criar sinais de negocia\u00e7\u00e3o. Poder\u00e1 ser um negociador experiente no mercado, a vender sinais aos novos negociadores. Poder\u00e1 ser um corretor a vender os seus pr\u00f3prios sinais de negocia\u00e7\u00e3o.<br \/>Ou poder\u00e1 ser uma empresa de terceiros que afirma ter muitos negociadores experientes a ajudar a gerar os sinais de negocia\u00e7\u00e3o. Existem duas maneiras de as pessoas criarem sinais de negocia\u00e7\u00e3o. Podem ger\u00e1-los com base em dados passados ou analisando as condi\u00e7\u00f5es em curso.<\/p><p class=\"price-big\">Um profissional experiente pode examinar as informa\u00e7\u00f5es de pre\u00e7os, tend\u00eancias, eventos, etc., anteriores e usar alguma t\u00e9cnica de an\u00e1lise t\u00e9cnica para obter um sinal de negocia\u00e7\u00e3o. Ao mesmo tempo, os sinais de negocia\u00e7\u00e3o podem ser gerados observando-se os assuntos e eventos atuais e prevendo se a negocia\u00e7\u00e3o \u00e9 longa ou curta.<br \/>N\u00e3o se pode realmente dizer quais s\u00e3o os mais fi\u00e1veis. No entanto, precisa de saber que existem duas maneiras de gerar esses sinais. Podem ser gerados por um ser humano ou com o uso de algum software. Existem pr\u00f3s e contras associados aos dois m\u00e9todos.<\/p><p class=\"price-big\">Portanto, os sinais que lhe chegam podem ser de um profissional experiente, a fazer todos os c\u00e1lculos e an\u00e1lises t\u00e9cnicas e, em seguida, a gerar os sinais. Alternativamente, uma empresa pode estar a usar uma ferramenta de software na qual determinados comandos e filtros j\u00e1 foram alimentados.<br \/>Com base nesses filtros e comandos, o software produz sinais de negocia\u00e7\u00e3o instantaneamente. Como foi dito anteriormente, n\u00e3o se pode dizer que um \u00e9 superior ao outro, porque existem pr\u00f3s e contras associados a ambos.<br \/>Quando se trata de um negociante humano a fazer os c\u00e1lculos em tempo real, h\u00e1 dois problemas: o negociante pode ter cometido algum erro e pode haver algum envolvimento emocional na gera\u00e7\u00e3o dos sinais.<\/p><p class=\"price-big\">Quando se trata de sinais de negocia\u00e7\u00e3o gerados por software, n\u00e3o h\u00e1 nenhum envolvimento humano e emocional nos sinais de negocia\u00e7\u00e3o. S\u00e3o criados com regras e filtros estritos, estabelecidos por negociadores experientes. Ora, a desvantagem dos sinais gerados por software \u00e9 que absolutamente nenhum envolvimento de emo\u00e7\u00f5es pode ser desvantajoso \u00e0s vezes.<br \/>Se os sinais de negocia\u00e7\u00e3o forem gerados com base em eventos em curso, o envolvimento humano \u00e9 importante. O software pode fazer um trabalho melhor quando o trabalho anal\u00edtico est\u00e1 a ser realizado com toneladas de dados do passado.<\/p><h4>Confian\u00e7a cega \u00e9 m\u00e1<\/h4><p class=\"price-big\">Foi declarado nas passagens anteriores que os sinais de negocia\u00e7\u00e3o s\u00e3o apenas seus guias, n\u00e3o garantias. N\u00e3o pode confiar neles 100% das vezes. De facto, a melhor abordagem para usar sinais de negocia\u00e7\u00e3o \u00e9 envolver tamb\u00e9m algumas de suas pr\u00f3prias an\u00e1lises.<br \/>Por vezes, pode achar as suas conclus\u00f5es conflituantes com o que os sinais de negocia\u00e7\u00e3o est\u00e3o a negociar. Ao mesmo tempo, tamb\u00e9m deve ter cuidado com quem escolhe para os seus sinais de negocia\u00e7\u00e3o. Escolha apenas as op\u00e7\u00f5es fi\u00e1veis do setor. Se precisar de pagar alguns d\u00f3lares pelo servi\u00e7o, n\u00e3o hewebsite em faz\u00ea-lo se acreditar que os sinais s\u00e3o fi\u00e1veis.<\/p><h4>Conclus\u00e3o<\/h4><p class=\"price-big\">\u00c9 importante prestar aten\u00e7\u00e3o de quem est\u00e1 a recebe os sinais. S\u00f3 pode confiar nos sinais gratuitos at\u00e9 certo ponto. Geralmente, os sinais de negocia\u00e7\u00e3o pagos s\u00e3o os mais fi\u00e1veis. No entanto, deve continuar a registar o desempenho dos seus sinais em todos os momentos. Fa\u00e7a as contas no final do m\u00eas para ver a taxa de sucesso ou de falha dos seus sinais de negocia\u00e7\u00e3o.<br \/>Se pensar que s\u00e3o fi\u00e1veis na maior parte do tempo, continue a receb\u00ea-los. Por \u00faltimo, mas n\u00e3o menos importante, n\u00e3o feche os olhos anal\u00edticos e atentos \u00e0s tend\u00eancias do mercado. Nenhum sinal de negocia\u00e7\u00e3o deve ser confi\u00e1vel 100% das vezes.<\/p><\/div>\t\t\t\t\t\t\t\t<\/div>\n\t\t\t\t<\/div>\n\t\t\t\t\t<\/div>\n\t\t<\/div>\n\t\t\t\t\t<\/div>\n\t\t<\/section>\n\t\t\t\t<\/div>\n\t\t","protected":false},"excerpt":{"rendered":"<p>Sinais Home O que s\u00e3o sinais de negocia\u00e7\u00e3o, como devemos us\u00e1-los e porqu\u00ea? A negocia\u00e7\u00e3o nos mercados financeiros n\u00e3o \u00e9 o tipo mais dif\u00edcil de investimento. No entanto, tamb\u00e9m n\u00e3o \u00e9 o mais f\u00e1cil de todos os tipos de investimento. \u00c9 preciso saber que as coisas ficam um pouco complicadas quando se mergulha nas negocia\u00e7\u00f5es. [&hellip;]<\/p>\n","protected":false},"author":7,"featured_media":0,"parent":0,"menu_order":0,"comment_status":"closed","ping_status":"closed","template":"","meta":{"footnotes":""},"class_list":["post-2598","page","type-page","status-publish","hentry"],"_links":{"self":[{"href":"https:\/\/go4rex.com\/pt-br\/wp-json\/wp\/v2\/pages\/2598","targetHints":{"allow":["GET"]}}],"collection":[{"href":"https:\/\/go4rex.com\/pt-br\/wp-json\/wp\/v2\/pages"}],"about":[{"href":"https:\/\/go4rex.com\/pt-br\/wp-json\/wp\/v2\/types\/page"}],"author":[{"embeddable":true,"href":"https:\/\/go4rex.com\/pt-br\/wp-json\/wp\/v2\/users\/7"}],"replies":[{"embeddable":true,"href":"https:\/\/go4rex.com\/pt-br\/wp-json\/wp\/v2\/comments?post=2598"}],"version-history":[{"count":16,"href":"https:\/\/go4rex.com\/pt-br\/wp-json\/wp\/v2\/pages\/2598\/revisions"}],"predecessor-version":[{"id":4693,"href":"https:\/\/go4rex.com\/pt-br\/wp-json\/wp\/v2\/pages\/2598\/revisions\/4693"}],"wp:attachment":[{"href":"https:\/\/go4rex.com\/pt-br\/wp-json\/wp\/v2\/media?parent=2598"}],"curies":[{"name":"wp","href":"https:\/\/api.w.org\/{rel}","templated":true}]}}