{"id":1989,"date":"2021-12-05T13:15:16","date_gmt":"2021-12-05T13:15:16","guid":{"rendered":"https:\/\/go4rex.com\/account-types-2\/"},"modified":"2022-05-18T12:33:53","modified_gmt":"2022-05-18T12:33:53","slug":"account-types-2","status":"publish","type":"page","link":"https:\/\/go4rex.com\/pt-br\/account-types-2\/","title":{"rendered":"TIPOS DE CONTA"},"content":{"rendered":"\t\t<div data-elementor-type=\"wp-page\" data-elementor-id=\"1989\" class=\"elementor elementor-1989 elementor-952\" data-elementor-post-type=\"page\">\n\t\t\t\t\t\t<section class=\"ob-is-breaking-bad elementor-section elementor-top-section elementor-element elementor-element-2f47271 elementor-section-height-min-height elementor-section-boxed elementor-section-height-default elementor-section-items-middle\" data-id=\"2f47271\" data-element_type=\"section\" data-e-type=\"section\" data-settings=\"{&quot;background_background&quot;:&quot;classic&quot;,&quot;_ob_bbad_use_it&quot;:&quot;yes&quot;,&quot;_ob_bbad_sssic_use&quot;:&quot;no&quot;,&quot;_ob_glider_is_slider&quot;:&quot;no&quot;}\">\n\t\t\t\t\t\t\t<div class=\"elementor-background-overlay\"><\/div>\n\t\t\t\t\t\t\t<div class=\"elementor-container elementor-column-gap-default\">\n\t\t\t\t\t<div class=\"elementor-column elementor-col-100 elementor-top-column elementor-element elementor-element-8dbedd0\" data-id=\"8dbedd0\" data-element_type=\"column\" data-e-type=\"column\" data-settings=\"{&quot;_ob_bbad_is_stalker&quot;:&quot;no&quot;,&quot;_ob_teleporter_use&quot;:false,&quot;_ob_column_hoveranimator&quot;:&quot;no&quot;,&quot;_ob_column_has_pseudo&quot;:&quot;no&quot;}\">\n\t\t\t<div class=\"elementor-widget-wrap elementor-element-populated\">\n\t\t\t\t\t\t<div class=\"elementor-element elementor-element-d970751 ob-harakiri-inherit ob-has-background-overlay elementor-widget elementor-widget-heading\" data-id=\"d970751\" data-element_type=\"widget\" data-e-type=\"widget\" data-settings=\"{&quot;_ob_use_harakiri&quot;:&quot;yes&quot;,&quot;_ob_harakiri_writing_mode&quot;:&quot;inherit&quot;,&quot;_ob_harakiri_text_clip&quot;:&quot;none&quot;,&quot;_ob_perspektive_use&quot;:&quot;no&quot;,&quot;_ob_poopart_use&quot;:&quot;yes&quot;,&quot;_ob_shadough_use&quot;:&quot;no&quot;,&quot;_ob_allow_hoveranimator&quot;:&quot;no&quot;,&quot;_ob_widget_stalker_use&quot;:&quot;no&quot;}\" data-widget_type=\"heading.default\">\n\t\t\t\t<div class=\"elementor-widget-container\">\n\t\t\t\t\t<h1 class=\"elementor-heading-title elementor-size-default\">Quaisquer que sejam suas necessidades comerciais, a Go4rex tem uma conta para atend\u00ea-las perfeitamente. <br>\nCompare nossas 6 op\u00e7\u00f5es aqui para fazer a escolha certa.<\/h1>\t\t\t\t<\/div>\n\t\t\t\t<\/div>\n\t\t\t\t<div class=\"elementor-element elementor-element-6405d6c elementor-align-center ob-has-background-overlay elementor-widget elementor-widget-breadcrumbs\" data-id=\"6405d6c\" data-element_type=\"widget\" data-e-type=\"widget\" data-settings=\"{&quot;_ob_perspektive_use&quot;:&quot;no&quot;,&quot;_ob_poopart_use&quot;:&quot;yes&quot;,&quot;_ob_shadough_use&quot;:&quot;no&quot;,&quot;_ob_allow_hoveranimator&quot;:&quot;no&quot;,&quot;_ob_widget_stalker_use&quot;:&quot;no&quot;}\" data-widget_type=\"breadcrumbs.default\">\n\t\t\t\t<div class=\"elementor-widget-container\">\n\t\t\t\t\t<nav aria-label=\"breadcrumbs\" class=\"rank-math-breadcrumb\"><p><span class=\"last\">Home<\/span><\/p><\/nav>\t\t\t\t<\/div>\n\t\t\t\t<\/div>\n\t\t\t\t\t<\/div>\n\t\t<\/div>\n\t\t\t\t\t<\/div>\n\t\t<\/section>\n\t\t\t\t<section class=\"ob-is-breaking-bad elementor-section elementor-top-section elementor-element elementor-element-f71cf3e elementor-section-boxed elementor-section-height-default elementor-section-height-default\" data-id=\"f71cf3e\" data-element_type=\"section\" data-e-type=\"section\" data-settings=\"{&quot;_ob_bbad_use_it&quot;:&quot;yes&quot;,&quot;_ob_bbad_sssic_use&quot;:&quot;no&quot;,&quot;_ob_glider_is_slider&quot;:&quot;no&quot;}\">\n\t\t\t\t\t\t<div class=\"elementor-container elementor-column-gap-default\">\n\t\t\t\t\t<div class=\"elementor-column elementor-col-100 elementor-top-column elementor-element elementor-element-728003b\" data-id=\"728003b\" data-element_type=\"column\" data-e-type=\"column\" data-settings=\"{&quot;_ob_bbad_is_stalker&quot;:&quot;no&quot;,&quot;_ob_teleporter_use&quot;:false,&quot;_ob_column_hoveranimator&quot;:&quot;no&quot;,&quot;_ob_column_has_pseudo&quot;:&quot;no&quot;}\">\n\t\t\t<div class=\"elementor-widget-wrap elementor-element-populated\">\n\t\t\t\t\t\t<div class=\"elementor-element elementor-element-8ab5ae1 ob-harakiri-inherit ob-has-background-overlay elementor-widget elementor-widget-text-editor\" data-id=\"8ab5ae1\" data-element_type=\"widget\" data-e-type=\"widget\" data-settings=\"{&quot;_ob_use_harakiri&quot;:&quot;yes&quot;,&quot;_ob_harakiri_writing_mode&quot;:&quot;inherit&quot;,&quot;_ob_postman_use&quot;:&quot;no&quot;,&quot;_ob_perspektive_use&quot;:&quot;no&quot;,&quot;_ob_poopart_use&quot;:&quot;yes&quot;,&quot;_ob_shadough_use&quot;:&quot;no&quot;,&quot;_ob_allow_hoveranimator&quot;:&quot;no&quot;,&quot;_ob_widget_stalker_use&quot;:&quot;no&quot;}\" data-widget_type=\"text-editor.default\">\n\t\t\t\t<div class=\"elementor-widget-container\">\n\t\t\t\t\t\t\t\t\t\n\n\n<link rel=\"stylesheet\" href=\"style.css\">\n<link href=\"https:\/\/css.gg\/check.css\" rel=\"stylesheet\">\n\n\n\n<div class=\"table-wrapper\">\n<table class=\"fl-table\">\n<thead>\n<tr>\n<th class=\"header1 align-left\">Especifica\u00e7\u00f5es da conta<\/th>\n<th class=\"header2\">Cl\u00e1ssica<\/th>\n<th class=\"header3\">Prata<\/th>\n<th class=\"header4\">Ouro<\/th>\n<th class=\"header5\">VIP<\/th>\n<\/tr>\n<\/thead>\n<tbody>\n<tr>\n<td class=\"first-column1 align-left\">Avalancamento: At\u00e9<\/td>\n<td class=\"lighter-dark-column1\">1:400<\/td>\n<td>1:400<\/td>\n<td class=\"lighter-dark-column1\">1:400<\/td>\n<td>1:400<\/td>\n<\/tr>\n<tr>\n<td class=\"first-column1 align-left\">Spreads (indicativo)<\/td>\n<td class=\"dark-column1\">\n  2.5 Pips EUR\/USD<br>\n  2.8 Pips GBP\/USD<br>\n  2.8 Pips USD\/JPY<br>\n  0.14 Petr\u00f3leo bruto\n<\/td>\n<td>\n  2.0 Pips EUR\/USD<br>\n  2.1 Pips GBP\/USD<br>\n  2.2 Pips USD\/JPY<br>\n  0.12 Petr\u00f3leo bruto\n<\/td>\n<td class=\"dark-column1\">\n  1.8 Pips EUR\/USD<br>\n  2.0 Pips GBP\/USD<br>\n  2.0 Pips USD\/JPY<br>\n  0.10 Petr\u00f3leo bruto\n<\/td>\n<td>\n  1.3 Pips EUR\/USD<br>\n  1.5 Pips GBP\/USD<br>\n  1.5 Pips USD\/JPY<br>\n  0.05 Petr\u00f3leo bruto\n<\/td>\n<\/tr>\n<tr>\n<td class=\"first-column1 align-left\">Per\u00edodo de desconto de swaps<\/td>\n<td class=\"lighter-dark-column1 dash\">\u2013<\/td>\n<td class=\"dash\">\u2013<\/td>\n<td class=\"lighter-dark-column1\">Dispon\u00edvel<\/td>\n<td>Dispon\u00edvel<\/td>\n<\/tr>\n<tr>\n<td class=\"first-column1 align-left\">Instrumentos<\/td>\n<td class=\"dark-column1\">Cada ativo<\/td>\n<td>Cada ativo<\/td>\n<td class=\"dark-column1\">Cada ativo<\/td>\n<td>Cada ativo<\/td>\n<\/tr>\n<tr>\n<td class=\"first-column1 align-left\">Ajustes de Margem<\/td>\n<td class=\"lighter-dark-column1\">100%<\/td>\n<td>100%<\/td>\n<td class=\"lighter-dark-column1\">100%<\/td>\n<td>100%<\/td>\n<\/tr>\n<tr>\n<td class=\"first-column1 align-left\">Parar<\/td>\n<td class=\"dark-column1\">35%<\/td>\n<td>35%<\/td>\n<td class=\"dark-column1\">35%<\/td>\n<td>35%<\/td>\n<\/tr>\n<tr>\n<td class=\"first-column1 align-left\">Volume m\u00e1ximo por opera\u00e7\u00e3o<\/td>\n<td class=\"lighter-dark-column1\">100<\/td>\n<td>100<\/td>\n<td class=\"lighter-dark-column1\">100<\/td>\n<td>100<\/td>\n<\/tr>\n<tr>\n<td class=\"first-column1 align-left\">Prote\u00e7\u00e3o de saldo negativo<\/td>\n<td class=\"dark-column1\"><i class=\"gg-check\"><\/i><\/td>\n<td><i class=\"gg-check\"><\/i><\/td>\n<td class=\"dark-column1\"><i class=\"gg-check\"><\/i><\/td>\n<td><i class=\"gg-check\"><\/i><\/td>\n<\/tr>\n<tr>\n<td class=\"first-column1 align-left\">Suporte gratuito<\/td>\n<td class=\"lighter-dark-column1\"><i class=\"gg-check\"><\/i><\/td>\n<td><i class=\"gg-check\"><\/i><\/td>\n<td class=\"lighter-dark-column1\"><i class=\"gg-check\"><\/i><\/td>\n<td><i class=\"gg-check\"><\/i><\/td>\n<\/tr>\n<tr>\n<td class=\"first-column1 bottom-cell-left  align-left\">Treinamento de negocia\u00e7\u00e3o gratuito<\/td>\n<td class=\"dark-column1\"><i class=\"gg-check\"><\/i><\/td>\n<td><i class=\"gg-check\"><\/i><\/td>\n<td class=\"dark-column1\"><i class=\"gg-check\"><\/i><\/td>\n<td class=\"bottom-cell-right\"><i class=\"gg-check\"><\/i><\/td>\n<\/tr>\n<\/tbody>\n\n<tbody><\/tbody>\n<\/table>\n<\/div>\n\n\n        <\/div>\n            <\/div>\n    <\/div>\t\t\t\t\t\t\t\t<\/div>\n\t\t\t\t<\/div>\n\t\t\t\t\t<\/div>\n\t\t<\/div>\n\t\t\t\t\t<\/div>\n\t\t<\/section>\n\t\t\t\t<\/div>\n\t\t","protected":false},"excerpt":{"rendered":"<p>Quaisquer que sejam suas necessidades comerciais, a Go4rex tem uma conta para atend\u00ea-las perfeitamente. Compare nossas 6 op\u00e7\u00f5es aqui para fazer a escolha certa. Especifica\u00e7\u00f5es da conta Cl\u00e1ssica Prata Ouro VIP Avalancamento: At\u00e9 1:400 1:400 1:400 1:400 Spreads (indicativo) 2.5 Pips EUR\/USD 2.8 Pips GBP\/USD 2.8 Pips USD\/JPY 0.14 Petr\u00f3leo bruto 2.0 Pips EUR\/USD 2.1 [&hellip;]<\/p>\n","protected":false},"author":7,"featured_media":0,"parent":0,"menu_order":0,"comment_status":"closed","ping_status":"closed","template":"","meta":{"footnotes":""},"class_list":["post-1989","page","type-page","status-publish","hentry"],"_links":{"self":[{"href":"https:\/\/go4rex.com\/pt-br\/wp-json\/wp\/v2\/pages\/1989","targetHints":{"allow":["GET"]}}],"collection":[{"href":"https:\/\/go4rex.com\/pt-br\/wp-json\/wp\/v2\/pages"}],"about":[{"href":"https:\/\/go4rex.com\/pt-br\/wp-json\/wp\/v2\/types\/page"}],"author":[{"embeddable":true,"href":"https:\/\/go4rex.com\/pt-br\/wp-json\/wp\/v2\/users\/7"}],"replies":[{"embeddable":true,"href":"https:\/\/go4rex.com\/pt-br\/wp-json\/wp\/v2\/comments?post=1989"}],"version-history":[{"count":55,"href":"https:\/\/go4rex.com\/pt-br\/wp-json\/wp\/v2\/pages\/1989\/revisions"}],"predecessor-version":[{"id":3374,"href":"https:\/\/go4rex.com\/pt-br\/wp-json\/wp\/v2\/pages\/1989\/revisions\/3374"}],"wp:attachment":[{"href":"https:\/\/go4rex.com\/pt-br\/wp-json\/wp\/v2\/media?parent=1989"}],"curies":[{"name":"wp","href":"https:\/\/api.w.org\/{rel}","templated":true}]}}