{"id":1892,"date":"2021-12-05T17:27:21","date_gmt":"2021-12-05T17:27:21","guid":{"rendered":"https:\/\/go4rex.com\/conflicts-of-interest\/"},"modified":"2021-12-08T12:23:34","modified_gmt":"2021-12-08T12:23:34","slug":"conflicts-of-interest","status":"publish","type":"page","link":"https:\/\/go4rex.com\/pt-br\/conflicts-of-interest\/","title":{"rendered":"Resumo da Pol\u00edtica de Conflitos de Interesses"},"content":{"rendered":"\t\t<div data-elementor-type=\"wp-page\" data-elementor-id=\"1892\" class=\"elementor elementor-1892 elementor-1071\" data-elementor-post-type=\"page\">\n\t\t\t\t\t\t<section class=\"ob-is-breaking-bad elementor-section elementor-top-section elementor-element elementor-element-25ff437 elementor-section-height-min-height elementor-section-boxed elementor-section-height-default elementor-section-items-middle\" data-id=\"25ff437\" data-element_type=\"section\" data-e-type=\"section\" data-settings=\"{&quot;background_background&quot;:&quot;classic&quot;,&quot;_ob_bbad_use_it&quot;:&quot;yes&quot;,&quot;_ob_bbad_sssic_use&quot;:&quot;no&quot;,&quot;_ob_glider_is_slider&quot;:&quot;no&quot;}\">\n\t\t\t\t\t\t\t<div class=\"elementor-background-overlay\"><\/div>\n\t\t\t\t\t\t\t<div class=\"elementor-container elementor-column-gap-default\">\n\t\t\t\t\t<div class=\"elementor-column elementor-col-100 elementor-top-column elementor-element elementor-element-044416f\" data-id=\"044416f\" data-element_type=\"column\" data-e-type=\"column\" data-settings=\"{&quot;_ob_bbad_is_stalker&quot;:&quot;no&quot;,&quot;_ob_teleporter_use&quot;:false,&quot;_ob_column_hoveranimator&quot;:&quot;no&quot;,&quot;_ob_column_has_pseudo&quot;:&quot;no&quot;}\">\n\t\t\t<div class=\"elementor-widget-wrap elementor-element-populated\">\n\t\t\t\t\t\t<div class=\"elementor-element elementor-element-0f55c05 ob-harakiri-inherit ob-has-background-overlay elementor-widget elementor-widget-heading\" data-id=\"0f55c05\" data-element_type=\"widget\" data-e-type=\"widget\" data-settings=\"{&quot;_ob_use_harakiri&quot;:&quot;yes&quot;,&quot;_ob_harakiri_writing_mode&quot;:&quot;inherit&quot;,&quot;_ob_harakiri_text_clip&quot;:&quot;none&quot;,&quot;_ob_perspektive_use&quot;:&quot;no&quot;,&quot;_ob_poopart_use&quot;:&quot;yes&quot;,&quot;_ob_shadough_use&quot;:&quot;no&quot;,&quot;_ob_allow_hoveranimator&quot;:&quot;no&quot;,&quot;_ob_widget_stalker_use&quot;:&quot;no&quot;}\" data-widget_type=\"heading.default\">\n\t\t\t\t<div class=\"elementor-widget-container\">\n\t\t\t\t\t<h1 class=\"elementor-heading-title elementor-size-default\">RESUMO DA POL\u00cdTICA DE CONFLITOS DE INTERESSES<\/h1>\t\t\t\t<\/div>\n\t\t\t\t<\/div>\n\t\t\t\t<div class=\"elementor-element elementor-element-b48a617 ob-harakiri-inherit ob-has-background-overlay elementor-widget elementor-widget-heading\" data-id=\"b48a617\" data-element_type=\"widget\" data-e-type=\"widget\" data-settings=\"{&quot;_ob_use_harakiri&quot;:&quot;yes&quot;,&quot;_ob_harakiri_writing_mode&quot;:&quot;inherit&quot;,&quot;_ob_harakiri_text_clip&quot;:&quot;none&quot;,&quot;_ob_perspektive_use&quot;:&quot;no&quot;,&quot;_ob_poopart_use&quot;:&quot;yes&quot;,&quot;_ob_shadough_use&quot;:&quot;no&quot;,&quot;_ob_allow_hoveranimator&quot;:&quot;no&quot;,&quot;_ob_widget_stalker_use&quot;:&quot;no&quot;}\" data-widget_type=\"heading.default\">\n\t\t\t\t<div class=\"elementor-widget-container\">\n\t\t\t\t\t<h1 class=\"elementor-heading-title elementor-size-default\">Go4rex garante o interesse do cliente e mant\u00e9m os padr\u00f5es profissionais da empresa.<\/h1>\t\t\t\t<\/div>\n\t\t\t\t<\/div>\n\t\t\t\t<div class=\"elementor-element elementor-element-7343ff9 elementor-align-center ob-has-background-overlay elementor-widget elementor-widget-breadcrumbs\" data-id=\"7343ff9\" data-element_type=\"widget\" data-e-type=\"widget\" data-settings=\"{&quot;_ob_perspektive_use&quot;:&quot;no&quot;,&quot;_ob_poopart_use&quot;:&quot;yes&quot;,&quot;_ob_shadough_use&quot;:&quot;no&quot;,&quot;_ob_allow_hoveranimator&quot;:&quot;no&quot;,&quot;_ob_widget_stalker_use&quot;:&quot;no&quot;}\" data-widget_type=\"breadcrumbs.default\">\n\t\t\t\t<div class=\"elementor-widget-container\">\n\t\t\t\t\t<nav aria-label=\"breadcrumbs\" class=\"rank-math-breadcrumb\"><p><span class=\"last\">Home<\/span><\/p><\/nav>\t\t\t\t<\/div>\n\t\t\t\t<\/div>\n\t\t\t\t\t<\/div>\n\t\t<\/div>\n\t\t\t\t\t<\/div>\n\t\t<\/section>\n\t\t\t\t<section class=\"ob-is-breaking-bad elementor-section elementor-top-section elementor-element elementor-element-aa54b27 elementor-section-boxed elementor-section-height-default elementor-section-height-default\" data-id=\"aa54b27\" data-element_type=\"section\" data-e-type=\"section\" data-settings=\"{&quot;_ob_bbad_use_it&quot;:&quot;yes&quot;,&quot;_ob_bbad_sssic_use&quot;:&quot;no&quot;,&quot;_ob_glider_is_slider&quot;:&quot;no&quot;}\">\n\t\t\t\t\t\t<div class=\"elementor-container elementor-column-gap-default\">\n\t\t\t\t\t<div class=\"elementor-column elementor-col-100 elementor-top-column elementor-element elementor-element-7ea8c46\" data-id=\"7ea8c46\" data-element_type=\"column\" data-e-type=\"column\" data-settings=\"{&quot;_ob_bbad_is_stalker&quot;:&quot;no&quot;,&quot;_ob_teleporter_use&quot;:false,&quot;_ob_column_hoveranimator&quot;:&quot;no&quot;,&quot;_ob_column_has_pseudo&quot;:&quot;no&quot;}\">\n\t\t\t<div class=\"elementor-widget-wrap elementor-element-populated\">\n\t\t\t\t\t\t<div class=\"elementor-element elementor-element-53c54d0 ob-harakiri-inherit ob-has-background-overlay elementor-widget elementor-widget-text-editor\" data-id=\"53c54d0\" data-element_type=\"widget\" data-e-type=\"widget\" data-settings=\"{&quot;_ob_use_harakiri&quot;:&quot;yes&quot;,&quot;_ob_harakiri_writing_mode&quot;:&quot;inherit&quot;,&quot;_ob_postman_use&quot;:&quot;no&quot;,&quot;_ob_perspektive_use&quot;:&quot;no&quot;,&quot;_ob_poopart_use&quot;:&quot;yes&quot;,&quot;_ob_shadough_use&quot;:&quot;no&quot;,&quot;_ob_allow_hoveranimator&quot;:&quot;no&quot;,&quot;_ob_widget_stalker_use&quot;:&quot;no&quot;}\" data-widget_type=\"text-editor.default\">\n\t\t\t\t<div class=\"elementor-widget-container\">\n\t\t\t\t\t\t\t\t\t<p><strong>Introduction<\/strong><\/p><p>Esta Pol\u00edtica de Conflitos de Interesse resumida (\u201ca Pol\u00edtica\u201d) \u00e9 fornecida a voc\u00ea (nosso Cliente ou Cliente potencial) de acordo com a Lei de Presta\u00e7\u00e3o de Servi\u00e7os de Investimento, Exerc\u00edcio de Atividades de Investimento, Opera\u00e7\u00e3o de Mercados Regulados e Outros Assuntos Relacionados, conforme posteriormente alterada de tempos em tempos (\u201ca Lei\u201d), de acordo com a qual a Go4rex (\u201ca Empresa\u201d) deve tomar todas as medidas razo\u00e1veis \u200b\u200bpara detectar e evitar conflitos de interesse.<\/p><p>A Empresa est\u00e1 empenhada em agir de forma honesta, justa e profissional e no melhor interesse dos seus Clientes e em cumprir, em particular, os princ\u00edpios definidos na legisla\u00e7\u00e3o acima na presta\u00e7\u00e3o de servi\u00e7os de investimento e outros servi\u00e7os auxiliares relacionados com esses servi\u00e7os de investimento.<\/p><p>O objetivo deste documento \u00e9 estabelecer a abordagem da Empresa na identifica\u00e7\u00e3o e gest\u00e3o de conflitos de interesse que podem surgir durante o curso de suas atividades comerciais normais. Al\u00e9m disso, este documento identifica circunst\u00e2ncias que podem dar origem a um conflito de interesses.<\/p><p>\u00a0<\/p><p><strong>Escopo<\/strong><\/p><p>A Pol\u00edtica se aplica a todos os seus diretores, funcion\u00e1rios, quaisquer pessoas direta ou indiretamente vinculadas \u00e0 Empresa (doravante denominadas \u201cPessoas Vinculadas\u201d) e se refere a todas as intera\u00e7\u00f5es com todos os Clientes.<\/p><p>\u00a0<\/p><p><strong>Crit\u00e9rios de identifica\u00e7\u00e3o de conflitos de interesse<\/strong><\/p><p>Para fins de identifica\u00e7\u00e3o dos tipos de conflitos de interesse que podem surgir no decurso da presta\u00e7\u00e3o de servi\u00e7os de investimento e auxiliares ou uma combina\u00e7\u00e3o dos mesmos e cuja exist\u00eancia possa prejudicar os interesses de um Cliente, a Empresa leva em considera\u00e7\u00e3o, seja a Empresa ou uma pessoa, est\u00e1 em qualquer uma das seguintes situa\u00e7\u00f5es, seja como resultado de fornecer investimento ou servi\u00e7os auxiliares ou atividades de investimento ou de outra forma:<\/p><ul><li>\u00c9 prov\u00e1vel que a Empresa ou pessoa relevante tenha um ganho financeiro ou evite uma perda financeira \u00e0s custas do Cliente;<\/li><li>A empresa ou pessoa relevante tem interesse no resultado de um servi\u00e7o prestado ao cliente ou de uma transa\u00e7\u00e3o realizada em nome do cliente, que \u00e9 distrital do interesse do cliente nesse resultado;<\/li><li>A Empresa ou pessoa relevante tem incentivos financeiros ou outros para favorecer o interesse de outro Cliente ou grupo de Clientes sobre os interesses do Cliente;<\/li><li>A Empresa ou pessoa relevante recebe ou receber\u00e1 de outra pessoa que n\u00e3o o Cliente um incentivo em rela\u00e7\u00e3o a um servi\u00e7o prestado ao Cliente, na forma de dinheiro, bens ou servi\u00e7os, al\u00e9m da comiss\u00e3o ou taxa padr\u00e3o por esse servi\u00e7o;<\/li><\/ul><p>\u00a0<\/p><p><strong>Identifica\u00e7\u00e3o de conflitos de interesse<\/strong><\/p><p>Quando a Empresa lida com o Cliente, a Empresa, um associado ou alguma outra pessoa ligada \u00e0 Empresa pode ter um interesse, relacionamento ou acordo que seja material em rela\u00e7\u00e3o \u00e0 Transa\u00e7\u00e3o em quest\u00e3o ou que entre em conflito com os interesses do Cliente.<\/p><p>Embora n\u00e3o seja vi\u00e1vel definir com precis\u00e3o ou criar uma lista exaustiva de todos os conflitos de interesse relevantes que possam surgir, de acordo com a natureza, escala e complexidade atuais dos neg\u00f3cios da Empresa, a lista a seguir inclui circunst\u00e2ncias que constituem ou podem dar origem a um conflito de interesses que implique em risco material de dano aos interesses de um ou mais Clientes, em decorr\u00eancia da presta\u00e7\u00e3o de servi\u00e7os de investimento:<\/p><ul><li>A Empresa pode ter interesse em maximizar os volumes de negocia\u00e7\u00e3o a fim de aumentar sua receita de comiss\u00e3o, o que \u00e9 inconsistente com o objetivo pessoal do Cliente de minimizar os custos de transa\u00e7\u00e3o;<\/li><li>o esquema de b\u00f4nus da Empresa pode premiar seus funcion\u00e1rios com base no volume de negocia\u00e7\u00e3o, etc;<\/li><li>a Empresa pode receber ou pagar incentivos para ou de terceiros devido \u00e0 indica\u00e7\u00e3o de novos Clientes ou negocia\u00e7\u00e3o de Clientes;<\/li><li>a Empresa ou pessoa relacionada tem interesse no resultado de um servi\u00e7o prestado ao Cliente ou de uma transa\u00e7\u00e3o realizada em nome do Cliente, que \u00e9 distinto do interesse do Cliente nesse resultado;<\/li><li>a Empresa ou uma Pessoa Relacionada tem incentivos financeiros ou outros para favorecer o interesse de outro cliente ou grupo de clientes sobre os interesses do Cliente;<\/li><li>a Empresa ou pessoa relacionada exerce os mesmos neg\u00f3cios que o Cliente;<\/li><li>A Empresa pode fornecer aconselhamento de investimento aos seus clientes, ao mesmo tempo que recomenda ou vende produtos emitidos pela Empresa ou empresas afiliadas.<\/li><li>a Empresa pode ter relacionamentos com muitos fornecedores de produtos de terceiros \/ institui\u00e7\u00f5es financeiras que podem remunerar a Empresa por meio de incentivos \/ comiss\u00f5es \/ taxas e a Empresa pode favorecer uns aos outros no processo de recomenda\u00e7\u00e3o se incentivos \/ comiss\u00f5es \/ taxas mais elevados forem fornecidos;<\/li><\/ul><p>\u00a0<\/p><p><strong>Procedimentos e controles para gerenciamento de conflitos de interesses<\/strong><\/p><p>Em geral, os procedimentos e controles que a Empresa segue para gerenciar os conflitos de interesse identificados incluem as seguintes medidas (a lista n\u00e3o \u00e9 exaustiva):<\/p><ul><li>Procedimentos eficazes para prevenir ou controlar a troca de informa\u00e7\u00f5es entre pessoas relevantes envolvidas em atividades que envolvam um risco de conflito de interesses, quando a troca dessas informa\u00e7\u00f5es pode prejudicar os interesses de um ou mais Clientes;<\/li><li>A supervis\u00e3o separada de pessoas relevantes cujas fun\u00e7\u00f5es principais envolvam a realiza\u00e7\u00e3o de atividades em nome de, ou presta\u00e7\u00e3o de servi\u00e7os a, Clientes cujos interesses podem ser conflitantes, ou que de outra forma representam interesses diferentes que podem ser conflitantes, incluindo os da Empresa;<\/li><li>A remo\u00e7\u00e3o de qualquer liga\u00e7\u00e3o direta entre a remunera\u00e7\u00e3o das pessoas relevantes principalmente envolvidas em uma atividade e a remunera\u00e7\u00e3o de, ou receitas geradas por, diferentes pessoas relevantes principalmente envolvidas em outra atividade, onde um conflito de interesses pode surgir em rela\u00e7\u00e3o a essas atividades;<\/li><li>Medidas para prevenir ou limitar qualquer pessoa de exercer influ\u00eancia inadequada sobre a maneira pela qual uma pessoa relevante realiza investimentos ou servi\u00e7os ou atividades auxiliares;<\/li><li>Medida para prevenir ou controlar o envolvimento simult\u00e2neo ou sequencial de uma pessoa relevante em investimentos separados ou servi\u00e7os ou atividades auxiliares onde tal envolvimento possa prejudicar a gest\u00e3o adequada de conflitos de interesse.<\/li><\/ul><p>\u00a0<\/p><p>Outras medidas foram tomadas:<\/p><ul><li>A Empresa realiza monitoramento cont\u00ednuo das atividades de neg\u00f3cios para garantir que os controles internos sejam apropriados.<\/li><li>A Empresa adota procedimentos eficazes para prevenir ou controlar a troca de informa\u00e7\u00f5es entre Pessoas Vinculadas que desenvolvam atividades que envolvam risco de conflito de interesses, quando a troca dessas informa\u00e7\u00f5es possa prejudicar os interesses de um ou mais Clientes.<\/li><li>Supervis\u00e3o em separado das Pessoas Vinculadas cujas fun\u00e7\u00f5es principais envolvam a presta\u00e7\u00e3o de servi\u00e7os a Clientes com interesses conflitantes ou que de outra forma representem interesses diversos e conflitantes, inclusive os da Companhia.<\/li><li>Medidas para prevenir ou limitar qualquer pessoa de exercer influ\u00eancia inadequada sobre a forma como a Pessoa Relacionada realiza os servi\u00e7os de investimento.<\/li><li>Medidas para prevenir ou controlar o envolvimento simult\u00e2neo ou sequencial de uma Pessoa Relacionada em servi\u00e7os de investimento separados, onde tal envolvimento possa prejudicar a gest\u00e3o adequada de conflitos de interesse.<\/li><li>Uma pol\u00edtica projetada para limitar o conflito de interesses decorrente de dar e receber incentivos.<\/li><li>As paredes da China restringem o fluxo de informa\u00e7\u00f5es confidenciais e internas dentro da empresa e a separa\u00e7\u00e3o f\u00edsica dos departamentos.<\/li><li>Procedimentos que regem o acesso aos dados eletr\u00f4nicos.<\/li><li>Segrega\u00e7\u00e3o de fun\u00e7\u00f5es que pode gerar conflitos de interesse se exercida pela mesma pessoa.<\/li><li>Requisitos de negocia\u00e7\u00e3o de contas pessoais aplic\u00e1veis \u00e0s Pessoas Relacionadas em rela\u00e7\u00e3o aos seus pr\u00f3prios investimentos.<\/li><li>Estabelecimento de um Departamento de Compliance para monitorar e relatar o acima para o Conselho de Administra\u00e7\u00e3o da Empresa.<\/li><li>Proibi\u00e7\u00e3o de executivos e funcion\u00e1rios da Empresa que tenham interesses comerciais externos em conflito com os interesses da Empresa, sem a aprova\u00e7\u00e3o pr\u00e9via do conselho de administra\u00e7\u00e3o da Empresa.<\/li><li>Uma pol\u00edtica de \u201cnecessidade de saber\u201d que rege a dissemina\u00e7\u00e3o de informa\u00e7\u00f5es confidenciais ou privilegiadas dentro da Empresa.<\/li><li>Nomea\u00e7\u00e3o do Auditor Interno para garantir que os sistemas e controles apropriados sejam mantidos e reportem ao Conselho de Administra\u00e7\u00e3o da Empresa.<\/li><li>Estabelecimento do princ\u00edpio \u201cquatro olhos\u201d na supervis\u00e3o das atividades da Empresa.<\/li><li>A Empresa realiza monitoramento cont\u00ednuo das atividades de neg\u00f3cios para garantir que os controles internos sejam apropriados.<\/li><li>Estabelecimento de Pol\u00edtica de Transa\u00e7\u00f5es Pessoais.<\/li><li>Os membros da equipe devem notificar a Empresa sobre qualquer interesse direto ou indireto em instrumentos financeiros ou emissores ou quaisquer interesses diretos ou indiretos ou relacionamentos ou v\u00ednculos que possam de alguma forma criar conflitos de interesse com a Empresa ou seus clientes.<\/li><li>Os membros da equipe s\u00e3o obrigados a notificar imediatamente a Empresa caso percebam que um conflito de interesses pode ser criado devido \u00e0 realiza\u00e7\u00e3o de uma tarefa \/ trabalho espec\u00edfico.<\/li><li>Aconselhar \/ recomenda\u00e7\u00f5es sobre transa\u00e7\u00f5es que s\u00e3o desnecess\u00e1rias ou irracionais ou que n\u00e3o podem ser explicadas adequadamente ou visam aumentar o volume de atividades da Empresa ou comiss\u00f5es recebidas de terceiros e n\u00e3o visam servir os interesses dos clientes s\u00e3o proibidas.<\/li><li>Os membros do pessoal est\u00e3o proibidos de aceitar presentes, promo\u00e7\u00f5es, descontos ou qualquer outro benef\u00edcio monet\u00e1rio ou em esp\u00e9cie de Clientes ou terceiros, que possam criar conflitos de interesse. Presentes de baixo valor podem ser aceitos ap\u00f3s a aprova\u00e7\u00e3o da Empresa.<\/li><li>Em circunst\u00e2ncias n\u00e3o cobertas pelos pontos acima e dada a natureza de uma situa\u00e7\u00e3o de conflito de interesses, o Compliance Officer e \/ ou a Alta Administra\u00e7\u00e3o deve decidir se permite uma transa\u00e7\u00e3o notificando o Cliente, ou n\u00e3o permite a transa\u00e7\u00e3o por completo.<\/li><\/ul><p>\u00a0<\/p><p><strong>Consentimento do cliente<\/strong><\/p><p>Ao celebrar um Contrato de Cliente com a Empresa para a presta\u00e7\u00e3o de Servi\u00e7os de Investimento, o Cliente concorda com a aplica\u00e7\u00e3o desta Pol\u00edtica sobre ele. Al\u00e9m disso, o Cliente consente e autoriza a Empresa a negociar com o Cliente da maneira que a Empresa considerar adequada, n\u00e3o obstante qualquer conflito de interesses ou a exist\u00eancia de qualquer interesse material em uma Transa\u00e7\u00e3o, sem refer\u00eancia pr\u00e9via ao Cliente.<\/p><p>Caso a Empresa n\u00e3o consiga lidar com uma situa\u00e7\u00e3o de conflito de interesses, ela reverter\u00e1 para o Cliente.<\/p><p>\u00a0<\/p><p><strong>Divulga\u00e7\u00e3o de informa\u00e7\u00f5es<\/strong><\/p><p>Se durante o curso de uma rela\u00e7\u00e3o comercial com um Cliente ou grupo de Clientes, os arranjos \/ medidas organizacionais ou administrativas em vigor n\u00e3o forem suficientes para evitar ou gerenciar um conflito de interesses relacionado a esse Cliente ou grupo de Clientes, a Empresa divulgar\u00e1 o conflito de interesses antes de realizar novos neg\u00f3cios com o Cliente ou grupo de Clientes.<\/p><p>\u00a0<\/p><p><strong>Altera\u00e7\u00e3o da Pol\u00edtica e Informa\u00e7\u00f5es Adicionais<\/strong><\/p><p>A Empresa reserva-se o direito de revisar e \/ ou alterar sua Pol\u00edtica e disposi\u00e7\u00f5es sempre que julgar apropriado de acordo com os termos do Contrato do Cliente entre a Empresa e o Cliente.<\/p><p>Caso necessite de mais informa\u00e7\u00f5es e \/ ou tenha d\u00favidas sobre conflitos de interesse, envie sua solicita\u00e7\u00e3o e \/ ou perguntas para\u00a0<a href=\"mailto:support@go4rex.com\"><strong>support@go4rex.com<\/strong><\/a>.<\/p>\t\t\t\t\t\t\t\t<\/div>\n\t\t\t\t<\/div>\n\t\t\t\t\t<\/div>\n\t\t<\/div>\n\t\t\t\t\t<\/div>\n\t\t<\/section>\n\t\t\t\t<\/div>\n\t\t","protected":false},"excerpt":{"rendered":"<p>RESUMO DA POL\u00cdTICA DE CONFLITOS DE INTERESSES Go4rex garante o interesse do cliente e mant\u00e9m os padr\u00f5es profissionais da empresa. Introduction Esta Pol\u00edtica de Conflitos de Interesse resumida (\u201ca Pol\u00edtica\u201d) \u00e9 fornecida a voc\u00ea (nosso Cliente ou Cliente potencial) de acordo com a Lei de Presta\u00e7\u00e3o de Servi\u00e7os de Investimento, Exerc\u00edcio de Atividades de Investimento, [&hellip;]<\/p>\n","protected":false},"author":7,"featured_media":0,"parent":0,"menu_order":0,"comment_status":"closed","ping_status":"closed","template":"","meta":{"footnotes":""},"class_list":["post-1892","page","type-page","status-publish","hentry"],"_links":{"self":[{"href":"https:\/\/go4rex.com\/pt-br\/wp-json\/wp\/v2\/pages\/1892","targetHints":{"allow":["GET"]}}],"collection":[{"href":"https:\/\/go4rex.com\/pt-br\/wp-json\/wp\/v2\/pages"}],"about":[{"href":"https:\/\/go4rex.com\/pt-br\/wp-json\/wp\/v2\/types\/page"}],"author":[{"embeddable":true,"href":"https:\/\/go4rex.com\/pt-br\/wp-json\/wp\/v2\/users\/7"}],"replies":[{"embeddable":true,"href":"https:\/\/go4rex.com\/pt-br\/wp-json\/wp\/v2\/comments?post=1892"}],"version-history":[{"count":4,"href":"https:\/\/go4rex.com\/pt-br\/wp-json\/wp\/v2\/pages\/1892\/revisions"}],"predecessor-version":[{"id":1897,"href":"https:\/\/go4rex.com\/pt-br\/wp-json\/wp\/v2\/pages\/1892\/revisions\/1897"}],"wp:attachment":[{"href":"https:\/\/go4rex.com\/pt-br\/wp-json\/wp\/v2\/media?parent=1892"}],"curies":[{"name":"wp","href":"https:\/\/api.w.org\/{rel}","templated":true}]}}