{"id":1872,"date":"2021-12-07T11:03:13","date_gmt":"2021-12-07T11:03:13","guid":{"rendered":"https:\/\/go4rex.com\/refund-policy\/"},"modified":"2021-12-09T21:26:25","modified_gmt":"2021-12-09T21:26:25","slug":"refund-policy","status":"publish","type":"page","link":"https:\/\/go4rex.com\/pt-br\/refund-policy\/","title":{"rendered":"Politica de Reembolso"},"content":{"rendered":"\t\t<div data-elementor-type=\"wp-page\" data-elementor-id=\"1872\" class=\"elementor elementor-1872 elementor-1569\" data-elementor-post-type=\"page\">\n\t\t\t\t\t\t<section class=\"ob-is-breaking-bad elementor-section elementor-top-section elementor-element elementor-element-3030635 elementor-section-height-min-height elementor-section-boxed elementor-section-height-default elementor-section-items-middle\" data-id=\"3030635\" data-element_type=\"section\" data-e-type=\"section\" data-settings=\"{&quot;background_background&quot;:&quot;classic&quot;,&quot;_ob_bbad_use_it&quot;:&quot;yes&quot;,&quot;_ob_bbad_sssic_use&quot;:&quot;no&quot;,&quot;_ob_glider_is_slider&quot;:&quot;no&quot;}\">\n\t\t\t\t\t\t\t<div class=\"elementor-background-overlay\"><\/div>\n\t\t\t\t\t\t\t<div class=\"elementor-container elementor-column-gap-default\">\n\t\t\t\t\t<div class=\"elementor-column elementor-col-100 elementor-top-column elementor-element elementor-element-e672f19\" data-id=\"e672f19\" data-element_type=\"column\" data-e-type=\"column\" data-settings=\"{&quot;_ob_bbad_is_stalker&quot;:&quot;no&quot;,&quot;_ob_teleporter_use&quot;:false,&quot;_ob_column_hoveranimator&quot;:&quot;no&quot;,&quot;_ob_column_has_pseudo&quot;:&quot;no&quot;}\">\n\t\t\t<div class=\"elementor-widget-wrap elementor-element-populated\">\n\t\t\t\t\t\t<div class=\"elementor-element elementor-element-d773060 ob-harakiri-inherit ob-has-background-overlay elementor-widget elementor-widget-heading\" data-id=\"d773060\" data-element_type=\"widget\" data-e-type=\"widget\" data-settings=\"{&quot;_ob_use_harakiri&quot;:&quot;yes&quot;,&quot;_ob_harakiri_writing_mode&quot;:&quot;inherit&quot;,&quot;_ob_harakiri_text_clip&quot;:&quot;none&quot;,&quot;_ob_perspektive_use&quot;:&quot;no&quot;,&quot;_ob_poopart_use&quot;:&quot;yes&quot;,&quot;_ob_shadough_use&quot;:&quot;no&quot;,&quot;_ob_allow_hoveranimator&quot;:&quot;no&quot;,&quot;_ob_widget_stalker_use&quot;:&quot;no&quot;}\" data-widget_type=\"heading.default\">\n\t\t\t\t<div class=\"elementor-widget-container\">\n\t\t\t\t\t<h1 class=\"elementor-heading-title elementor-size-default\">POLITICA DE REEMBOLSO<\/h1>\t\t\t\t<\/div>\n\t\t\t\t<\/div>\n\t\t\t\t<div class=\"elementor-element elementor-element-ad59f78 elementor-align-center ob-has-background-overlay elementor-widget elementor-widget-breadcrumbs\" data-id=\"ad59f78\" data-element_type=\"widget\" data-e-type=\"widget\" data-settings=\"{&quot;_ob_perspektive_use&quot;:&quot;no&quot;,&quot;_ob_poopart_use&quot;:&quot;yes&quot;,&quot;_ob_shadough_use&quot;:&quot;no&quot;,&quot;_ob_allow_hoveranimator&quot;:&quot;no&quot;,&quot;_ob_widget_stalker_use&quot;:&quot;no&quot;}\" data-widget_type=\"breadcrumbs.default\">\n\t\t\t\t<div class=\"elementor-widget-container\">\n\t\t\t\t\t<nav aria-label=\"breadcrumbs\" class=\"rank-math-breadcrumb\"><p><span class=\"last\">Home<\/span><\/p><\/nav>\t\t\t\t<\/div>\n\t\t\t\t<\/div>\n\t\t\t\t\t<\/div>\n\t\t<\/div>\n\t\t\t\t\t<\/div>\n\t\t<\/section>\n\t\t\t\t<section class=\"ob-is-breaking-bad elementor-section elementor-top-section elementor-element elementor-element-7a6492d elementor-section-boxed elementor-section-height-default elementor-section-height-default\" data-id=\"7a6492d\" data-element_type=\"section\" data-e-type=\"section\" data-settings=\"{&quot;_ob_bbad_use_it&quot;:&quot;yes&quot;,&quot;_ob_bbad_sssic_use&quot;:&quot;no&quot;,&quot;_ob_glider_is_slider&quot;:&quot;no&quot;}\">\n\t\t\t\t\t\t<div class=\"elementor-container elementor-column-gap-default\">\n\t\t\t\t\t<div class=\"elementor-column elementor-col-100 elementor-top-column elementor-element elementor-element-3bbafff\" data-id=\"3bbafff\" data-element_type=\"column\" data-e-type=\"column\" data-settings=\"{&quot;_ob_bbad_is_stalker&quot;:&quot;no&quot;,&quot;_ob_teleporter_use&quot;:false,&quot;_ob_column_hoveranimator&quot;:&quot;no&quot;,&quot;_ob_column_has_pseudo&quot;:&quot;no&quot;}\">\n\t\t\t<div class=\"elementor-widget-wrap elementor-element-populated\">\n\t\t\t\t\t\t<div class=\"elementor-element elementor-element-378b02e ob-harakiri-inherit ob-has-background-overlay elementor-widget elementor-widget-text-editor\" data-id=\"378b02e\" data-element_type=\"widget\" data-e-type=\"widget\" data-settings=\"{&quot;_ob_use_harakiri&quot;:&quot;yes&quot;,&quot;_ob_harakiri_writing_mode&quot;:&quot;inherit&quot;,&quot;_ob_postman_use&quot;:&quot;no&quot;,&quot;_ob_perspektive_use&quot;:&quot;no&quot;,&quot;_ob_poopart_use&quot;:&quot;yes&quot;,&quot;_ob_shadough_use&quot;:&quot;no&quot;,&quot;_ob_allow_hoveranimator&quot;:&quot;no&quot;,&quot;_ob_widget_stalker_use&quot;:&quot;no&quot;}\" data-widget_type=\"text-editor.default\">\n\t\t\t\t<div class=\"elementor-widget-container\">\n\t\t\t\t\t\t\t\t\t<p>Em certas circunst\u00e2ncias excepcionais,\u00a0<strong>Go4rex<\/strong>\u00a0pode reembolsar pagamentos feitos por cart\u00e3o de cr\u00e9dito.<br \/>Nesse caso, o valor ser\u00e1 devolvido \u00e0 fonte que foi utilizada para o dep\u00f3sito.<\/p><p>1. O Cliente tem o direito de encerrar sua conta a qualquer momento que desejar.<br \/>A Empresa aprovar\u00e1 o encerramento da conta se:<br \/>a. N\u00e3o h\u00e1 investimentos ativos colocados.<br \/>b. N\u00e3o h\u00e1 investiga\u00e7\u00f5es em andamento associadas a qualquer um dos termos dos Termos de Servi\u00e7os atuais.<br \/>2. Se n\u00e3o houver nenhuma cobran\u00e7a aplicada \u00e0 conta, a Empresa deve encerrar a conta por demanda do Cliente.<br \/>3. Se a conta do Cliente foi suspensa devido \u00e0 viola\u00e7\u00e3o dos Termos de Servi\u00e7o atuais ou devido a qualquer outro abuso detectado pelo Cliente, o reembolso n\u00e3o \u00e9 fornecido em nenhuma circunst\u00e2ncia.<br \/>4. A Empresa n\u00e3o tem qualquer reembolso caso o preju\u00edzo tenha sido causado por qualquer motivo previsto ou imprevisto.<br \/>5. O pedido de reembolso pode ser feito nos casos em que a conta tenha sido depositada em, mas nenhuma encomenda tenha sido executada pelo cliente.<br \/>6. Neste caso, o mesmo m\u00e9todo de pagamento utilizado para o dep\u00f3sito ser\u00e1 utilizado para o reembolso. O reembolso ser\u00e1 pelo valor total, a menos que outros acordos tenham sido feitos.<br \/>7. O processamento dos pedidos de reembolso pode demorar at\u00e9 7 dias \u00fateis.<br \/>8. Todas as outras solicita\u00e7\u00f5es ser\u00e3o tratadas como RETIRADAS e ser\u00e3o processadas usando esses m\u00e9todos e procedimentos.<br \/>9. Os saques de contas de negocia\u00e7\u00e3o que nunca tiveram negocia\u00e7\u00f5es ativas ser\u00e3o cobrados a uma taxa de 30% para cobrir os custos de processamento e administrativos.<br \/>10. Scalping: Uma estrat\u00e9gia de negocia\u00e7\u00e3o por meio da qual o trader (Scalper \/ Pip Hunter) tenta tirar vantagem de pequenos movimentos de pre\u00e7os e faixas estreitas, fazendo muitas transa\u00e7\u00f5es em pequenas mudan\u00e7as de pre\u00e7o em um pequeno intervalo de tempo. Caso go4rex.com classifique um cliente como scalper ou pip hunter \u2013 o que a empresa n\u00e3o permite, a empresa pode, a seu exclusivo crit\u00e9rio e sem aviso pr\u00e9vio por escrito, tomar uma das seguintes a\u00e7\u00f5es:<\/p><p>\u2013 Rescindir o contrato entre o cliente e go4rex.com.<br \/>\u2013 Encerrar qualquer uma ou todas as posi\u00e7\u00f5es abertas do Cliente aos pre\u00e7os de mercado atuais.<br \/>\u2013 D\u00e9bito da (s) Conta (s) do Cliente pelos valores que s\u00e3o devidos \u00e0 Empresa.<br \/>\u2013 Close any or all of the Client Accounts held with the Company.<br \/>\u2013 Combine client accounts; consolidate the balances in such client accounts and offset those balances.<br \/>\u2013 Refuse to open new Client accounts for the Client<br \/>\u2013 Withhold deposited funds indefinitely.<\/p><p>11.Por motivos de seguran\u00e7a, n\u00e3o podemos aceitar ou processar a solicita\u00e7\u00e3o de retirada por e-mail. O cliente deve fazer login em sua conta e solicitar um reembolso por ele mesmo. A solicita\u00e7\u00e3o de retirada ou reembolso enviada por e-mail ser\u00e1 ignorada.<\/p><p>If you have any inquiries related to refund policy, please do not hesitate and contact us via the following E-mail address:\u00a0<a href=\"mailto:support@go4rex.com\">support@go4rex.com<\/a>\u00a0\/\u00a0<a href=\"mailto:compliance@go4rex.com\">compliance@go4rex.com<\/a>.<\/p>\t\t\t\t\t\t\t\t<\/div>\n\t\t\t\t<\/div>\n\t\t\t\t\t<\/div>\n\t\t<\/div>\n\t\t\t\t\t<\/div>\n\t\t<\/section>\n\t\t\t\t<\/div>\n\t\t","protected":false},"excerpt":{"rendered":"<p>POLITICA DE REEMBOLSO Em certas circunst\u00e2ncias excepcionais,\u00a0Go4rex\u00a0pode reembolsar pagamentos feitos por cart\u00e3o de cr\u00e9dito.Nesse caso, o valor ser\u00e1 devolvido \u00e0 fonte que foi utilizada para o dep\u00f3sito. 1. O Cliente tem o direito de encerrar sua conta a qualquer momento que desejar.A Empresa aprovar\u00e1 o encerramento da conta se:a. N\u00e3o h\u00e1 investimentos ativos colocados.b. N\u00e3o [&hellip;]<\/p>\n","protected":false},"author":7,"featured_media":0,"parent":0,"menu_order":0,"comment_status":"closed","ping_status":"closed","template":"","meta":{"footnotes":""},"class_list":["post-1872","page","type-page","status-publish","hentry"],"_links":{"self":[{"href":"https:\/\/go4rex.com\/pt-br\/wp-json\/wp\/v2\/pages\/1872","targetHints":{"allow":["GET"]}}],"collection":[{"href":"https:\/\/go4rex.com\/pt-br\/wp-json\/wp\/v2\/pages"}],"about":[{"href":"https:\/\/go4rex.com\/pt-br\/wp-json\/wp\/v2\/types\/page"}],"author":[{"embeddable":true,"href":"https:\/\/go4rex.com\/pt-br\/wp-json\/wp\/v2\/users\/7"}],"replies":[{"embeddable":true,"href":"https:\/\/go4rex.com\/pt-br\/wp-json\/wp\/v2\/comments?post=1872"}],"version-history":[{"count":7,"href":"https:\/\/go4rex.com\/pt-br\/wp-json\/wp\/v2\/pages\/1872\/revisions"}],"predecessor-version":[{"id":2693,"href":"https:\/\/go4rex.com\/pt-br\/wp-json\/wp\/v2\/pages\/1872\/revisions\/2693"}],"wp:attachment":[{"href":"https:\/\/go4rex.com\/pt-br\/wp-json\/wp\/v2\/media?parent=1872"}],"curies":[{"name":"wp","href":"https:\/\/api.w.org\/{rel}","templated":true}]}}