{"id":1861,"date":"2021-12-05T17:24:09","date_gmt":"2021-12-05T17:24:09","guid":{"rendered":"https:\/\/go4rex.com\/privacy-policy\/"},"modified":"2021-12-08T12:01:53","modified_gmt":"2021-12-08T12:01:53","slug":"privacy-policy","status":"publish","type":"page","link":"https:\/\/go4rex.com\/pt-br\/privacy-policy\/","title":{"rendered":"Pol\u00edtica de Privacidade"},"content":{"rendered":"\t\t<div data-elementor-type=\"wp-page\" data-elementor-id=\"1861\" class=\"elementor elementor-1861 elementor-1066\" data-elementor-post-type=\"page\">\n\t\t\t\t\t\t<section class=\"ob-is-breaking-bad elementor-section elementor-top-section elementor-element elementor-element-1f40c1d elementor-section-height-min-height elementor-section-boxed elementor-section-height-default elementor-section-items-middle\" data-id=\"1f40c1d\" data-element_type=\"section\" data-e-type=\"section\" data-settings=\"{&quot;background_background&quot;:&quot;classic&quot;,&quot;_ob_bbad_use_it&quot;:&quot;yes&quot;,&quot;_ob_bbad_sssic_use&quot;:&quot;no&quot;,&quot;_ob_glider_is_slider&quot;:&quot;no&quot;}\">\n\t\t\t\t\t\t\t<div class=\"elementor-background-overlay\"><\/div>\n\t\t\t\t\t\t\t<div class=\"elementor-container elementor-column-gap-default\">\n\t\t\t\t\t<div class=\"elementor-column elementor-col-100 elementor-top-column elementor-element elementor-element-5ae4c88\" data-id=\"5ae4c88\" data-element_type=\"column\" data-e-type=\"column\" data-settings=\"{&quot;_ob_bbad_is_stalker&quot;:&quot;no&quot;,&quot;_ob_teleporter_use&quot;:false,&quot;_ob_column_hoveranimator&quot;:&quot;no&quot;,&quot;_ob_column_has_pseudo&quot;:&quot;no&quot;}\">\n\t\t\t<div class=\"elementor-widget-wrap elementor-element-populated\">\n\t\t\t\t\t\t<div class=\"elementor-element elementor-element-077c1c8 ob-harakiri-inherit ob-has-background-overlay elementor-widget elementor-widget-heading\" data-id=\"077c1c8\" data-element_type=\"widget\" data-e-type=\"widget\" data-settings=\"{&quot;_ob_use_harakiri&quot;:&quot;yes&quot;,&quot;_ob_harakiri_writing_mode&quot;:&quot;inherit&quot;,&quot;_ob_harakiri_text_clip&quot;:&quot;none&quot;,&quot;_ob_perspektive_use&quot;:&quot;no&quot;,&quot;_ob_poopart_use&quot;:&quot;yes&quot;,&quot;_ob_shadough_use&quot;:&quot;no&quot;,&quot;_ob_allow_hoveranimator&quot;:&quot;no&quot;,&quot;_ob_widget_stalker_use&quot;:&quot;no&quot;}\" data-widget_type=\"heading.default\">\n\t\t\t\t<div class=\"elementor-widget-container\">\n\t\t\t\t\t<h1 class=\"elementor-heading-title elementor-size-default\">Pol\u00edtica de Privacidad<\/h1>\t\t\t\t<\/div>\n\t\t\t\t<\/div>\n\t\t\t\t<div class=\"elementor-element elementor-element-7640125 ob-harakiri-inherit ob-has-background-overlay elementor-widget elementor-widget-heading\" data-id=\"7640125\" data-element_type=\"widget\" data-e-type=\"widget\" data-settings=\"{&quot;_ob_use_harakiri&quot;:&quot;yes&quot;,&quot;_ob_harakiri_writing_mode&quot;:&quot;inherit&quot;,&quot;_ob_harakiri_text_clip&quot;:&quot;none&quot;,&quot;_ob_perspektive_use&quot;:&quot;no&quot;,&quot;_ob_poopart_use&quot;:&quot;yes&quot;,&quot;_ob_shadough_use&quot;:&quot;no&quot;,&quot;_ob_allow_hoveranimator&quot;:&quot;no&quot;,&quot;_ob_widget_stalker_use&quot;:&quot;no&quot;}\" data-widget_type=\"heading.default\">\n\t\t\t\t<div class=\"elementor-widget-container\">\n\t\t\t\t\t<h1 class=\"elementor-heading-title elementor-size-default\">Nossa ampla pol\u00edtica de prote\u00e7\u00e3o de dados reflete nossos padr\u00f5es de seguran\u00e7a de ponta.<\/h1>\t\t\t\t<\/div>\n\t\t\t\t<\/div>\n\t\t\t\t<div class=\"elementor-element elementor-element-8bfc7ff elementor-align-center ob-has-background-overlay elementor-widget elementor-widget-breadcrumbs\" data-id=\"8bfc7ff\" data-element_type=\"widget\" data-e-type=\"widget\" data-settings=\"{&quot;_ob_perspektive_use&quot;:&quot;no&quot;,&quot;_ob_poopart_use&quot;:&quot;yes&quot;,&quot;_ob_shadough_use&quot;:&quot;no&quot;,&quot;_ob_allow_hoveranimator&quot;:&quot;no&quot;,&quot;_ob_widget_stalker_use&quot;:&quot;no&quot;}\" data-widget_type=\"breadcrumbs.default\">\n\t\t\t\t<div class=\"elementor-widget-container\">\n\t\t\t\t\t<nav aria-label=\"breadcrumbs\" class=\"rank-math-breadcrumb\"><p><span class=\"last\">Home<\/span><\/p><\/nav>\t\t\t\t<\/div>\n\t\t\t\t<\/div>\n\t\t\t\t\t<\/div>\n\t\t<\/div>\n\t\t\t\t\t<\/div>\n\t\t<\/section>\n\t\t\t\t<section class=\"ob-is-breaking-bad elementor-section elementor-top-section elementor-element elementor-element-9e7bc3f elementor-section-boxed elementor-section-height-default elementor-section-height-default\" data-id=\"9e7bc3f\" data-element_type=\"section\" data-e-type=\"section\" data-settings=\"{&quot;_ob_bbad_use_it&quot;:&quot;yes&quot;,&quot;_ob_bbad_sssic_use&quot;:&quot;no&quot;,&quot;_ob_glider_is_slider&quot;:&quot;no&quot;}\">\n\t\t\t\t\t\t<div class=\"elementor-container elementor-column-gap-default\">\n\t\t\t\t\t<div class=\"elementor-column elementor-col-100 elementor-top-column elementor-element elementor-element-42e45a6\" data-id=\"42e45a6\" data-element_type=\"column\" data-e-type=\"column\" data-settings=\"{&quot;_ob_bbad_is_stalker&quot;:&quot;no&quot;,&quot;_ob_teleporter_use&quot;:false,&quot;_ob_column_hoveranimator&quot;:&quot;no&quot;,&quot;_ob_column_has_pseudo&quot;:&quot;no&quot;}\">\n\t\t\t<div class=\"elementor-widget-wrap elementor-element-populated\">\n\t\t\t\t\t\t<div class=\"elementor-element elementor-element-937be09 ob-harakiri-inherit ob-has-background-overlay elementor-widget elementor-widget-text-editor\" data-id=\"937be09\" data-element_type=\"widget\" data-e-type=\"widget\" data-settings=\"{&quot;_ob_use_harakiri&quot;:&quot;yes&quot;,&quot;_ob_harakiri_writing_mode&quot;:&quot;inherit&quot;,&quot;_ob_postman_use&quot;:&quot;no&quot;,&quot;_ob_perspektive_use&quot;:&quot;no&quot;,&quot;_ob_poopart_use&quot;:&quot;yes&quot;,&quot;_ob_shadough_use&quot;:&quot;no&quot;,&quot;_ob_allow_hoveranimator&quot;:&quot;no&quot;,&quot;_ob_widget_stalker_use&quot;:&quot;no&quot;}\" data-widget_type=\"text-editor.default\">\n\t\t\t\t<div class=\"elementor-widget-container\">\n\t\t\t\t\t\t\t\t\t<p><strong>Go4rex<\/strong>\u00a0garante que todos os dados pessoais est\u00e3o protegidos em todos os momentos, seja para clientes potenciais, reais ou retirados. A Pol\u00edtica de Privacidade abaixo descreve e explica como Go4rex lida com a coleta, gerenciamento e prote\u00e7\u00e3o de informa\u00e7\u00f5es confidenciais do Cliente. A Go4rex leva a seguran\u00e7a muito a s\u00e9rio e adota as melhores pr\u00e1ticas da ind\u00fastria e da tecnologia da informa\u00e7\u00e3o para proteger suas informa\u00e7\u00f5es pessoais e garante que seu direito \u00e0 privacidade n\u00e3o seja infringido de forma alguma e n\u00e3o seja acessado por pessoas n\u00e3o autorizadas.<\/p><p>\u00a0<\/p><p><strong>1. Nosso compromisso com voc\u00ea<\/strong><\/p><p>Compreendemos a import\u00e2ncia de manter a confidencialidade e privacidade de suas informa\u00e7\u00f5es. Ao confiar-nos as suas informa\u00e7\u00f5es, gostar\u00edamos de lhe assegurar o nosso compromisso de manter essas informa\u00e7\u00f5es privadas. Tomamos medidas mensur\u00e1veis para proteger a confidencialidade, seguran\u00e7a e integridade de suas informa\u00e7\u00f5es.<\/p><p>\u00a0<\/p><p><strong>2. Coleta de informa\u00e7\u00f5es<\/strong><\/p><p>Se voc\u00ea decidir se inscrever para abrir uma conta conosco e, portanto, tornar-se nosso cliente, h\u00e1 certas informa\u00e7\u00f5es que solicitaremos de voc\u00ea para faz\u00ea-lo.<\/p><p>Podemos coletar suas informa\u00e7\u00f5es diretamente de voc\u00ea (no formul\u00e1rio de inscri\u00e7\u00e3o de abertura de conta preenchido ou de outra forma) ou de outras pessoas, incluindo, por exemplo, ag\u00eancias de refer\u00eancia de cr\u00e9dito, ag\u00eancias de preven\u00e7\u00e3o de fraude, bancos, outras institui\u00e7\u00f5es financeiras, terceiros provedores de servi\u00e7os de autentica\u00e7\u00e3o e os provedores de registros p\u00fablicos. Essas informa\u00e7\u00f5es incluem, mas n\u00e3o se limitam a detalhes pessoais, como nome, endere\u00e7o, data de nascimento, detalhes de contato, detalhes de pagamento, incluindo cart\u00e3o de cr\u00e9dito, cart\u00e3o de d\u00e9bito e detalhes de conta banc\u00e1ria e outras informa\u00e7\u00f5es financeiras necess\u00e1rias.<\/p><p>Tamb\u00e9m podemos coletar suas informa\u00e7\u00f5es em rela\u00e7\u00e3o ao uso de nosso (s) site (s), como p\u00e1ginas visitadas, frequ\u00eancia, dura\u00e7\u00e3o da visita e atividades comerciais.<\/p><p>De vez em quando, tamb\u00e9m podemos solicitar mais informa\u00e7\u00f5es para nos ajudar a melhorar nosso Servi\u00e7o para voc\u00ea (se voc\u00ea for nosso Cliente) ou nossas atividades (se voc\u00ea for nosso Provedor de Dados de Negocia\u00e7\u00e3o) sob nosso Acordo relevante, conforme o caso, ou cumprir com os regulamentos aplic\u00e1veis.<\/p><p>\u00a0<\/p><p><strong>3. Uso das informa\u00e7\u00f5es<\/strong><\/p><p>Usaremos, armazenaremos, processaremos e trataremos Suas Informa\u00e7\u00f5es Pessoais (no caso de voc\u00ea ser uma pessoa f\u00edsica) em conex\u00e3o com a promo\u00e7\u00e3o do Contrato entre n\u00f3s, de acordo com a Lei de Processamento de Dados Pessoais (Prote\u00e7\u00e3o do Indiv\u00edduo) de 2001, conforme alterada ou substitu\u00edda de tempos em tempos.<\/p><p>Suas informa\u00e7\u00f5es (que n\u00e3o sejam de dom\u00ednio p\u00fablico ou j\u00e1 possu\u00eddas por n\u00f3s sem o dever de confidencialidade) que mantemos devem ser tratadas por n\u00f3s como confidenciais e n\u00e3o ser\u00e3o usadas para qualquer outra finalidade que n\u00e3o seja em conex\u00e3o com o fornecimento, administra\u00e7\u00e3o e melhoria de nossos Servi\u00e7os para voc\u00ea ou a promo\u00e7\u00e3o de nosso Acordo entre n\u00f3s, estabelecendo e gerenciando sua conta ou um relacionamento entre n\u00f3s, revisando suas necessidades cont\u00ednuas, aprimorando o atendimento ao cliente e produtos, dando-lhe informa\u00e7\u00f5es cont\u00ednuas ou oportunidades que acreditamos ser relevantes para voc\u00ea, melhorando nosso relacionamento, combate \u00e0 lavagem de dinheiro e verifica\u00e7\u00f5es de due diligence, para fins de pesquisa e estat\u00edstica e para fins de marketing (conforme Acordo entre n\u00f3s), conforme aplic\u00e1vel.<\/p><p>Ao celebrar um Acordo conosco (para se tornar nosso Cliente), voc\u00ea estar\u00e1 consentindo com a transmiss\u00e3o de Suas Informa\u00e7\u00f5es Pessoais para fora do Espa\u00e7o Econ\u00f4mico Europeu, de acordo com as disposi\u00e7\u00f5es da Lei de Processamento de Dados Pessoais (Prote\u00e7\u00e3o do Indiv\u00edduo) de 2001.<\/p><p>\u00a0<\/p><p><strong>4. Entrando em contato com voc\u00ea<\/strong><\/p><p>Podemos, com a finalidade de administrar os termos do nosso Acordo entre n\u00f3s, de tempos em tempos, fazer contato direto com voc\u00ea por telefone, fax, e-mail ou correio.<\/p><p>Se voc\u00ea concordar, n\u00f3s ou qualquer uma de nossas Afiliadas da Empresa ou qualquer outra empresa em nosso grupo pode entrar em contato com voc\u00ea de tempos em tempos, por telefone, fax, e-mail ou correio para fins de marketing para chamar sua aten\u00e7\u00e3o para produtos ou servi\u00e7os que podem ser do seu interesse ou para conduzir pesquisas de mercado.<\/p><p>\u00a0<\/p><p><strong>5. Divulga\u00e7\u00e3o de informa\u00e7\u00f5es<\/strong><\/p><p>De acordo com o Acordo entre n\u00f3s, temos o direito de divulgar suas informa\u00e7\u00f5es (incluindo grava\u00e7\u00f5es e documentos de natureza confidencial, detalhes do cart\u00e3o) em determinadas circunst\u00e2ncias. De acordo com o acordo entre n\u00f3s, suas informa\u00e7\u00f5es podem ser divulgadas:<\/p><ol type=\"a\"><li>Quando exigido por lei ou ordem judicial de Tribunal competente.<\/li><li>Quando solicitado pela Autoridade de Servi\u00e7os Financeiros das Seychelles ou qualquer outra autoridade reguladora com controle ou jurisdi\u00e7\u00e3o sobre a Empresa ou o Cliente ou seus associados ou em cujo territ\u00f3rio a Empresa tenha Clientes.<\/li><li>\u00c0s autoridades competentes para investigar ou prevenir fraude, lavagem de dinheiro ou outra atividade ilegal.<\/li><li>Na medida razoavelmente necess\u00e1ria para a execu\u00e7\u00e3o dos Pedidos e para fins auxiliares \u00e0 presta\u00e7\u00e3o dos Servi\u00e7os.<\/li><li>\u00c0s ag\u00eancias de refer\u00eancia de cr\u00e9dito e preven\u00e7\u00e3o de fraude, terceiros prestadores de servi\u00e7os de autentica\u00e7\u00e3o, bancos e outras institui\u00e7\u00f5es financeiras para verifica\u00e7\u00e3o de cr\u00e9dito, preven\u00e7\u00e3o de fraude, combate \u00e0 lavagem de dinheiro, verifica\u00e7\u00e3o de identifica\u00e7\u00e3o ou due diligence do Cliente. Para fazer isso, eles podem verificar os dados fornecidos pelo Cliente em rela\u00e7\u00e3o a quaisquer informa\u00e7\u00f5es em qualquer banco de dados (p\u00fablico ou n\u00e3o) ao qual tenham acesso. Eles tamb\u00e9m podem usar os detalhes do Cliente no futuro para ajudar outras empresas para fins de verifica\u00e7\u00e3o. Um registro da pesquisa ser\u00e1 retido pela Empresa.<\/li><li>Aos consultores profissionais da Empresa, desde que, em cada caso, o profissional relevante seja informado sobre a natureza confidencial de tais informa\u00e7\u00f5es e se comprometa tamb\u00e9m com as obriga\u00e7\u00f5es aqui contidas.<\/li><li>Para outros provedores de servi\u00e7os que criam, mant\u00eam ou processam bancos de dados (eletr\u00f4nicos ou n\u00e3o), oferecem servi\u00e7os de manuten\u00e7\u00e3o de registros, servi\u00e7os de transmiss\u00e3o de e-mail, servi\u00e7os de mensagens ou servi\u00e7os semelhantes que visam ajudar a Empresa a coletar, armazenar, processar e usar informa\u00e7\u00f5es do Cliente ou entrar em contato com o Cliente ou melhorar a presta\u00e7\u00e3o dos Servi\u00e7os sob este Acordo.<\/li><li>Para um reposit\u00f3rio de transa\u00e7\u00f5es ou similar ao abrigo do Regulamento (UE) n.\u00ba 648\/2012 do Parlamento Europeu e do Conselho, de 4 de julho de 2012, sobre derivados OTC, contrapartes centrais (CCP) e reposit\u00f3rios de transa\u00e7\u00f5es (TR) (EMIR).<\/li><li>Para outros prestadores de servi\u00e7os para fins estat\u00edsticos, a fim de melhorar o marketing da Empresa, em tal caso, os dados ser\u00e3o fornecidos de forma agregada.<\/li><li>Para call centers de pesquisa de mercado que disponibilizem pesquisas por telefone ou e-mail com o objetivo de melhorar os servi\u00e7os da Empresa, neste caso apenas ser\u00e3o fornecidos os dados de contato dos mesmos.<\/li><li>Quando necess\u00e1rio, para que a Empresa defenda ou exer\u00e7a seus direitos legais perante qualquer tribunal ou \u00e1rbitro, Ouvidor ou autoridade governamental.<\/li><li>A pedido do cliente ou com o consentimento do cliente.<\/li><li>Para uma Afiliada da Empresa ou qualquer outra empresa do mesmo grupo da Empresa.<\/li><li>Aos sucessores ou cession\u00e1rios ou cession\u00e1rios ou compradores, com dez Dias \u00dateis de Notifica\u00e7\u00e3o por Escrito ao Cliente.<\/li><\/ol><p>\u00a0<\/p><p><strong>6. Medidas de salvaguarda<\/strong><\/p><p>\u00a0<\/p><p>Suas informa\u00e7\u00f5es s\u00e3o armazenadas em servidores seguros.<\/p><p>Limitamos o acesso de suas informa\u00e7\u00f5es apenas aos funcion\u00e1rios ou parceiros que precisam saber as informa\u00e7\u00f5es, a fim de permitir a execu\u00e7\u00e3o do acordo entre n\u00f3s.<\/p><p>Temos procedimentos em vigor sobre como proteger e usar suas informa\u00e7\u00f5es, por exemplo, solicitando aos nossos afiliados e funcion\u00e1rios que mantenham a confidencialidade de suas informa\u00e7\u00f5es.<\/p><p>N\u00e3o guardaremos suas informa\u00e7\u00f5es por mais tempo do que o necess\u00e1rio. Em muitos casos, as informa\u00e7\u00f5es devem ser mantidas por per\u00edodos consider\u00e1veis \u200b\u200bde tempo. Os per\u00edodos de reten\u00e7\u00e3o ser\u00e3o determinados levando em considera\u00e7\u00e3o o tipo de informa\u00e7\u00e3o que \u00e9 coletada e a finalidade para a qual ela \u00e9 coletada, tendo em mente os requisitos aplic\u00e1veis \u200b\u200b\u00e0 situa\u00e7\u00e3o e a necessidade de destruir informa\u00e7\u00f5es desatualizadas e n\u00e3o utilizadas o mais r\u00e1pido poss\u00edvel. De acordo com os Regulamentos Aplic\u00e1veis, manteremos registros contendo dados pessoais do Cliente, informa\u00e7\u00f5es comerciais, documentos de abertura de conta, comunica\u00e7\u00f5es e qualquer outra coisa que se relacione com o Cliente por pelo menos cinco anos ap\u00f3s a rescis\u00e3o do Acordo entre n\u00f3s. Em qualquer caso, manteremos suas informa\u00e7\u00f5es durante o per\u00edodo das Leis de Limita\u00e7\u00e3o de A\u00e7\u00f5es aplic\u00e1veis, no m\u00ednimo.<\/p><p>Embora envidemos todos os esfor\u00e7os razo\u00e1veis \u200b\u200bpara proteger suas informa\u00e7\u00f5es. Voc\u00ea reconhece que o uso da Internet n\u00e3o \u00e9 totalmente seguro e, por esse motivo, n\u00e3o podemos garantir a seguran\u00e7a ou integridade de quaisquer dados pessoais transferidos de voc\u00ea ou para voc\u00ea atrav\u00e9s da Internet.<\/p><p>\u00a0<\/p><p><strong>7. Mudan\u00e7a de Informa\u00e7\u00e3o<\/strong><\/p><p>\u00a0<\/p><p>Voc\u00ea pode informar a empresa a qualquer momento que suas informa\u00e7\u00f5es foram alteradas ou que deseja que a empresa exclua as informa\u00e7\u00f5es que mantemos sobre voc\u00ea, enviando-nos um e-mail para\u00a0<a href=\"mailto:support@go4rex.com\"><strong>support@go4rex.com<\/strong><\/a>. Iremos alterar ou excluir suas informa\u00e7\u00f5es de acordo com suas instru\u00e7\u00f5es, exceto na medida em que sejamos obrigados a manter suas informa\u00e7\u00f5es para fins regulamentares ou legais, para fornecer a voc\u00ea os servi\u00e7os que voc\u00ea solicitou ou para manter registros comerciais adequados.<\/p><p>\u00a0<\/p><p><strong>8. Direito de Acesso<\/strong><\/p><p>De acordo com a Lei de Processamento de Dados Pessoais (Prote\u00e7\u00e3o do Indiv\u00edduo) de 2001, conforme alterada ou substitu\u00edda de tempos em tempos, voc\u00ea, como pessoa f\u00edsica, tem o direito de obter uma c\u00f3pia de qualquer informa\u00e7\u00e3o pessoal que tenhamos sobre voc\u00ea e de nos aconselhar de qualquer imprecis\u00e3o percebida.<br \/>Para fazer um pedido, contacte-nos, verificando a sua identidade e especificando as informa\u00e7\u00f5es de que necessita. Podemos cobrar uma taxa administrativa.<br \/>Voc\u00ea pode nos contatar por e-mail.<\/p><p><strong>9. Perguntas<\/strong><\/p><p>Se voc\u00ea tiver alguma d\u00favida sobre esta pol\u00edtica, desejar acessar ou alterar suas informa\u00e7\u00f5es ou tiver uma reclama\u00e7\u00e3o, ou se tiver alguma d\u00favida sobre seguran\u00e7a em nosso site, pode nos enviar um e-mail.<\/p><p><strong>10. Atualiza\u00e7\u00e3o desta Pol\u00edtica<\/strong><\/p><p>Esta pol\u00edtica est\u00e1 sujeita a altera\u00e7\u00f5es sem aviso pr\u00e9vio. Por este motivo, \u00e9 aconselh\u00e1vel procurar atualiza\u00e7\u00f5es de vez em quando.<\/p>\t\t\t\t\t\t\t\t<\/div>\n\t\t\t\t<\/div>\n\t\t\t\t\t<\/div>\n\t\t<\/div>\n\t\t\t\t\t<\/div>\n\t\t<\/section>\n\t\t\t\t<\/div>\n\t\t","protected":false},"excerpt":{"rendered":"<p>Pol\u00edtica de Privacidad Nossa ampla pol\u00edtica de prote\u00e7\u00e3o de dados reflete nossos padr\u00f5es de seguran\u00e7a de ponta. Go4rex\u00a0garante que todos os dados pessoais est\u00e3o protegidos em todos os momentos, seja para clientes potenciais, reais ou retirados. A Pol\u00edtica de Privacidade abaixo descreve e explica como Go4rex lida com a coleta, gerenciamento e prote\u00e7\u00e3o de informa\u00e7\u00f5es [&hellip;]<\/p>\n","protected":false},"author":7,"featured_media":0,"parent":0,"menu_order":0,"comment_status":"closed","ping_status":"closed","template":"","meta":{"footnotes":""},"class_list":["post-1861","page","type-page","status-publish","hentry"],"_links":{"self":[{"href":"https:\/\/go4rex.com\/pt-br\/wp-json\/wp\/v2\/pages\/1861","targetHints":{"allow":["GET"]}}],"collection":[{"href":"https:\/\/go4rex.com\/pt-br\/wp-json\/wp\/v2\/pages"}],"about":[{"href":"https:\/\/go4rex.com\/pt-br\/wp-json\/wp\/v2\/types\/page"}],"author":[{"embeddable":true,"href":"https:\/\/go4rex.com\/pt-br\/wp-json\/wp\/v2\/users\/7"}],"replies":[{"embeddable":true,"href":"https:\/\/go4rex.com\/pt-br\/wp-json\/wp\/v2\/comments?post=1861"}],"version-history":[{"count":4,"href":"https:\/\/go4rex.com\/pt-br\/wp-json\/wp\/v2\/pages\/1861\/revisions"}],"predecessor-version":[{"id":1865,"href":"https:\/\/go4rex.com\/pt-br\/wp-json\/wp\/v2\/pages\/1861\/revisions\/1865"}],"wp:attachment":[{"href":"https:\/\/go4rex.com\/pt-br\/wp-json\/wp\/v2\/media?parent=1861"}],"curies":[{"name":"wp","href":"https:\/\/api.w.org\/{rel}","templated":true}]}}