{"id":1839,"date":"2021-04-14T07:28:42","date_gmt":"2021-04-14T07:28:42","guid":{"rendered":"https:\/\/go4rex.com\/kyc-policy\/"},"modified":"2021-12-08T11:43:48","modified_gmt":"2021-12-08T11:43:48","slug":"kyc-policy","status":"publish","type":"page","link":"https:\/\/go4rex.com\/pt-br\/kyc-policy\/","title":{"rendered":"Pol\u00edtica KYC"},"content":{"rendered":"\t\t<div data-elementor-type=\"wp-page\" data-elementor-id=\"1839\" class=\"elementor elementor-1839 elementor-522\" data-elementor-post-type=\"page\">\n\t\t\t\t\t\t<section class=\"ob-is-breaking-bad elementor-section elementor-top-section elementor-element elementor-element-5fceb4c elementor-section-height-min-height elementor-section-boxed elementor-section-height-default elementor-section-items-middle\" data-id=\"5fceb4c\" data-element_type=\"section\" data-e-type=\"section\" data-settings=\"{&quot;background_background&quot;:&quot;classic&quot;,&quot;_ob_bbad_use_it&quot;:&quot;yes&quot;,&quot;_ob_bbad_sssic_use&quot;:&quot;no&quot;,&quot;_ob_glider_is_slider&quot;:&quot;no&quot;}\">\n\t\t\t\t\t\t\t<div class=\"elementor-background-overlay\"><\/div>\n\t\t\t\t\t\t\t<div class=\"elementor-container elementor-column-gap-default\">\n\t\t\t\t\t<div class=\"elementor-column elementor-col-100 elementor-top-column elementor-element elementor-element-7011874\" data-id=\"7011874\" data-element_type=\"column\" data-e-type=\"column\" data-settings=\"{&quot;_ob_bbad_is_stalker&quot;:&quot;no&quot;,&quot;_ob_teleporter_use&quot;:false,&quot;_ob_column_hoveranimator&quot;:&quot;no&quot;,&quot;_ob_column_has_pseudo&quot;:&quot;no&quot;}\">\n\t\t\t<div class=\"elementor-widget-wrap elementor-element-populated\">\n\t\t\t\t\t\t<div class=\"elementor-element elementor-element-c3be8db ob-harakiri-inherit ob-has-background-overlay elementor-widget elementor-widget-text-editor\" data-id=\"c3be8db\" data-element_type=\"widget\" data-e-type=\"widget\" data-settings=\"{&quot;_ob_use_harakiri&quot;:&quot;yes&quot;,&quot;_ob_harakiri_writing_mode&quot;:&quot;inherit&quot;,&quot;_ob_postman_use&quot;:&quot;no&quot;,&quot;_ob_perspektive_use&quot;:&quot;no&quot;,&quot;_ob_poopart_use&quot;:&quot;yes&quot;,&quot;_ob_shadough_use&quot;:&quot;no&quot;,&quot;_ob_allow_hoveranimator&quot;:&quot;no&quot;,&quot;_ob_widget_stalker_use&quot;:&quot;no&quot;}\" data-widget_type=\"text-editor.default\">\n\t\t\t\t<div class=\"elementor-widget-container\">\n\t\t\t\t\t\t\t\t\t<section><div class=\"innerHeader\"><div class=\"container\"><div class=\"innerHeader__title-sub\">Informa\u00e7\u00f5es de verifica\u00e7\u00e3o do cliente<\/div><\/div><\/div><\/section>\t\t\t\t\t\t\t\t<\/div>\n\t\t\t\t<\/div>\n\t\t\t\t<div class=\"elementor-element elementor-element-71422d2 elementor-align-center ob-has-background-overlay elementor-widget elementor-widget-breadcrumbs\" data-id=\"71422d2\" data-element_type=\"widget\" data-e-type=\"widget\" data-settings=\"{&quot;_ob_perspektive_use&quot;:&quot;no&quot;,&quot;_ob_poopart_use&quot;:&quot;yes&quot;,&quot;_ob_shadough_use&quot;:&quot;no&quot;,&quot;_ob_allow_hoveranimator&quot;:&quot;no&quot;,&quot;_ob_widget_stalker_use&quot;:&quot;no&quot;}\" data-widget_type=\"breadcrumbs.default\">\n\t\t\t\t<div class=\"elementor-widget-container\">\n\t\t\t\t\t<nav aria-label=\"breadcrumbs\" class=\"rank-math-breadcrumb\"><p><span class=\"last\">Home<\/span><\/p><\/nav>\t\t\t\t<\/div>\n\t\t\t\t<\/div>\n\t\t\t\t\t<\/div>\n\t\t<\/div>\n\t\t\t\t\t<\/div>\n\t\t<\/section>\n\t\t\t\t<section class=\"ob-is-breaking-bad elementor-section elementor-top-section elementor-element elementor-element-4710553 elementor-section-boxed elementor-section-height-default elementor-section-height-default\" data-id=\"4710553\" data-element_type=\"section\" data-e-type=\"section\" data-settings=\"{&quot;_ob_bbad_use_it&quot;:&quot;yes&quot;,&quot;_ob_bbad_sssic_use&quot;:&quot;no&quot;,&quot;_ob_glider_is_slider&quot;:&quot;no&quot;}\">\n\t\t\t\t\t\t<div class=\"elementor-container elementor-column-gap-default\">\n\t\t\t\t\t<div class=\"elementor-column elementor-col-100 elementor-top-column elementor-element elementor-element-930e92f\" data-id=\"930e92f\" data-element_type=\"column\" data-e-type=\"column\" data-settings=\"{&quot;_ob_bbad_is_stalker&quot;:&quot;no&quot;,&quot;_ob_teleporter_use&quot;:false,&quot;_ob_column_hoveranimator&quot;:&quot;no&quot;,&quot;_ob_column_has_pseudo&quot;:&quot;no&quot;}\">\n\t\t\t<div class=\"elementor-widget-wrap elementor-element-populated\">\n\t\t\t\t\t\t<div class=\"elementor-element elementor-element-4654cb3 ob-harakiri-inherit ob-has-background-overlay elementor-widget elementor-widget-text-editor\" data-id=\"4654cb3\" data-element_type=\"widget\" data-e-type=\"widget\" data-settings=\"{&quot;_ob_use_harakiri&quot;:&quot;yes&quot;,&quot;_ob_harakiri_writing_mode&quot;:&quot;inherit&quot;,&quot;_ob_postman_use&quot;:&quot;no&quot;,&quot;_ob_perspektive_use&quot;:&quot;no&quot;,&quot;_ob_poopart_use&quot;:&quot;yes&quot;,&quot;_ob_shadough_use&quot;:&quot;no&quot;,&quot;_ob_allow_hoveranimator&quot;:&quot;no&quot;,&quot;_ob_widget_stalker_use&quot;:&quot;no&quot;}\" data-widget_type=\"text-editor.default\">\n\t\t\t\t<div class=\"elementor-widget-container\">\n\t\t\t\t\t\t\t\t\t<p>Para verificar sua conta, prevenir fraude, lavagem de dinheiro e permitir saques, precisamos que voc\u00ea nos envie um documento de cada categoria:<\/p><p>\u00a0<\/p><p>Prova de identidade (deve ser um documento oficial do governo).<\/p><ul><li>Passaporte (inclui p\u00e1gina de assinatura).<\/li><li>ID (frente e verso).<\/li><li>Carteira de habilita\u00e7\u00e3o (frente e verso).<\/li><\/ul><p>\u00a0<\/p><p>Comprovante de endere\u00e7o em seu nome nos \u00faltimos 3 meses.<\/p><ul><li>Extrato banc\u00e1rio \/ Extrato de cart\u00e3o de cr\u00e9dito.<\/li><li>Conta de Eletricidade \/ \u00c1gua \/ G\u00e1s.<\/li><li>Imposto \/ Seguro \/ Conta Municipal.<\/li><li>Conta de Internet \/ Telefone Fixo.<\/li><\/ul><p>\u00a0<\/p><p>Todos os cart\u00f5es de cr\u00e9dito \/ d\u00e9bito com os quais voc\u00ea fez o dep\u00f3sito.<\/p><p>Na frente, os 4 \u00faltimos d\u00edgitos, o nome completo e a data de validade devem estar vis\u00edveis.<br \/>No verso, a assinatura deve ser vis\u00edvel, o CVV deve ser coberto.<\/p><ul><li>Declara\u00e7\u00e3o de dep\u00f3sito \u2013 assinada, digitalizada \/ ilustrada \/ eletronicamente.<\/li><li>Acordo de Negocia\u00e7\u00e3o assinado pelo titular do Cart\u00e3o de Cr\u00e9dito \/ D\u00e9bito.<\/li><\/ul><p>\u00a0<\/p><p>* Todos os documentos devem estar em seu nome, em cores, claros e com todos os cantos vis\u00edveis.<br \/>** Se a conta do cliente n\u00e3o for verificada dentro de 30 dias do primeiro dep\u00f3sito, a conta ser\u00e1 cobrada por uma taxa mensal de 20 d\u00f3lares americanos.<br \/>*** A empresa reserva-se o direito de rejeitar documentos e solicitar c\u00f3pias diferentes ou adicionais sem maiores explica\u00e7\u00f5es.<br \/>**** Todos os documentos devem estar em nome do titular do cart\u00e3o de cr\u00e9dito \/ d\u00e9bito.<\/p>\t\t\t\t\t\t\t\t<\/div>\n\t\t\t\t<\/div>\n\t\t\t\t\t<\/div>\n\t\t<\/div>\n\t\t\t\t\t<\/div>\n\t\t<\/section>\n\t\t\t\t<\/div>\n\t\t","protected":false},"excerpt":{"rendered":"<p>Informa\u00e7\u00f5es de verifica\u00e7\u00e3o do cliente Para verificar sua conta, prevenir fraude, lavagem de dinheiro e permitir saques, precisamos que voc\u00ea nos envie um documento de cada categoria: \u00a0 Prova de identidade (deve ser um documento oficial do governo). Passaporte (inclui p\u00e1gina de assinatura). ID (frente e verso). Carteira de habilita\u00e7\u00e3o (frente e verso). \u00a0 Comprovante [&hellip;]<\/p>\n","protected":false},"author":7,"featured_media":0,"parent":0,"menu_order":0,"comment_status":"closed","ping_status":"closed","template":"","meta":{"footnotes":""},"class_list":["post-1839","page","type-page","status-publish","hentry"],"_links":{"self":[{"href":"https:\/\/go4rex.com\/pt-br\/wp-json\/wp\/v2\/pages\/1839","targetHints":{"allow":["GET"]}}],"collection":[{"href":"https:\/\/go4rex.com\/pt-br\/wp-json\/wp\/v2\/pages"}],"about":[{"href":"https:\/\/go4rex.com\/pt-br\/wp-json\/wp\/v2\/types\/page"}],"author":[{"embeddable":true,"href":"https:\/\/go4rex.com\/pt-br\/wp-json\/wp\/v2\/users\/7"}],"replies":[{"embeddable":true,"href":"https:\/\/go4rex.com\/pt-br\/wp-json\/wp\/v2\/comments?post=1839"}],"version-history":[{"count":4,"href":"https:\/\/go4rex.com\/pt-br\/wp-json\/wp\/v2\/pages\/1839\/revisions"}],"predecessor-version":[{"id":1844,"href":"https:\/\/go4rex.com\/pt-br\/wp-json\/wp\/v2\/pages\/1839\/revisions\/1844"}],"wp:attachment":[{"href":"https:\/\/go4rex.com\/pt-br\/wp-json\/wp\/v2\/media?parent=1839"}],"curies":[{"name":"wp","href":"https:\/\/api.w.org\/{rel}","templated":true}]}}