{"id":1783,"date":"2021-12-05T15:19:24","date_gmt":"2021-12-05T15:19:24","guid":{"rendered":"https:\/\/go4rex.com\/economic-calendar-2\/"},"modified":"2024-10-02T07:37:01","modified_gmt":"2024-10-02T07:37:01","slug":"economic-calendar","status":"publish","type":"page","link":"https:\/\/go4rex.com\/pt-br\/economic-calendar\/","title":{"rendered":"Calend\u00e1rio Econ\u00f3mico"},"content":{"rendered":"\t\t<div data-elementor-type=\"wp-page\" data-elementor-id=\"1783\" class=\"elementor elementor-1783 elementor-1012\" data-elementor-post-type=\"page\">\n\t\t\t\t\t\t<section class=\"ob-is-breaking-bad elementor-section elementor-top-section elementor-element elementor-element-f3574d6 elementor-section-height-min-height elementor-section-boxed elementor-section-height-default elementor-section-items-middle\" data-id=\"f3574d6\" data-element_type=\"section\" data-e-type=\"section\" data-settings=\"{&quot;background_background&quot;:&quot;classic&quot;,&quot;_ob_bbad_use_it&quot;:&quot;yes&quot;,&quot;_ob_bbad_sssic_use&quot;:&quot;no&quot;,&quot;_ob_glider_is_slider&quot;:&quot;no&quot;}\">\n\t\t\t\t\t\t\t<div class=\"elementor-background-overlay\"><\/div>\n\t\t\t\t\t\t\t<div class=\"elementor-container elementor-column-gap-default\">\n\t\t\t\t\t<div class=\"elementor-column elementor-col-100 elementor-top-column elementor-element elementor-element-006dd75\" data-id=\"006dd75\" data-element_type=\"column\" data-e-type=\"column\" data-settings=\"{&quot;_ob_bbad_is_stalker&quot;:&quot;no&quot;,&quot;_ob_teleporter_use&quot;:false,&quot;_ob_column_hoveranimator&quot;:&quot;no&quot;,&quot;_ob_column_has_pseudo&quot;:&quot;no&quot;}\">\n\t\t\t<div class=\"elementor-widget-wrap elementor-element-populated\">\n\t\t\t\t\t\t<div class=\"elementor-element elementor-element-729ce30 ob-harakiri-inherit ob-has-background-overlay elementor-widget elementor-widget-heading\" data-id=\"729ce30\" data-element_type=\"widget\" data-e-type=\"widget\" data-settings=\"{&quot;_ob_use_harakiri&quot;:&quot;yes&quot;,&quot;_ob_harakiri_writing_mode&quot;:&quot;inherit&quot;,&quot;_ob_harakiri_text_clip&quot;:&quot;none&quot;,&quot;_ob_perspektive_use&quot;:&quot;no&quot;,&quot;_ob_poopart_use&quot;:&quot;yes&quot;,&quot;_ob_shadough_use&quot;:&quot;no&quot;,&quot;_ob_allow_hoveranimator&quot;:&quot;no&quot;,&quot;_ob_widget_stalker_use&quot;:&quot;no&quot;}\" data-widget_type=\"heading.default\">\n\t\t\t\t<div class=\"elementor-widget-container\">\n\t\t\t\t\t<h1 class=\"elementor-heading-title elementor-size-default\">Calend\u00e1rio Econ\u00f3mico<\/h1>\t\t\t\t<\/div>\n\t\t\t\t<\/div>\n\t\t\t\t<div class=\"elementor-element elementor-element-d8a6635 elementor-hidden-desktop elementor-hidden-tablet elementor-hidden-mobile ob-harakiri-inherit ob-has-background-overlay elementor-widget elementor-widget-heading\" data-id=\"d8a6635\" data-element_type=\"widget\" data-e-type=\"widget\" data-settings=\"{&quot;_ob_use_harakiri&quot;:&quot;yes&quot;,&quot;_ob_harakiri_writing_mode&quot;:&quot;inherit&quot;,&quot;_ob_harakiri_text_clip&quot;:&quot;none&quot;,&quot;_ob_perspektive_use&quot;:&quot;no&quot;,&quot;_ob_poopart_use&quot;:&quot;yes&quot;,&quot;_ob_shadough_use&quot;:&quot;no&quot;,&quot;_ob_allow_hoveranimator&quot;:&quot;no&quot;,&quot;_ob_widget_stalker_use&quot;:&quot;no&quot;}\" data-widget_type=\"heading.default\">\n\t\t\t\t<div class=\"elementor-widget-container\">\n\t\t\t\t\t<h1 class=\"elementor-heading-title elementor-size-default\">Stay informed with the most important financial market events\nthat take place around the globe<\/h1>\t\t\t\t<\/div>\n\t\t\t\t<\/div>\n\t\t\t\t<div class=\"elementor-element elementor-element-d2e528f elementor-align-center ob-has-background-overlay elementor-widget elementor-widget-breadcrumbs\" data-id=\"d2e528f\" data-element_type=\"widget\" data-e-type=\"widget\" data-settings=\"{&quot;_ob_perspektive_use&quot;:&quot;no&quot;,&quot;_ob_poopart_use&quot;:&quot;yes&quot;,&quot;_ob_shadough_use&quot;:&quot;no&quot;,&quot;_ob_allow_hoveranimator&quot;:&quot;no&quot;,&quot;_ob_widget_stalker_use&quot;:&quot;no&quot;}\" data-widget_type=\"breadcrumbs.default\">\n\t\t\t\t<div class=\"elementor-widget-container\">\n\t\t\t\t\t<nav aria-label=\"breadcrumbs\" class=\"rank-math-breadcrumb\"><p><span class=\"last\">Home<\/span><\/p><\/nav>\t\t\t\t<\/div>\n\t\t\t\t<\/div>\n\t\t\t\t\t<\/div>\n\t\t<\/div>\n\t\t\t\t\t<\/div>\n\t\t<\/section>\n\t\t\t\t<section class=\"ob-is-breaking-bad elementor-section elementor-top-section elementor-element elementor-element-68937f2 elementor-section-boxed elementor-section-height-default elementor-section-height-default\" data-id=\"68937f2\" data-element_type=\"section\" data-e-type=\"section\" data-settings=\"{&quot;_ob_bbad_use_it&quot;:&quot;yes&quot;,&quot;_ob_bbad_sssic_use&quot;:&quot;no&quot;,&quot;_ob_glider_is_slider&quot;:&quot;no&quot;}\">\n\t\t\t\t\t\t<div class=\"elementor-container elementor-column-gap-default\">\n\t\t\t\t\t<div class=\"elementor-column elementor-col-100 elementor-top-column elementor-element elementor-element-fa9e2c3\" data-id=\"fa9e2c3\" data-element_type=\"column\" data-e-type=\"column\" data-settings=\"{&quot;_ob_bbad_is_stalker&quot;:&quot;no&quot;,&quot;_ob_teleporter_use&quot;:false,&quot;_ob_column_hoveranimator&quot;:&quot;no&quot;,&quot;_ob_column_has_pseudo&quot;:&quot;no&quot;}\">\n\t\t\t<div class=\"elementor-widget-wrap elementor-element-populated\">\n\t\t\t\t\t\t<div class=\"elementor-element elementor-element-9667820 ob-harakiri-inherit ob-has-background-overlay elementor-widget elementor-widget-text-editor\" data-id=\"9667820\" data-element_type=\"widget\" data-e-type=\"widget\" data-settings=\"{&quot;_ob_use_harakiri&quot;:&quot;yes&quot;,&quot;_ob_harakiri_writing_mode&quot;:&quot;inherit&quot;,&quot;_ob_postman_use&quot;:&quot;no&quot;,&quot;_ob_perspektive_use&quot;:&quot;no&quot;,&quot;_ob_poopart_use&quot;:&quot;yes&quot;,&quot;_ob_shadough_use&quot;:&quot;no&quot;,&quot;_ob_allow_hoveranimator&quot;:&quot;no&quot;,&quot;_ob_widget_stalker_use&quot;:&quot;no&quot;}\" data-widget_type=\"text-editor.default\">\n\t\t\t\t<div class=\"elementor-widget-container\">\n\t\t\t\t\t\t\t\t\t<div class=\"defaultStyles\"><div class=\"defaultStyles\"><h4>O que \u00e9 um calend\u00e1rio econ\u00f3mico e como us\u00e1-lo para negocia\u00e7\u00e3o?<\/h4><p>Segundo a maioria dos negociantes, o pre\u00e7o de um t\u00edtulo ou a taxa de c\u00e2mbio atual refletem todas as informa\u00e7\u00f5es dispon\u00edveis atualmente. Quando novas informa\u00e7\u00f5es se tornam dispon\u00edveis, os pre\u00e7os tendem a mover-se.<br \/>Sim, \u00e9 verdade que os pre\u00e7os est\u00e3o em movimento constantemente em torno de um intervalo quando existe ru\u00eddo, mas a taxa de c\u00e2mbio s\u00f3 pode mover-se para um novo intervalo quando surgem novas informa\u00e7\u00f5es.<br \/>Embora seja verdade que essas novas informa\u00e7\u00f5es podem surgir a qualquer momento, deve saber que tamb\u00e9m existem algumas informa\u00e7\u00f5es importantes que s\u00e3o agendadas. Isso inclui decis\u00f5es relativas \u00e0 pol\u00edtica monet\u00e1ria e tamb\u00e9m dados econ\u00f3micos.<br \/>Dado que essas informa\u00e7\u00f5es s\u00e3o programadas, um calend\u00e1rio econ\u00f3mico pode ser usado pelos negociantes para conduzirem os seus neg\u00f3cios \u00e0 medida que essas novas informa\u00e7\u00f5es surgem.<\/p><div class=\"cryptoBlock\"><h4>O que \u00e9 um calend\u00e1rio econ\u00f3mico?<\/h4><p>Em termos simples, um calend\u00e1rio econ\u00f3mico refere-se a uma programa\u00e7\u00e3o de eventos econ\u00f3micos programados para acontecer no pr\u00f3ximo dia, semana, m\u00eas ou mesmo trimestre.<br \/>O objetivo do calend\u00e1rio \u00e9 informar os negociantes sobre quando haver\u00e1 uma divulga\u00e7\u00e3o. Al\u00e9m disso, v\u00e1rios corretores e websites fornecem um calend\u00e1rio econ\u00f3mico aos negociantes, que tamb\u00e9m inclui uma estimativa da m\u00e9dia de in\u00fameras an\u00e1lises que cobrem a divulga\u00e7\u00e3o econ\u00f3mica.<\/p><p>H\u00e1 uma grande variedade de indicadores econ\u00f3micos importantes que podem causar movimentos no mercado. Por exemplo, o \u00cdndice de Pre\u00e7os ao Consumidor (IPC), que mede a infla\u00e7\u00e3o na Europa, nos Estados Unidos, no Jap\u00e3o e noutros pa\u00edses desenvolvidos, pode dar uma ideia das mudan\u00e7as de pre\u00e7os esperadas, afetando assim as taxas de c\u00e2mbio e de juros. No que diz respeito ao crescimento, isso reflete-se numa divulga\u00e7\u00e3o econ\u00f3mica conhecida como PIB (Produto Interno Bruto). Outros eventos importantes que podem levar \u00e0 volatilidade do mercado incluem as mudan\u00e7as na pol\u00edtica monet\u00e1ria dos bancos centrais, que s\u00e3o o Banco da Inglaterra, o Banco Central Europeu, a Federal Reserve e o Banco do Jap\u00e3o.<\/p><p>Al\u00e9m disso, deve notar-se que a negocia\u00e7\u00e3o de eventos econ\u00f3micos ou calend\u00e1rio econ\u00f3mico tamb\u00e9m \u00e9 aplic\u00e1vel a commodities e a outros instrumentos de negocia\u00e7\u00e3o. Por exemplo, se negociar petr\u00f3leo brent ou crude, deve prestar aten\u00e7\u00e3o ao relat\u00f3rio semanal de petr\u00f3leo da EIA, publicado todas as semanas \u00e0 quarta-feira. Da mesma forma, o relat\u00f3rio de cereais da USDA \u00e9 publicado uma vez por m\u00eas e pode levar a uma grande volatilidade se estiver a negociar qualquer mercadoria alimentar ou cereais, como trigo, milho, soja, algod\u00e3o, caf\u00e9 e muito mais.<\/p><p>Pode ter a certeza de que haver\u00e1 alguma volatilidade se uma divulga\u00e7\u00e3o econ\u00f3mica apanhar o mercado de surpresa. Isso acontece, mas n\u00e3o \u00e9 considerado a norma. Sabe-se que analistas de todo o mundo relatam as suas previs\u00f5es, que s\u00e3o declaradas em m\u00e9dia, e os altos e baixos tamb\u00e9m s\u00e3o mencionados pelos analistas. Se a divulga\u00e7\u00e3o real for inesperada, \u00e9 certo que as novas informa\u00e7\u00f5es ser\u00e3o refletidas no mercado atrav\u00e9s de mudan\u00e7as. Al\u00e9m disso, as mudan\u00e7as no mercado que ocorrem ap\u00f3s a divulga\u00e7\u00e3o de novas informa\u00e7\u00f5es podem ser bastante desagrad\u00e1veis e acentuadas. Se estiver a monitorizar constantemente esses altos e baixos nos pares cambiais ou valores mobili\u00e1rios que negociar, notar\u00e1 que, na maioria dos casos, causam uma ruptura na dire\u00e7\u00e3o da tend\u00eancia.<\/p><p>Como a volatilidade \u00e9 esperada ap\u00f3s uma divulga\u00e7\u00e3o econ\u00f3mica, oferece aos negociantes a oportunidade de tirar partido de uma situa\u00e7\u00e3o. Essas not\u00edcias econ\u00f3micas s\u00e3o geralmente divulgadas com a precis\u00e3o de um rel\u00f3gio num hor\u00e1rio espec\u00edfico de um m\u00eas. A maioria das not\u00edcias e eventos significativos s\u00e3o geralmente divulgados uma vez por m\u00eas e refletem a situa\u00e7\u00e3o econ\u00f3mica do m\u00eas anterior. Por exemplo, o relat\u00f3rio de desemprego dos Estados Unidos para o m\u00eas de maio ser\u00e1 divulgado no in\u00edcio de junho. Al\u00e9m disso, tamb\u00e9m existem algumas divulga\u00e7\u00f5es econ\u00f3micas semanais, como o relat\u00f3rio de invent\u00e1rio do Departamento de Energia ou as inscri\u00e7\u00f5es no desemprego. Depois de os negociantes selecionarem o seu corretor e a plataforma onde pretendem negociar, \u00e9 essencial fazer uso di\u00e1rio do calend\u00e1rio econ\u00f3mico.<\/p><h4>Como usar o calend\u00e1rio econ\u00f3mico para negocia\u00e7\u00e3o?<\/h4><p>V\u00e1rias estrat\u00e9gias podem ser empregues para colher os benef\u00edcios das divulga\u00e7\u00f5es econ\u00f3micas. Uma estrat\u00e9gia puramente t\u00e9cnica pode ser usada pelos negociantes ou tamb\u00e9m podem combinar uma estrat\u00e9gia t\u00e9cnica com a sua pr\u00f3pria opini\u00e3o sobre o que aconteceu. Al\u00e9m disso, deve garantir que est\u00e1 a usar as melhores estrat\u00e9gias de gest\u00e3o de risco durante a negocia\u00e7\u00e3o para manter as suas perdas no m\u00ednimo. Note-se que pode ser muito arriscado negociar em torno dos n\u00fameros se estiver a assumir uma posi\u00e7\u00e3o antes de um evento importante.<\/p><p>Caso decida aceitar um resultado positivo antes que ocorra um evento de movimento no mercado, note que as condi\u00e7\u00f5es de mercado il\u00edquidas dever\u00e3o ser incorporadas no seu processo de gest\u00e3o de riscos. Quando o mercado \u00e9 il\u00edquido, sabe-se que as stop loss geram muita derrapagem. Uma maneira de medir esse risco \u00e9 avaliar as mudan\u00e7as no pre\u00e7o de uma taxa de c\u00e2mbio que deseja negociar ap\u00f3s o lan\u00e7amento de not\u00edcias econ\u00f3micas espec\u00edficas.<\/p><p data-pm-slice=\"1 1 []\">Uma abordagem mais conservadora da negocia\u00e7\u00e3o seria aguardar os resultados de uma divulga\u00e7\u00e3o econ\u00f3mica antes de formular uma estrat\u00e9gia. Isso pode ser feito dentro de meia hora ap\u00f3s a divulga\u00e7\u00e3o. Muitos negociadores come\u00e7ar\u00e3o a disputar posi\u00e7\u00f5es e poder\u00e1 evitar a flutua\u00e7\u00e3o inicial do pre\u00e7o at\u00e9 que o mercado bolsa4 encontre um intervalo adequado. Por vezes, uma taxa de c\u00e2mbio parte numa dire\u00e7\u00e3o antes de se consolidar e se tornar uma nova tend\u00eancia. Noutros casos, o movimento inicial acaba por se revelar falso. A an\u00e1lise t\u00e9cnica pode ser usada na negocia\u00e7\u00e3o para determinar se existe um momento positivo ou negativo no mercado.<\/p><p>Gra\u00e7as aos avan\u00e7os tecnol\u00f3gicos, os calend\u00e1rios econ\u00f3micos est\u00e3o agora dispon\u00edveis para os negociantes, independentemente dos instrumentos que decidirem negociar. Quer esteja a negociar futuros, a\u00e7\u00f5es, forex, op\u00e7\u00f5es ou outros instrumentos, pode facilmente encontrar um calend\u00e1rio econ\u00f3mico para o ajudar a tomar decis\u00f5es comerciais inteligentes.<\/p><\/div><\/div><h4>Not\u00edcias do mercado que pode utilizar<\/h4><p class=\"m_b-20\">Nosso calend\u00e1rio econ\u00f3mico inclui eventos financeiros importantes de todo o mundo. \u00c9 atualizado automaticamente e fornece-lhe os principais indicadores, classificados por import\u00e2ncia. Os eventos do mercado incluem relat\u00f3rios de Situa\u00e7\u00e3o de Emprego, Sal\u00e1rios N\u00e3o Agr\u00edcolas, Taxas de Infla\u00e7\u00e3o, etc. Para obter mais ajuda, entre em contacto com o\u00a0<a class=\"link\" href=\"https:\/\/go4rex.com\/pt-br\/about-us\/contact-us\/\">Suporte ao Cliente<\/a>.<\/p><p><b>Fique \u00e0 frente dos mercados e aproveite as oportunidades comerciais \u00e0 medida que acontecem<\/b>.\u00a0<\/p><\/div>\t\t\t\t\t\t\t\t<\/div>\n\t\t\t\t<\/div>\n\t\t\t\t\t<\/div>\n\t\t<\/div>\n\t\t\t\t\t<\/div>\n\t\t<\/section>\n\t\t\t\t<\/div>\n\t\t","protected":false},"excerpt":{"rendered":"<p>Calend\u00e1rio Econ\u00f3mico Stay informed with the most important financial market events that take place around the globe Home O que \u00e9 um calend\u00e1rio econ\u00f3mico e como us\u00e1-lo para negocia\u00e7\u00e3o? Segundo a maioria dos negociantes, o pre\u00e7o de um t\u00edtulo ou a taxa de c\u00e2mbio atual refletem todas as informa\u00e7\u00f5es dispon\u00edveis atualmente. Quando novas informa\u00e7\u00f5es se [&hellip;]<\/p>\n","protected":false},"author":7,"featured_media":0,"parent":0,"menu_order":0,"comment_status":"closed","ping_status":"closed","template":"","meta":{"footnotes":""},"class_list":["post-1783","page","type-page","status-publish","hentry"],"_links":{"self":[{"href":"https:\/\/go4rex.com\/pt-br\/wp-json\/wp\/v2\/pages\/1783","targetHints":{"allow":["GET"]}}],"collection":[{"href":"https:\/\/go4rex.com\/pt-br\/wp-json\/wp\/v2\/pages"}],"about":[{"href":"https:\/\/go4rex.com\/pt-br\/wp-json\/wp\/v2\/types\/page"}],"author":[{"embeddable":true,"href":"https:\/\/go4rex.com\/pt-br\/wp-json\/wp\/v2\/users\/7"}],"replies":[{"embeddable":true,"href":"https:\/\/go4rex.com\/pt-br\/wp-json\/wp\/v2\/comments?post=1783"}],"version-history":[{"count":23,"href":"https:\/\/go4rex.com\/pt-br\/wp-json\/wp\/v2\/pages\/1783\/revisions"}],"predecessor-version":[{"id":4687,"href":"https:\/\/go4rex.com\/pt-br\/wp-json\/wp\/v2\/pages\/1783\/revisions\/4687"}],"wp:attachment":[{"href":"https:\/\/go4rex.com\/pt-br\/wp-json\/wp\/v2\/media?parent=1783"}],"curies":[{"name":"wp","href":"https:\/\/api.w.org\/{rel}","templated":true}]}}