{"id":1743,"date":"2021-12-05T15:29:01","date_gmt":"2021-12-05T15:29:01","guid":{"rendered":"https:\/\/go4rex.com\/chart-analysis\/"},"modified":"2024-10-02T07:36:56","modified_gmt":"2024-10-02T07:36:56","slug":"chart-analysis","status":"publish","type":"page","link":"https:\/\/go4rex.com\/pt-br\/chart-analysis\/","title":{"rendered":"An\u00e1lise de Gr\u00e1ficos"},"content":{"rendered":"\t\t<div data-elementor-type=\"wp-page\" data-elementor-id=\"1743\" class=\"elementor elementor-1743 elementor-1023\" data-elementor-post-type=\"page\">\n\t\t\t\t\t\t<section class=\"ob-is-breaking-bad elementor-section elementor-top-section elementor-element elementor-element-d36b840 elementor-section-height-min-height elementor-section-boxed elementor-section-height-default elementor-section-items-middle\" data-id=\"d36b840\" data-element_type=\"section\" data-e-type=\"section\" data-settings=\"{&quot;background_background&quot;:&quot;classic&quot;,&quot;_ob_bbad_use_it&quot;:&quot;yes&quot;,&quot;_ob_bbad_sssic_use&quot;:&quot;no&quot;,&quot;_ob_glider_is_slider&quot;:&quot;no&quot;}\">\n\t\t\t\t\t\t\t<div class=\"elementor-background-overlay\"><\/div>\n\t\t\t\t\t\t\t<div class=\"elementor-container elementor-column-gap-default\">\n\t\t\t\t\t<div class=\"elementor-column elementor-col-100 elementor-top-column elementor-element elementor-element-3b9b820\" data-id=\"3b9b820\" data-element_type=\"column\" data-e-type=\"column\" data-settings=\"{&quot;_ob_bbad_is_stalker&quot;:&quot;no&quot;,&quot;_ob_teleporter_use&quot;:false,&quot;_ob_column_hoveranimator&quot;:&quot;no&quot;,&quot;_ob_column_has_pseudo&quot;:&quot;no&quot;}\">\n\t\t\t<div class=\"elementor-widget-wrap elementor-element-populated\">\n\t\t\t\t\t\t<div class=\"elementor-element elementor-element-573ae13 elementor-align-center ob-has-background-overlay elementor-widget elementor-widget-breadcrumbs\" data-id=\"573ae13\" data-element_type=\"widget\" data-e-type=\"widget\" data-settings=\"{&quot;_ob_perspektive_use&quot;:&quot;no&quot;,&quot;_ob_poopart_use&quot;:&quot;yes&quot;,&quot;_ob_shadough_use&quot;:&quot;no&quot;,&quot;_ob_allow_hoveranimator&quot;:&quot;no&quot;,&quot;_ob_widget_stalker_use&quot;:&quot;no&quot;}\" data-widget_type=\"breadcrumbs.default\">\n\t\t\t\t<div class=\"elementor-widget-container\">\n\t\t\t\t\t<nav aria-label=\"breadcrumbs\" class=\"rank-math-breadcrumb\"><p><span class=\"last\">Home<\/span><\/p><\/nav>\t\t\t\t<\/div>\n\t\t\t\t<\/div>\n\t\t\t\t\t<\/div>\n\t\t<\/div>\n\t\t\t\t\t<\/div>\n\t\t<\/section>\n\t\t\t\t<section class=\"ob-is-breaking-bad elementor-section elementor-top-section elementor-element elementor-element-1f0cf4d elementor-section-boxed elementor-section-height-default elementor-section-height-default\" data-id=\"1f0cf4d\" data-element_type=\"section\" data-e-type=\"section\" data-settings=\"{&quot;_ob_bbad_use_it&quot;:&quot;yes&quot;,&quot;_ob_bbad_sssic_use&quot;:&quot;no&quot;,&quot;_ob_glider_is_slider&quot;:&quot;no&quot;}\">\n\t\t\t\t\t\t<div class=\"elementor-container elementor-column-gap-default\">\n\t\t\t\t\t<div class=\"elementor-column elementor-col-100 elementor-top-column elementor-element elementor-element-d203af3\" data-id=\"d203af3\" data-element_type=\"column\" data-e-type=\"column\" data-settings=\"{&quot;_ob_bbad_is_stalker&quot;:&quot;no&quot;,&quot;_ob_teleporter_use&quot;:false,&quot;_ob_column_hoveranimator&quot;:&quot;no&quot;,&quot;_ob_column_has_pseudo&quot;:&quot;no&quot;}\">\n\t\t\t<div class=\"elementor-widget-wrap elementor-element-populated\">\n\t\t\t\t\t\t<div class=\"elementor-element elementor-element-05c1299 ob-harakiri-inherit ob-has-background-overlay elementor-widget elementor-widget-text-editor\" data-id=\"05c1299\" data-element_type=\"widget\" data-e-type=\"widget\" data-settings=\"{&quot;_ob_use_harakiri&quot;:&quot;yes&quot;,&quot;_ob_harakiri_writing_mode&quot;:&quot;inherit&quot;,&quot;_ob_postman_use&quot;:&quot;no&quot;,&quot;_ob_perspektive_use&quot;:&quot;no&quot;,&quot;_ob_poopart_use&quot;:&quot;yes&quot;,&quot;_ob_shadough_use&quot;:&quot;no&quot;,&quot;_ob_allow_hoveranimator&quot;:&quot;no&quot;,&quot;_ob_widget_stalker_use&quot;:&quot;no&quot;}\" data-widget_type=\"text-editor.default\">\n\t\t\t\t<div class=\"elementor-widget-container\">\n\t\t\t\t\t\t\t\t\t<h4>An\u00e1lise de gr\u00e1ficos de negocia\u00e7\u00e3o \u2013 o que \u00e9 e como us\u00e1-la<\/h4><p class=\"price-big\">Se quer ser um negociante, precisa de se preparar para alguma aprendizagem. Tem de estudar um pouco, seja qual for o campo em que esteja a entrar. O melhor \u00e9 que qualquer pessoa de qualquer profiss\u00e3o pode fazer parte da negocia\u00e7\u00e3o e negociar nos mercados. Vamos aprender sobre a an\u00e1lise de gr\u00e1ficos de negocia\u00e7\u00e3o e o que aquelafinanceiros. N\u00e3o precisa de nenhum diploma. Os cursos que precisa de estudar sobre negocia\u00e7\u00e3o est\u00e3o dispon\u00edveis online facilmente. O melhor \u00e9 que esses cursos e outros materiais de forma\u00e7\u00e3o est\u00e3o dispon\u00edveis no corretor a que se associa online. Uma das coisas mais importantes a aprender como negociante \u00e9 a an\u00e1lise de gr\u00e1ficos de negocia\u00e7\u00e3o.Se quer ser um negociante, precisa de se preparar para alguma aprendizagem. Tem de estudar um pouco, seja qual for o campo em que esteja a entrar. O melhor \u00e9 que qualquer pessoa de qualquer profiss\u00e3o pode fazer parte da negocia\u00e7\u00e3o e negociar nos mercados financeiros. N\u00e3o precisa de nenhum diploma. Os cursos que precisa de estudar sobre negocia\u00e7\u00e3o est\u00e3o dispon\u00edveis online facilmente. O melhor \u00e9 que esses cursos e outros materiais de forma\u00e7\u00e3o est\u00e3o dispon\u00edveis no corretor a que se associa online. Uma das coisas mais importantes a aprender como negociante \u00e9 a an\u00e1lise de gr\u00e1ficos de negocia\u00e7\u00e3o.<\/p><p class=\"price-big\">Vamos aprender sobre a an\u00e1lise de gr\u00e1ficos de negocia\u00e7\u00e3o e o que aquela.<\/p><div class=\"cryptoBlock\"><h4>O que \u00e9 an\u00e1lise de gr\u00e1ficos de negocia\u00e7\u00e3o?<\/h4><p class=\"price-big\">Quando \u00e9 um negociante, pode decidir se deseja negociar com base nos eventos em andamento ou no movimento de pre\u00e7os do ativo que deseja negociar. Obviamente, n\u00e3o h\u00e1 restri\u00e7\u00e3o em combinar o conhecimento dos dois mundos. Pode analisar os gr\u00e1ficos e tamb\u00e9m tirar conclus\u00f5es dos eventos em andamento. No entanto, quando a maior parte das suas negocia\u00e7\u00f5es se baseiam na an\u00e1lise dos gr\u00e1ficos de negocia\u00e7\u00e3o, passa a ser denominado um negociador t\u00e9cnico. Mas o que s\u00e3o esses gr\u00e1ficos? S\u00e3o representa\u00e7\u00f5es gr\u00e1ficas de como o pre\u00e7o dos ativos est\u00e1 a mover-se nos mercados. Cada ativo tem o seu pr\u00f3prio gr\u00e1fico de com\u00e9rcio para poder analisar.<\/p><h4>Conhecimento Pormenorizado da An\u00e1lise de gr\u00e1ficos de negocia\u00e7\u00e3o<\/h4><p class=\"price-big\">A Humanidade encontrou maneira de representar quase tudo visualmente. Fez isso porque a informa\u00e7\u00e3o visual \u00e9 mais f\u00e1cil de captar para o c\u00e9rebro humano. Por exemplo, pode criar uma representa\u00e7\u00e3o gr\u00e1fica dos dias do m\u00eas e da temperatura. Pode ter os dias do m\u00eas no eixo X e a temperatura de cada dia no eixo Y. No final do m\u00eas, ter\u00e1 uma visualiza\u00e7\u00e3o de como a temperatura mudou ao longo do m\u00eas. A melhor coisa das informa\u00e7\u00f5es visuais \u00e9 que n\u00e3o precisa de ler a temperatura de cada dia separadamente. Isso pode ser exaustivo o e dif\u00edcil de memorizar.<\/p><p class=\"price-big\">De maneira semelhante, pode criar um gr\u00e1fico a partir da movimenta\u00e7\u00e3o de pre\u00e7os de um ativo no mercado ao longo do tempo. Mais uma vez, colocar\u00e1 a medida de tempo no eixo X e o pre\u00e7o do ativo no eixo Y. Num relance, pode ver quanto o pre\u00e7o mudou ao longo do tempo. Ao analisar os gr\u00e1ficos de negocia\u00e7\u00e3o, pode escolher o per\u00edodo durante o qual deseja ver o movimento dos pre\u00e7os. Pode escolher o per\u00edodo como horas, dias, trimestres, anos, etc. O tempo que deseja selecionar depende do tipo de an\u00e1lise que pretende efetuar.<\/p><h4>Os diferentes tipos de gr\u00e1ficos de negocia\u00e7\u00e3o e como analis\u00e1-los<\/h4><p class=\"price-big\">Existem muitos tipos diferentes de gr\u00e1ficos de negocia\u00e7\u00e3o que podem ser utilizados para observar os padr\u00f5es nos movimentos de pre\u00e7os de um ativo. Depende totalmente de si o tipo de gr\u00e1fico que deseja usar. Normalmente, ver\u00e1 tr\u00eas ou quatro elementos do pre\u00e7o do ativo no gr\u00e1fico. N\u00e3o h\u00e1 ci\u00eancia espacial envolvida na an\u00e1lise dos gr\u00e1ficos de negocia\u00e7\u00e3o. Qualquer pessoa pode entender e ler esses gr\u00e1ficos com algum conhecimento b\u00e1sico. Aqui est\u00e3o os tr\u00eas gr\u00e1ficos mais utilizados por negociantes de todo o mundo.<\/p><h4>Gr\u00e1ficos High-Low-Open-Close<\/h4><p class=\"price-big\">Visualiza barras finas neste gr\u00e1fico com pequenas sali\u00eancias no lado direito e esquerdo. A pequena barra \u00e0 direita indica o pre\u00e7o de fecho do ativo, enquanto a da esquerda indica o pre\u00e7o de abertura. O ponto mais alto da barra \u00e9 o pre\u00e7o mais alto durante o per\u00edodo escolhido. O ponto mais baixo \u00e9 o pre\u00e7o mais baixo durante o per\u00edodo escolhido. As barras s\u00e3o coloridas a vermelho e verde, com o verde a indicar movimento de pre\u00e7o ascendente e o vermelho a indicar o contr\u00e1rio. As informa\u00e7\u00f5es neste gr\u00e1fico s\u00e3o bastante semelhantes \u00e0s que tem no gr\u00e1fico de barras a seguir.<\/p><h4>Gr\u00e1ficos de Barras<\/h4><p class=\"price-big\">Ao olhar para este gr\u00e1fico, ir\u00e1 reparar nas barras pequenas e grandes. As quatro informa\u00e7\u00f5es diferentes que encontra neste gr\u00e1fico incluem pre\u00e7o de abertura, pre\u00e7o de fecho, pre\u00e7o mais alto e pre\u00e7o mais baixo. Existem barras verdes e vermelhas nesses gr\u00e1ficos. As barras verdes significam que o pre\u00e7o est\u00e1 a subir, enquanto as vermelhas mostram o movimento descendente do pre\u00e7o. Cada barra \u00e9 desenhada com base no per\u00edodo escolhido. Se escolher 30 minutos como per\u00edodo, cada barra informar\u00e1 quanto o pre\u00e7o do ativo se moveu em trinta minutos. Os tamanhos, cores e o comprimento das barras podem inform\u00e1-lo sobre as diferentes tend\u00eancias do mercado.<\/p><h4>Gr\u00e1ficos de linha<\/h4><p class=\"price-big\">Algumas coisas podem n\u00e3o aparecer neste gr\u00e1fico. Pode chamar-lhe o tipo mais b\u00e1sico de gr\u00e1fico, oferecendo a oportunidade de fazer a an\u00e1lise mais b\u00e1sica de gr\u00e1ficos de negocia\u00e7\u00e3o. \u00c9 uma linha que continua a mover-se para o lado direito enquanto sobe e desce com base no movimento dos pre\u00e7os ao longo do tempo. Esse tipo de gr\u00e1fico \u00e9 perfeito para observar as tend\u00eancias nos movimentos de pre\u00e7os por um longo per\u00edodo. N\u00e3o permite ver o pre\u00e7o mais alto ou mais baixo num dia espec\u00edfico. Nem pode conhecer o pre\u00e7o de abertura do ativo porque est\u00e1 a analisar os dados por um longo per\u00edodo de tempo. Um gr\u00e1fico semelhante a este, mas com fundo sombreado, \u00e9 chamado de gr\u00e1fico de \u00e1rea.<\/p><h4>Conclus\u00e3o<\/h4><p class=\"price-big\">Como negociante, faz mais sentido usar qualquer recurso dispon\u00edvel antes de iniciar uma negocia\u00e7\u00e3o. Al\u00e9m de analisar estes gr\u00e1ficos, tamb\u00e9m deve observar os eventos no mundo real. Al\u00e9m disso, tamb\u00e9m pode tirar proveito dos sinais de negocia\u00e7\u00e3o. Os sinais de negocia\u00e7\u00e3o s\u00e3o gerados por especialistas em negocia\u00e7\u00e3o para ajud\u00e1-lo a decidir se deseja negociar em posi\u00e7\u00e3o longa ou curta. Independentemente de confiar nos gr\u00e1ficos ou nos sinais de negocia\u00e7\u00e3o, lembre-se de que servem apenas para ajud\u00e1-lo nas suas decis\u00f5es. Nunca garantem quaisquer resultados. O resultado da negocia\u00e7\u00e3o pode ser exatamente o oposto do que a sua an\u00e1lise do gr\u00e1fico ou sinal de negocia\u00e7\u00e3o previu. Mantenha as suas emo\u00e7\u00f5es fora da negocia\u00e7\u00e3o e aprenda a controlar os seus riscos como a parte principal de sua estrat\u00e9gia de negocia\u00e7\u00e3o.<\/p><\/div>\t\t\t\t\t\t\t\t<\/div>\n\t\t\t\t<\/div>\n\t\t\t\t\t<\/div>\n\t\t<\/div>\n\t\t\t\t\t<\/div>\n\t\t<\/section>\n\t\t\t\t<\/div>\n\t\t","protected":false},"excerpt":{"rendered":"<p>Home An\u00e1lise de gr\u00e1ficos de negocia\u00e7\u00e3o \u2013 o que \u00e9 e como us\u00e1-la Se quer ser um negociante, precisa de se preparar para alguma aprendizagem. Tem de estudar um pouco, seja qual for o campo em que esteja a entrar. O melhor \u00e9 que qualquer pessoa de qualquer profiss\u00e3o pode fazer parte da negocia\u00e7\u00e3o e [&hellip;]<\/p>\n","protected":false},"author":7,"featured_media":0,"parent":0,"menu_order":0,"comment_status":"closed","ping_status":"closed","template":"","meta":{"footnotes":""},"class_list":["post-1743","page","type-page","status-publish","hentry"],"_links":{"self":[{"href":"https:\/\/go4rex.com\/pt-br\/wp-json\/wp\/v2\/pages\/1743","targetHints":{"allow":["GET"]}}],"collection":[{"href":"https:\/\/go4rex.com\/pt-br\/wp-json\/wp\/v2\/pages"}],"about":[{"href":"https:\/\/go4rex.com\/pt-br\/wp-json\/wp\/v2\/types\/page"}],"author":[{"embeddable":true,"href":"https:\/\/go4rex.com\/pt-br\/wp-json\/wp\/v2\/users\/7"}],"replies":[{"embeddable":true,"href":"https:\/\/go4rex.com\/pt-br\/wp-json\/wp\/v2\/comments?post=1743"}],"version-history":[{"count":13,"href":"https:\/\/go4rex.com\/pt-br\/wp-json\/wp\/v2\/pages\/1743\/revisions"}],"predecessor-version":[{"id":4684,"href":"https:\/\/go4rex.com\/pt-br\/wp-json\/wp\/v2\/pages\/1743\/revisions\/4684"}],"wp:attachment":[{"href":"https:\/\/go4rex.com\/pt-br\/wp-json\/wp\/v2\/media?parent=1743"}],"curies":[{"name":"wp","href":"https:\/\/api.w.org\/{rel}","templated":true}]}}