{"id":1738,"date":"2021-12-05T17:14:28","date_gmt":"2021-12-05T17:14:28","guid":{"rendered":"https:\/\/go4rex.com\/bonus-terms-and-conditions\/"},"modified":"2024-05-28T14:30:06","modified_gmt":"2024-05-28T14:30:06","slug":"bonus-terms-and-conditions","status":"publish","type":"page","link":"https:\/\/go4rex.com\/pt-br\/bonus-terms-and-conditions\/","title":{"rendered":"Termos e Condi\u00e7\u00f5es de B\u00f4nus"},"content":{"rendered":"\t\t<div data-elementor-type=\"wp-page\" data-elementor-id=\"1738\" class=\"elementor elementor-1738 elementor-1058\" data-elementor-post-type=\"page\">\n\t\t\t\t\t\t<section class=\"ob-is-breaking-bad elementor-section elementor-top-section elementor-element elementor-element-54c4d36 elementor-section-height-min-height elementor-section-boxed elementor-section-height-default elementor-section-items-middle\" data-id=\"54c4d36\" data-element_type=\"section\" data-e-type=\"section\" data-settings=\"{&quot;background_background&quot;:&quot;classic&quot;,&quot;_ob_bbad_use_it&quot;:&quot;yes&quot;,&quot;_ob_bbad_sssic_use&quot;:&quot;no&quot;,&quot;_ob_glider_is_slider&quot;:&quot;no&quot;}\">\n\t\t\t\t\t\t\t<div class=\"elementor-background-overlay\"><\/div>\n\t\t\t\t\t\t\t<div class=\"elementor-container elementor-column-gap-default\">\n\t\t\t\t\t<div class=\"elementor-column elementor-col-100 elementor-top-column elementor-element elementor-element-2b3f67c\" data-id=\"2b3f67c\" data-element_type=\"column\" data-e-type=\"column\" data-settings=\"{&quot;_ob_bbad_is_stalker&quot;:&quot;no&quot;,&quot;_ob_teleporter_use&quot;:false,&quot;_ob_column_hoveranimator&quot;:&quot;no&quot;,&quot;_ob_column_has_pseudo&quot;:&quot;no&quot;}\">\n\t\t\t<div class=\"elementor-widget-wrap elementor-element-populated\">\n\t\t\t\t\t\t<div class=\"elementor-element elementor-element-dd94775 ob-harakiri-inherit ob-has-background-overlay elementor-widget elementor-widget-heading\" data-id=\"dd94775\" data-element_type=\"widget\" data-e-type=\"widget\" data-settings=\"{&quot;_ob_use_harakiri&quot;:&quot;yes&quot;,&quot;_ob_harakiri_writing_mode&quot;:&quot;inherit&quot;,&quot;_ob_harakiri_text_clip&quot;:&quot;none&quot;,&quot;_ob_perspektive_use&quot;:&quot;no&quot;,&quot;_ob_poopart_use&quot;:&quot;yes&quot;,&quot;_ob_shadough_use&quot;:&quot;no&quot;,&quot;_ob_allow_hoveranimator&quot;:&quot;no&quot;,&quot;_ob_widget_stalker_use&quot;:&quot;no&quot;}\" data-widget_type=\"heading.default\">\n\t\t\t\t<div class=\"elementor-widget-container\">\n\t\t\t\t\t<h1 class=\"elementor-heading-title elementor-size-default\">Familiarize-se com todos os nossos programas oficiais de b\u00f4nus e recompensas.<\/h1>\t\t\t\t<\/div>\n\t\t\t\t<\/div>\n\t\t\t\t<div class=\"elementor-element elementor-element-98255a3 elementor-align-center ob-has-background-overlay elementor-widget elementor-widget-breadcrumbs\" data-id=\"98255a3\" data-element_type=\"widget\" data-e-type=\"widget\" data-settings=\"{&quot;_ob_perspektive_use&quot;:&quot;no&quot;,&quot;_ob_poopart_use&quot;:&quot;yes&quot;,&quot;_ob_shadough_use&quot;:&quot;no&quot;,&quot;_ob_allow_hoveranimator&quot;:&quot;no&quot;,&quot;_ob_widget_stalker_use&quot;:&quot;no&quot;}\" data-widget_type=\"breadcrumbs.default\">\n\t\t\t\t<div class=\"elementor-widget-container\">\n\t\t\t\t\t<nav aria-label=\"breadcrumbs\" class=\"rank-math-breadcrumb\"><p><span class=\"last\">Home<\/span><\/p><\/nav>\t\t\t\t<\/div>\n\t\t\t\t<\/div>\n\t\t\t\t\t<\/div>\n\t\t<\/div>\n\t\t\t\t\t<\/div>\n\t\t<\/section>\n\t\t\t\t<section class=\"ob-is-breaking-bad elementor-section elementor-top-section elementor-element elementor-element-2aa7259 elementor-section-boxed elementor-section-height-default elementor-section-height-default\" data-id=\"2aa7259\" data-element_type=\"section\" data-e-type=\"section\" data-settings=\"{&quot;_ob_bbad_use_it&quot;:&quot;yes&quot;,&quot;_ob_bbad_sssic_use&quot;:&quot;no&quot;,&quot;_ob_glider_is_slider&quot;:&quot;no&quot;}\">\n\t\t\t\t\t\t<div class=\"elementor-container elementor-column-gap-default\">\n\t\t\t\t\t<div class=\"elementor-column elementor-col-100 elementor-top-column elementor-element elementor-element-9a4cb79\" data-id=\"9a4cb79\" data-element_type=\"column\" data-e-type=\"column\" data-settings=\"{&quot;_ob_bbad_is_stalker&quot;:&quot;no&quot;,&quot;_ob_teleporter_use&quot;:false,&quot;_ob_column_hoveranimator&quot;:&quot;no&quot;,&quot;_ob_column_has_pseudo&quot;:&quot;no&quot;}\">\n\t\t\t<div class=\"elementor-widget-wrap elementor-element-populated\">\n\t\t\t\t\t\t<div class=\"elementor-element elementor-element-68e9fdb ob-harakiri-inherit ob-has-background-overlay elementor-widget elementor-widget-text-editor\" data-id=\"68e9fdb\" data-element_type=\"widget\" data-e-type=\"widget\" data-settings=\"{&quot;_ob_use_harakiri&quot;:&quot;yes&quot;,&quot;_ob_harakiri_writing_mode&quot;:&quot;inherit&quot;,&quot;_ob_postman_use&quot;:&quot;no&quot;,&quot;_ob_perspektive_use&quot;:&quot;no&quot;,&quot;_ob_poopart_use&quot;:&quot;yes&quot;,&quot;_ob_shadough_use&quot;:&quot;no&quot;,&quot;_ob_allow_hoveranimator&quot;:&quot;no&quot;,&quot;_ob_widget_stalker_use&quot;:&quot;no&quot;}\" data-widget_type=\"text-editor.default\">\n\t\t\t\t<div class=\"elementor-widget-container\">\n\t\t\t\t\t\t\t\t\t<p>A empresa oferece uma variedade de programas de b\u00f4nus atraentes para seus clientes novos e existentes, que ativaram sua conta de negocia\u00e7\u00e3o. B\u00f4nus e \/ ou pr\u00eamios financeiros e \/ ou promo\u00e7\u00f5es (\u201cB\u00f4nus\u201d) concedidos aos Clientes fazem parte do programa de Promo\u00e7\u00f5es da Empresa. Esses B\u00f4nus s\u00e3o ofertas por tempo limitado e suas condi\u00e7\u00f5es podem estar sujeitas a altera\u00e7\u00f5es mediante notifica\u00e7\u00e3o por escrito fornecida aos Clientes sobre modifica\u00e7\u00f5es em partes substanciais do contrato de condi\u00e7\u00f5es. Antes de aceitar qualquer oferta de b\u00f4nus, os clientes ter\u00e3o a oportunidade de considerar os termos do &amp; amo; condi\u00e7\u00f5es associadas a cada esquema de b\u00f4nus para entender completamente como o esquema funciona (bem como seus T&amp;C) e fornecer seu consentimento quanto \u00e0 aceita\u00e7\u00e3o de quaisquer altera\u00e7\u00f5es poss\u00edveis.<\/p>\n<p>Os Clientes n\u00e3o s\u00e3o obrigados a aceitar quaisquer B\u00f4nus oferecidos pela Empresa; todos os b\u00f4nus s\u00e3o opcionais. Se os Clientes optarem por n\u00e3o aceitar um B\u00f4nus, nessas circunst\u00e2ncias, os Clientes n\u00e3o estar\u00e3o vinculados aos termos e condi\u00e7\u00f5es relativos a esse B\u00f4nus. Ao aceitar os B\u00f4nus oferecidos, os Clientes estar\u00e3o vinculados \u00e0s diretrizes, disposi\u00e7\u00f5es e termos dos programas de B\u00f4nus, somente se tiverem compreendido e concordado plenamente com os termos e condi\u00e7\u00f5es deste contrato.<\/p>\n<p>B\u00f4nus e promo\u00e7\u00f5es podem vir de vez em quando junto com um requisito de volume ou ponto de negociador, visto que os requisitos variam dependendo dos valores do b\u00f4nus e do dep\u00f3sito. Os diferentes programas de b\u00f4nus e promo\u00e7\u00f5es s\u00e3o dados em eventos aleat\u00f3rios e ser\u00e3o adicionados \u00e0 conta de negocia\u00e7\u00e3o do cliente em uma das seguintes formas:<\/p>\n<ol>\n<li><strong><u>B\u00f4nus pendente<\/u>:<\/strong><br>O b\u00f4nus pendente ser\u00e1 adicionado ao saldo da conta comercial somente depois que os pontos comerciais necess\u00e1rios forem acumulados. Como a empresa n\u00e3o deseja restringir a conta de um trader, at\u00e9 que o requisito seja atendido, os b\u00f4nus ser\u00e3o mantidos separados dos fundos iniciais do trader. Com o b\u00f4nus sendo separado dos fundos iniciais do negociante, o negociante pode sacar seus fundos a qualquer momento, de acordo com os termos de retirada habituais.<br>Observe que cada b\u00f4nus tem suas pr\u00f3prias especifica\u00e7\u00f5es para pontos de trader e expira\u00e7\u00e3o. Para saber mais detalhes, veja seu Relat\u00f3rio de B\u00f4nus.<\/li>\n<li><strong><u>1 Negocie conosco<\/u>:<\/strong><br>1 negocia\u00e7\u00e3o conosco \u00e9 uma recompensa concedida a investidores qualificados. Funciona de acordo com o princ\u00edpio simples: o seu gestor de conta o familiariza com o B\u00f3nus garantido de 1 negocia\u00e7\u00e3o connosco, que funciona no caso de a primeira negocia\u00e7\u00e3o fechada, que foi colocada ap\u00f3s o dep\u00f3sito inicial (ou relevante), n\u00e3o ser ben\u00e9fica.<br>Se a primeira negocia\u00e7\u00e3o fechada, que foi feita ap\u00f3s o dep\u00f3sito inicial (ou relevante), for bem-sucedida, a 1 negocia\u00e7\u00e3o sobre n\u00f3s ser\u00e1 anulada. Este b\u00f4nus expira em 10 dias (incluindo fins de semana) ap\u00f3s o dep\u00f3sito inicial (ou relevante).<br>Se o comerciante se tornar eleg\u00edvel para a 1 negocia\u00e7\u00e3o por nossa conta, ela ser\u00e1 adicionada \u00e0 sua conta mediante solicita\u00e7\u00e3o ou, em alguns casos, em at\u00e9 14 dias \u00fateis.<\/li>\n<li><strong><u>B\u00f4nus de anivers\u00e1rio<\/u><\/strong><br>O B\u00f4nus \u00e9 oferecido como um e-mail di\u00e1rio para os clientes que mantenham uma conta real e verificada, no dia do seu anivers\u00e1rio e pelo per\u00edodo de 7 (sete) dias a partir do dia do seu anivers\u00e1rio.<br>\n<ol class=\"lower-latin\">\n<li>Os clientes que depositarem o valor m\u00ednimo de $ \/ \u20ac \/ \u00a3 250 recebem:<br><b>I.<\/b>&nbsp;20% do com\u00e9rcio conosco<br><b>II.<\/b>&nbsp;50% de desconto em tipos de conta<\/li>\n<li>Novos clientes: B\u00f4nus de boas-vindas de 200% (pendente) no primeiro dep\u00f3sito.<br>O b\u00f4nus \u00e9 adicionado \u00e0 conta de negocia\u00e7\u00e3o e pode ser retirado somente quando os pontos de comerciante apropriados forem adquiridos. Se o cliente tinha um b\u00f4nus ativo antes de aceitar o novo b\u00f4nus, os pontos de troca para cada b\u00f4nus dever\u00e3o ser conclu\u00eddos antes que qualquer um deles possa ser liberado.<\/li>\n<\/ol>\n<\/li>\n<\/ol>\n<h2>Todas as adi\u00e7\u00f5es da Empresa aos termos do b\u00f4nus s\u00e3o finais.<\/h2>\n<p>Os Clientes s\u00e3o convidados a utilizar o B\u00f4nus da Empresa de forma justa e justificada, de acordo com os termos e condi\u00e7\u00f5es deste contrato. A Empresa reserva-se o direito de cancelar e at\u00e9 encerrar a conta do comerciante se suspeitar de qualquer forma de abuso ou transgress\u00e3o do B\u00f4nus por parte do comerciante, incluindo os motivos indicados na se\u00e7\u00e3o 23.<\/p>\n<p>A empresa deve concluir e decidir obstinadamente se os clientes abusaram e \/ ou usaram indevidamente sua plataforma e \/ ou seus b\u00f4nus.<\/p>\n<p>Todos os b\u00f4nus e benef\u00edcios favor\u00e1veis devem ser utilizados de acordo com o per\u00edodo de tempo predefinido da oferta.<\/p>\n<p>Em caso de abuso e \/ ou uso indevido dos termos do B\u00f4nus, a Empresa tem o direito de revogar o B\u00f4nus. Nesse caso, as decis\u00f5es da empresa ser\u00e3o finais. Qualquer altera\u00e7\u00e3o nos termos e condi\u00e7\u00f5es do B\u00f4nus est\u00e1 reservada para ser revogada exclusivamente pela empresa e posteriormente exibida em seu site.<\/p>\n<p>A aceita\u00e7\u00e3o do recebimento do B\u00f4nus, termos e condi\u00e7\u00f5es, e sua adi\u00e7\u00e3o \u00e0 conta do negociante vinculam o negociante aos termos e condi\u00e7\u00f5es do B\u00f4nus acima e a seguir.<\/p>\n<p>Salvo indica\u00e7\u00e3o em contr\u00e1rio, por escrito no Site da Empresa, ser\u00e1 um padr\u00e3o prazo de todo e qualquer B\u00f4nus que, para efetuar um saque, o Cliente estar\u00e1 necess\u00e1rio para realizar um volume total de negocia\u00e7\u00e3o (em lotes padr\u00e3o) de pelo menos 20% de o valor total do b\u00f4nus concedido a ele (o \u201cLimite de Retirada\u201d). O volume de negocia\u00e7\u00e3o necess\u00e1rio deve ser realizado em at\u00e9 45 dias.<\/p>\n<p>Para evitar quaisquer d\u00favidas, o m\u00e9todo de c\u00e1lculo acima referido dever\u00e1 obedecer ao seguinte exemplo: (B\u00f4nus Total concedido ao Cliente\/ 5) = Quantidade de Pontos de Negocia\u00e7\u00e3o necess\u00e1rios, por etapa, sendo que cada Ponto de Negocia\u00e7\u00e3o equivale a 1 Lote de Negocia\u00e7\u00e3o Padr\u00e3o.<\/p>\n<p>Uma vez que o Limite de Retirada foi atingido, as retiradas devem ser feitas de acordo com os T&amp;C do Site. Em qualquer caso em que tal Limite de Retirada n\u00e3o tenha sido feito pelo Cliente completamente, o Cliente n\u00e3o ser\u00e1 eleg\u00edvel para o b\u00f4nus parcial e \/ ou qualquer \u2013 valor do lucro que ele acumulou.<\/p>\t\t\t\t\t\t\t\t<\/div>\n\t\t\t\t<\/div>\n\t\t\t\t\t<\/div>\n\t\t<\/div>\n\t\t\t\t\t<\/div>\n\t\t<\/section>\n\t\t\t\t<\/div>\n\t\t","protected":false},"excerpt":{"rendered":"<p>Familiarize-se com todos os nossos programas oficiais de b\u00f4nus e recompensas. Home A empresa oferece uma variedade de programas de b\u00f4nus atraentes para seus clientes novos e existentes, que ativaram sua conta de negocia\u00e7\u00e3o. B\u00f4nus e \/ ou pr\u00eamios financeiros e \/ ou promo\u00e7\u00f5es (\u201cB\u00f4nus\u201d) concedidos aos Clientes fazem parte do programa de Promo\u00e7\u00f5es da [&hellip;]<\/p>\n","protected":false},"author":7,"featured_media":0,"parent":0,"menu_order":0,"comment_status":"closed","ping_status":"closed","template":"","meta":{"footnotes":""},"class_list":["post-1738","page","type-page","status-publish","hentry"],"_links":{"self":[{"href":"https:\/\/go4rex.com\/pt-br\/wp-json\/wp\/v2\/pages\/1738","targetHints":{"allow":["GET"]}}],"collection":[{"href":"https:\/\/go4rex.com\/pt-br\/wp-json\/wp\/v2\/pages"}],"about":[{"href":"https:\/\/go4rex.com\/pt-br\/wp-json\/wp\/v2\/types\/page"}],"author":[{"embeddable":true,"href":"https:\/\/go4rex.com\/pt-br\/wp-json\/wp\/v2\/users\/7"}],"replies":[{"embeddable":true,"href":"https:\/\/go4rex.com\/pt-br\/wp-json\/wp\/v2\/comments?post=1738"}],"version-history":[{"count":10,"href":"https:\/\/go4rex.com\/pt-br\/wp-json\/wp\/v2\/pages\/1738\/revisions"}],"predecessor-version":[{"id":4232,"href":"https:\/\/go4rex.com\/pt-br\/wp-json\/wp\/v2\/pages\/1738\/revisions\/4232"}],"wp:attachment":[{"href":"https:\/\/go4rex.com\/pt-br\/wp-json\/wp\/v2\/media?parent=1738"}],"curies":[{"name":"wp","href":"https:\/\/api.w.org\/{rel}","templated":true}]}}