{"id":952,"date":"2021-12-05T13:15:16","date_gmt":"2021-12-05T13:15:16","guid":{"rendered":"https:\/\/go4rex.com\/?page_id=952"},"modified":"2026-04-29T19:28:11","modified_gmt":"2026-04-29T19:28:11","slug":"account-types","status":"publish","type":"page","link":"https:\/\/go4rex.com\/es\/account-types\/","title":{"rendered":"Tipos de Cuentas"},"content":{"rendered":"\t\t<div data-elementor-type=\"wp-page\" data-elementor-id=\"952\" class=\"elementor elementor-952\" data-elementor-post-type=\"page\">\n\t\t\t\t\t\t<section class=\"ob-is-breaking-bad elementor-section elementor-top-section elementor-element elementor-element-2f47271 elementor-section-height-min-height elementor-section-boxed elementor-section-height-default elementor-section-items-middle\" data-id=\"2f47271\" data-element_type=\"section\" data-e-type=\"section\" data-settings=\"{&quot;background_background&quot;:&quot;classic&quot;,&quot;_ob_bbad_use_it&quot;:&quot;yes&quot;,&quot;_ob_bbad_sssic_use&quot;:&quot;no&quot;,&quot;_ob_glider_is_slider&quot;:&quot;no&quot;}\">\n\t\t\t\t\t\t\t<div class=\"elementor-background-overlay\"><\/div>\n\t\t\t\t\t\t\t<div class=\"elementor-container elementor-column-gap-default\">\n\t\t\t\t\t<div class=\"elementor-column elementor-col-100 elementor-top-column elementor-element elementor-element-8dbedd0\" data-id=\"8dbedd0\" data-element_type=\"column\" data-e-type=\"column\" data-settings=\"{&quot;_ob_bbad_is_stalker&quot;:&quot;no&quot;,&quot;_ob_teleporter_use&quot;:false,&quot;_ob_column_hoveranimator&quot;:&quot;no&quot;,&quot;_ob_column_has_pseudo&quot;:&quot;no&quot;}\">\n\t\t\t<div class=\"elementor-widget-wrap elementor-element-populated\">\n\t\t\t\t\t\t<div class=\"elementor-element elementor-element-d970751 ob-harakiri-inherit ob-has-background-overlay elementor-widget elementor-widget-heading\" data-id=\"d970751\" data-element_type=\"widget\" data-e-type=\"widget\" data-settings=\"{&quot;_ob_use_harakiri&quot;:&quot;yes&quot;,&quot;_ob_harakiri_writing_mode&quot;:&quot;inherit&quot;,&quot;_ob_harakiri_text_clip&quot;:&quot;none&quot;,&quot;_ob_perspektive_use&quot;:&quot;no&quot;,&quot;_ob_poopart_use&quot;:&quot;yes&quot;,&quot;_ob_shadough_use&quot;:&quot;no&quot;,&quot;_ob_allow_hoveranimator&quot;:&quot;no&quot;,&quot;_ob_widget_stalker_use&quot;:&quot;no&quot;}\" data-widget_type=\"heading.default\">\n\t\t\t\t<div class=\"elementor-widget-container\">\n\t\t\t\t\t<h1 class=\"elementor-heading-title elementor-size-default\">Sean cuales sean sus necesidades de inversi\u00f3n, Go4rex tiene una cuenta que las cubre perfectamente. <br>\nCompare nuestras 5 opciones aqu\u00ed para hacer su elecci\u00f3n.<\/h1>\t\t\t\t<\/div>\n\t\t\t\t<\/div>\n\t\t\t\t<div class=\"elementor-element elementor-element-6405d6c elementor-align-center ob-has-background-overlay elementor-widget elementor-widget-breadcrumbs\" data-id=\"6405d6c\" data-element_type=\"widget\" data-e-type=\"widget\" data-settings=\"{&quot;_ob_perspektive_use&quot;:&quot;no&quot;,&quot;_ob_poopart_use&quot;:&quot;yes&quot;,&quot;_ob_shadough_use&quot;:&quot;no&quot;,&quot;_ob_allow_hoveranimator&quot;:&quot;no&quot;,&quot;_ob_widget_stalker_use&quot;:&quot;no&quot;}\" data-widget_type=\"breadcrumbs.default\">\n\t\t\t\t<div class=\"elementor-widget-container\">\n\t\t\t\t\t<nav aria-label=\"breadcrumbs\" class=\"rank-math-breadcrumb\"><p><span class=\"last\">Home<\/span><\/p><\/nav>\t\t\t\t<\/div>\n\t\t\t\t<\/div>\n\t\t\t\t\t<\/div>\n\t\t<\/div>\n\t\t\t\t\t<\/div>\n\t\t<\/section>\n\t\t\t\t<section class=\"ob-is-breaking-bad elementor-section elementor-top-section elementor-element elementor-element-9a44150 elementor-section-boxed elementor-section-height-default elementor-section-height-default\" data-id=\"9a44150\" data-element_type=\"section\" data-e-type=\"section\" data-settings=\"{&quot;_ob_bbad_use_it&quot;:&quot;yes&quot;,&quot;_ob_bbad_sssic_use&quot;:&quot;no&quot;,&quot;_ob_glider_is_slider&quot;:&quot;no&quot;}\">\n\t\t\t\t\t\t<div class=\"elementor-container elementor-column-gap-default\">\n\t\t\t\t\t<div class=\"elementor-column elementor-col-100 elementor-top-column elementor-element elementor-element-9134666\" data-id=\"9134666\" data-element_type=\"column\" data-e-type=\"column\" data-settings=\"{&quot;_ob_bbad_is_stalker&quot;:&quot;no&quot;,&quot;_ob_teleporter_use&quot;:false,&quot;_ob_column_hoveranimator&quot;:&quot;no&quot;,&quot;_ob_column_has_pseudo&quot;:&quot;no&quot;}\">\n\t\t\t<div class=\"elementor-widget-wrap elementor-element-populated\">\n\t\t\t\t\t\t<div class=\"elementor-element elementor-element-802f8f1 ob-harakiri-inherit ob-has-background-overlay elementor-widget elementor-widget-text-editor\" data-id=\"802f8f1\" data-element_type=\"widget\" data-e-type=\"widget\" data-settings=\"{&quot;_ob_use_harakiri&quot;:&quot;yes&quot;,&quot;_ob_harakiri_writing_mode&quot;:&quot;inherit&quot;,&quot;_ob_postman_use&quot;:&quot;no&quot;,&quot;_ob_perspektive_use&quot;:&quot;no&quot;,&quot;_ob_poopart_use&quot;:&quot;yes&quot;,&quot;_ob_shadough_use&quot;:&quot;no&quot;,&quot;_ob_allow_hoveranimator&quot;:&quot;no&quot;,&quot;_ob_widget_stalker_use&quot;:&quot;no&quot;}\" data-widget_type=\"text-editor.default\">\n\t\t\t\t<div class=\"elementor-widget-container\">\n\t\t\t\t\t\t\t\t\t<p>\u00a0<\/p><div class=\"table-wrapper\"><table class=\"fl-table\"><thead><tr><th class=\"header1 align-left\">Especificaciones de cuentas<\/th><th class=\"header2\">Cl\u00e1sica<\/th><th class=\"header3\">Plata<\/th><th class=\"header4\">Oro<\/th><th class=\"header5\">VIP<\/th><\/tr><\/thead><tbody><tr><td class=\"first-column1 align-left\">Apalancamiento: hasta<\/td><td class=\"lighter-dark-column1\">1:200<\/td><td>1:200<\/td><td class=\"lighter-dark-column1\">1:300<\/td><td>1:400<\/td><\/tr><tr><td class=\"first-column1 align-left\">Spreads indicativos<\/td><td class=\"dark-column1\">2.5 pips EUR\/USD<br \/>2.8 pips GBP\/USD<br \/>2.8 pips USD\/JPY<br \/>0.14 Petr\u00f3leo crudo<\/td><td>2.0 pips EUR\/USD<br \/>2.1 pips GBP\/USD<br \/>2.2 pips USD\/JPY<br \/>0.12 Petr\u00f3leo crudo<\/td><td class=\"dark-column1\">1.8 pips EUR\/USD<br \/>2.0 pips GBP\/USD<br \/>2.0 pips USD\/JPY<br \/>0.10 Petr\u00f3leo crudo<\/td><td>1.3 pips EUR\/USD<br \/>1.5 pips GBP\/USD<br \/>1.5 pips USD\/JPY<br \/>0.05 Petr\u00f3leo crudo<\/td><\/tr><tr><td class=\"first-column1 align-left\">Periodo de descuento en swaps<\/td><td class=\"lighter-dark-column1 dash\">&#8211;<\/td><td class=\"dash\">&#8211;<\/td><td class=\"lighter-dark-column1\">Disponible<\/td><td>Disponible<\/td><\/tr><tr><td class=\"first-column1 align-left\">Instrumentos<\/td><td class=\"dark-column1\">Forex<br \/>Materias primas<\/td><td>Forex<br \/>Materias primas<br \/>\u00cdndices<\/td><td class=\"dark-column1\">Forex<br \/>Materias primas<br \/>\u00cdndices<br \/>Acciones<\/td><td>Forex<br \/>Materias primas<br \/>\u00cdndices<br \/>Acciones<br \/>Criptomonedas<\/td><\/tr><tr><td class=\"first-column1 align-left\">Ajustes de margen<\/td><td class=\"lighter-dark-column1\">100%<\/td><td>100%<\/td><td class=\"lighter-dark-column1\">100%<\/td><td>100%<\/td><\/tr><tr><td class=\"first-column1 align-left\">Stop Out<\/td><td class=\"dark-column1\">35%<\/td><td>35%<\/td><td class=\"dark-column1\">35%<\/td><td>35%<\/td><\/tr><tr><td class=\"first-column1 align-left\">Volumen m\u00e1ximo por operaci\u00f3n<\/td><td class=\"lighter-dark-column1\">25 lotes<\/td><td>50 lotes<\/td><td class=\"lighter-dark-column1\">75 lotes<\/td><td>100 lotes<\/td><\/tr><tr><td class=\"first-column1 align-left\">Protecci\u00f3n contra saldo negativo<\/td><td class=\"dark-column1\">Disponible<\/td><td>Disponible<\/td><td class=\"dark-column1\">Disponible<\/td><td>Disponible<\/td><\/tr><tr><td class=\"first-column1 align-left\">Soporte gratuito<\/td><td class=\"lighter-dark-column1\">Soporte est\u00e1ndar<\/td><td>Soporte prioritario<\/td><td class=\"lighter-dark-column1\">Soporte prioritario<\/td><td>Soporte VIP<\/td><\/tr><tr><td class=\"first-column1 align-left\">Formaci\u00f3n gratuita de trading<\/td><td class=\"dark-column1\">Materiales b\u00e1sicos<\/td><td>Formaci\u00f3n b\u00e1sica<\/td><td class=\"dark-column1\">Formaci\u00f3n avanzada<\/td><td>Formaci\u00f3n personal<\/td><\/tr><tr><td class=\"first-column1 bottom-cell-left align-left\">Dep\u00f3sito m\u00ednimo<\/td><td class=\"lighter-dark-column1\">1,000 USD<\/td><td>2,500 USD<\/td><td class=\"lighter-dark-column1\">10,000 USD<\/td><td class=\"bottom-cell-right\">20,000 USD<\/td><\/tr><\/tbody><\/table><\/div>\t\t\t\t\t\t\t\t<\/div>\n\t\t\t\t<\/div>\n\t\t\t\t\t<\/div>\n\t\t<\/div>\n\t\t\t\t\t<\/div>\n\t\t<\/section>\n\t\t\t\t<\/div>\n\t\t","protected":false},"excerpt":{"rendered":"<p>Sean cuales sean sus necesidades de inversi\u00f3n, Go4rex tiene una cuenta que las cubre perfectamente. Compare nuestras 5 opciones aqu\u00ed para hacer su elecci\u00f3n. Home \u00a0 Especificaciones de cuentas Cl\u00e1sica Plata Oro VIP Apalancamiento: hasta 1:200 1:200 1:300 1:400 Spreads indicativos 2.5 pips EUR\/USD2.8 pips GBP\/USD2.8 pips USD\/JPY0.14 Petr\u00f3leo crudo 2.0 pips EUR\/USD2.1 pips GBP\/USD2.2 [&hellip;]<\/p>\n","protected":false},"author":7,"featured_media":0,"parent":0,"menu_order":0,"comment_status":"closed","ping_status":"closed","template":"","meta":{"footnotes":""},"class_list":["post-952","page","type-page","status-publish","hentry"],"_links":{"self":[{"href":"https:\/\/go4rex.com\/es\/wp-json\/wp\/v2\/pages\/952","targetHints":{"allow":["GET"]}}],"collection":[{"href":"https:\/\/go4rex.com\/es\/wp-json\/wp\/v2\/pages"}],"about":[{"href":"https:\/\/go4rex.com\/es\/wp-json\/wp\/v2\/types\/page"}],"author":[{"embeddable":true,"href":"https:\/\/go4rex.com\/es\/wp-json\/wp\/v2\/users\/7"}],"replies":[{"embeddable":true,"href":"https:\/\/go4rex.com\/es\/wp-json\/wp\/v2\/comments?post=952"}],"version-history":[{"count":52,"href":"https:\/\/go4rex.com\/es\/wp-json\/wp\/v2\/pages\/952\/revisions"}],"predecessor-version":[{"id":5354,"href":"https:\/\/go4rex.com\/es\/wp-json\/wp\/v2\/pages\/952\/revisions\/5354"}],"wp:attachment":[{"href":"https:\/\/go4rex.com\/es\/wp-json\/wp\/v2\/media?parent=952"}],"curies":[{"name":"wp","href":"https:\/\/api.w.org\/{rel}","templated":true}]}}