{"id":3785,"date":"2022-12-04T10:44:28","date_gmt":"2022-12-04T10:44:28","guid":{"rendered":"https:\/\/go4rex.com\/terms-and-conditions-for-the-use-of-the-website\/"},"modified":"2023-01-18T15:15:50","modified_gmt":"2023-01-18T15:15:50","slug":"terms-and-conditions-for-the-use-of-the-website","status":"publish","type":"page","link":"https:\/\/go4rex.com\/es\/terms-and-conditions-for-the-use-of-the-website\/","title":{"rendered":"T\u00c9RMINOS Y CONDICIONES PARA EL USO DEL SITIO WEB"},"content":{"rendered":"\t\t<div data-elementor-type=\"wp-page\" data-elementor-id=\"3785\" class=\"elementor elementor-3785 elementor-3718\" data-elementor-post-type=\"page\">\n\t\t\t\t\t\t<section class=\"ob-is-breaking-bad elementor-section elementor-top-section elementor-element elementor-element-861e932 elementor-section-height-min-height elementor-section-boxed elementor-section-height-default elementor-section-items-middle\" data-id=\"861e932\" data-element_type=\"section\" data-e-type=\"section\" data-settings=\"{&quot;background_background&quot;:&quot;classic&quot;,&quot;_ob_bbad_use_it&quot;:&quot;yes&quot;,&quot;_ob_bbad_sssic_use&quot;:&quot;no&quot;,&quot;_ob_glider_is_slider&quot;:&quot;no&quot;}\">\n\t\t\t\t\t\t\t<div class=\"elementor-background-overlay\"><\/div>\n\t\t\t\t\t\t\t<div class=\"elementor-container elementor-column-gap-default\">\n\t\t\t\t\t<div class=\"elementor-column elementor-col-100 elementor-top-column elementor-element elementor-element-1e985b0\" data-id=\"1e985b0\" data-element_type=\"column\" data-e-type=\"column\" data-settings=\"{&quot;_ob_bbad_is_stalker&quot;:&quot;no&quot;,&quot;_ob_teleporter_use&quot;:false,&quot;_ob_column_hoveranimator&quot;:&quot;no&quot;,&quot;_ob_column_has_pseudo&quot;:&quot;no&quot;}\">\n\t\t\t<div class=\"elementor-widget-wrap elementor-element-populated\">\n\t\t\t\t\t\t<div class=\"elementor-element elementor-element-562cb73 ob-harakiri-inherit ob-has-background-overlay elementor-widget elementor-widget-heading\" data-id=\"562cb73\" data-element_type=\"widget\" data-e-type=\"widget\" data-settings=\"{&quot;_ob_use_harakiri&quot;:&quot;yes&quot;,&quot;_ob_harakiri_writing_mode&quot;:&quot;inherit&quot;,&quot;_ob_harakiri_text_clip&quot;:&quot;none&quot;,&quot;_ob_perspektive_use&quot;:&quot;no&quot;,&quot;_ob_poopart_use&quot;:&quot;yes&quot;,&quot;_ob_shadough_use&quot;:&quot;no&quot;,&quot;_ob_allow_hoveranimator&quot;:&quot;no&quot;,&quot;_ob_widget_stalker_use&quot;:&quot;no&quot;}\" data-widget_type=\"heading.default\">\n\t\t\t\t<div class=\"elementor-widget-container\">\n\t\t\t\t\t<h1 class=\"elementor-heading-title elementor-size-default\">Aseg\u00farese de leer y comprender nuestros t\u00e9rminos y condiciones antes de empezar a operar con nosotros.\n<\/h1>\t\t\t\t<\/div>\n\t\t\t\t<\/div>\n\t\t\t\t<div class=\"elementor-element elementor-element-c2bd5c8 elementor-align-center ob-has-background-overlay elementor-widget elementor-widget-breadcrumbs\" data-id=\"c2bd5c8\" data-element_type=\"widget\" data-e-type=\"widget\" data-settings=\"{&quot;_ob_perspektive_use&quot;:&quot;no&quot;,&quot;_ob_poopart_use&quot;:&quot;yes&quot;,&quot;_ob_shadough_use&quot;:&quot;no&quot;,&quot;_ob_allow_hoveranimator&quot;:&quot;no&quot;,&quot;_ob_widget_stalker_use&quot;:&quot;no&quot;}\" data-widget_type=\"breadcrumbs.default\">\n\t\t\t\t<div class=\"elementor-widget-container\">\n\t\t\t\t\t<nav aria-label=\"breadcrumbs\" class=\"rank-math-breadcrumb\"><p><span class=\"last\">Home<\/span><\/p><\/nav>\t\t\t\t<\/div>\n\t\t\t\t<\/div>\n\t\t\t\t\t<\/div>\n\t\t<\/div>\n\t\t\t\t\t<\/div>\n\t\t<\/section>\n\t\t\t\t<section class=\"ob-is-breaking-bad elementor-section elementor-top-section elementor-element elementor-element-5351b46 elementor-section-boxed elementor-section-height-default elementor-section-height-default\" data-id=\"5351b46\" data-element_type=\"section\" data-e-type=\"section\" data-settings=\"{&quot;_ob_bbad_use_it&quot;:&quot;yes&quot;,&quot;_ob_bbad_sssic_use&quot;:&quot;no&quot;,&quot;_ob_glider_is_slider&quot;:&quot;no&quot;}\">\n\t\t\t\t\t\t<div class=\"elementor-container elementor-column-gap-default\">\n\t\t\t\t\t<div class=\"elementor-column elementor-col-100 elementor-top-column elementor-element elementor-element-295503f\" data-id=\"295503f\" data-element_type=\"column\" data-e-type=\"column\" data-settings=\"{&quot;_ob_bbad_is_stalker&quot;:&quot;no&quot;,&quot;_ob_teleporter_use&quot;:false,&quot;_ob_column_hoveranimator&quot;:&quot;no&quot;,&quot;_ob_column_has_pseudo&quot;:&quot;no&quot;}\">\n\t\t\t<div class=\"elementor-widget-wrap elementor-element-populated\">\n\t\t\t\t\t\t<div class=\"elementor-element elementor-element-cf9a156 ob-harakiri-inherit ob-has-background-overlay elementor-widget elementor-widget-text-editor\" data-id=\"cf9a156\" data-element_type=\"widget\" data-e-type=\"widget\" data-settings=\"{&quot;_ob_use_harakiri&quot;:&quot;yes&quot;,&quot;_ob_harakiri_writing_mode&quot;:&quot;inherit&quot;,&quot;_ob_postman_use&quot;:&quot;no&quot;,&quot;_ob_perspektive_use&quot;:&quot;no&quot;,&quot;_ob_poopart_use&quot;:&quot;yes&quot;,&quot;_ob_shadough_use&quot;:&quot;no&quot;,&quot;_ob_allow_hoveranimator&quot;:&quot;no&quot;,&quot;_ob_widget_stalker_use&quot;:&quot;no&quot;}\" data-widget_type=\"text-editor.default\">\n\t\t\t\t<div class=\"elementor-widget-container\">\n\t\t\t\t\t\t\t\t\t<p>Este contrato lo celebran Go4rex (en adelante la \u201cEmpresa\u201d o \u201cnosotros\u201d) por una parte y el Cliente (que puede ser un ente legal o una persona f\u00edsica), quien ha completado el formulario de apertura de cuenta y fue aceptado por la Empresa como Cliente (\u201cCliente\u201d o \u201custed\u201d), por otro.<\/p><p><strong>Marcas registradas-Derechos de propiedad intelectual<\/strong><\/p><p>La Empresa es la propietaria del derecho de autor de las p\u00e1ginas y de las pantallas que se muestran en este sitio web, y de la informaci\u00f3n y el material en el mismo y de su organizaci\u00f3n, a menos que se indique lo contrario. La Empresa posee los derechos exclusivos o licencias para utilizarla, o cualquier otro tipo de licencia para todos los tipos de nombres registrados y marcas registradas que contenga y\/o aparezcan en este sitio web.<\/p><p><strong>Cambio de informaci\u00f3n y materiales<\/strong><\/p><p>Toda la informaci\u00f3n en los materiales contenidos en el sitio web de la Empresa, y todos los t\u00e9rminos y condiciones, prerrequisitos y descripciones contenidas en la misma, est\u00e1n sujetos a cambios sin previo aviso.<\/p><p><strong>Limitaci\u00f3n de responsabilidad<\/strong><\/p><p>La Empresa no proporciona ninguna garant\u00eda sobre la precisi\u00f3n, adecuaci\u00f3n o integridad de la informaci\u00f3n y los materiales contenidos en su sitio web y rechaza expresamente cualquier responsabilidad por errores y\/u omisiones relacionadas en este sentido. La Empresa no proporciona ninguna garant\u00eda de ning\u00fan tipo expresamente indicada o reglamentaria, incluyendo, entre otras, las garant\u00edas de no violaci\u00f3n de derechos de terceros, titularidad, comerciabilidad, adecuaci\u00f3n para un prop\u00f3sito en particular y ausencia de virus inform\u00e1ticos, junto con la informaci\u00f3n y materiales incluidos. Los hiperv\u00ednculos a otros recursos de Internet los seguir\u00e1 bajo su propio riesgo; el contenido, precisi\u00f3n, opiniones expresadas y otros enlaces proporcionados por estos recursos no est\u00e1n controlados, verificados y\/o avalados por la Empresa. La Empresa no ser\u00e1 responsable por a) da\u00f1os, p\u00e9rdidas o gastos que surjan en relaci\u00f3n a este sitio web o a su uso o su incapacidad de usarlo o relacionados con la incapacidad de ejecutar una orden, error, omisi\u00f3n, interrupci\u00f3n, fallo, retraso en el funcionamiento o en la transmisi\u00f3n, virus inform\u00e1ticos, fallos de comunicaci\u00f3n o de la l\u00ednea o fallo del sistema, incluso si la Empresa o sus representantes hubieran sido informados de la posibilidad de dichos da\u00f1os, p\u00e9rdidas o costos y b) por errores o imprecisiones en el proceso de transmisi\u00f3n de datos y\/o de \u00f3rdenes en inversiones de CFD o instrucciones del Cliente\/visitante del sitio, interferencia, suplantaci\u00f3n fraudulenta, violaci\u00f3n de c\u00f3digos de acceso secretos, registro o transmisi\u00f3n err\u00f3nea del mensaje fallo del sistema por causas de fuerza mayor o por cualquier otra causa que no sea debida a una violaci\u00f3n de lo anterior tampoco por la Empresa. La Empresa no ser\u00e1 responsable por ning\u00fan da\u00f1o que pudiera producirse el hardware o software del usuario que surgiera como resultado del uso de este sitio web y\/o en conexi\u00f3n con este sitio web, con otros sitios web o con recursos de Internet.<\/p><p><strong>Usuarios previstos<\/strong><\/p><p>Este sitio web no est\u00e1 previsto para ninguna persona o entidad en ninguna jurisdicci\u00f3n o pa\u00eds donde dicha distribuci\u00f3n o uso fuera contrario a la ley o normativa local.<\/p><p><strong>Cookies<\/strong><\/p><p>Cuando usa nuestro software, nos permitir\u00e1 utilizar cookies relacionadas con su acceso a nuestro sitio web. Las cookies son peque\u00f1os archivos de informaci\u00f3n que suelen incluir un n\u00famero identificativo \u00fanico que se almacena en el disco duro de su ordenador como resultado de utilizar este software de inversi\u00f3n y acceder al sitio web. El prop\u00f3sito de esta informaci\u00f3n es proporcionarle una experiencia m\u00e1s relevante y efectiva del sitio web, incluyendo la presentaci\u00f3n de sitios web seg\u00fan sus necesidades o preferencias. Las cookies suelen usarse en muchos sitios web en Internet y puede elegir aceptar una cookie o no cambiando sus preferencias y opciones en su navegador. Algunos de nuestros socios comerciales ( por ejemplo, anunciantes) utilizan cookies en nuestro sitio web. No tenemos acceso ni controlamos estas cookies.\u00a0 Las cookies no contienen informaci\u00f3n de identificaci\u00f3n personal ni se utilizan para identificarle. Puede optar por desactivar las cookies. No obstante, tal vez no pueda acceder a algunas partes de este sitio web si decide deshabilitar las cookies en su navegador, sobre todo las partes seguras de este sitio web. Para m\u00e1s informaci\u00f3n relacionada con las cookies y c\u00f3mo desactivarlas, consulte\u00a0www.allaboutcookies.org.<\/p><p><strong>Enlaces a terceros<\/strong><\/p><p>Este sitio web contiene enlaces a sitios web operados por terceros. Proporcionamos los enlaces para su comodidad, pero no revisamos ni controlamos la privacidad y otras pr\u00e1cticas de los sitios web operados por terceros. No somos responsables por el funcionamiento de los sitios web operados por terceros o por sus operaciones relacionadas con ellos.Datos personales\u00a0Cualquier dato personal que recabamos a trav\u00e9s de este sitio web, se procesar\u00e1 seg\u00fan la ley de datos personales, seg\u00fan se modifique o se reemplace ocasionalmente. Yo, el usuario de este sitio web, acepto que:<\/p><p>(I) la Empresa tiene derecho a procesar datos personales para apoyar, promover o ejecutar nuestras relaciones.<\/p><p>(II) la Empresa no comunicar\u00e1 ni divulgar\u00e1 dichos datos personales a terceros, a menos que pertenezcan a:<\/p><p>(1) una Empresa a quien la Empresa ha asignado parcialmente la realizaci\u00f3n del procesamiento de dichos datos de acuerdo con la ley,<\/p><p>(2) una comunicaci\u00f3n o divulgaci\u00f3n que sea solicitada por ley o por una decisi\u00f3n de un tribunal y<\/p><p>(3) si yo soy un Cliente de la Empresa seg\u00fan la Pol\u00edtica de privacidad que tambi\u00e9n se aplica para m\u00ed.<\/p><p>(III) \u00a0\u00a0\u00a0 A menos que espec\u00edficamente lo instruya yo, la Empresa tendr\u00e1 derecho de utilizar dichos datos personales, a excepci\u00f3n de datos personales sensibles, para promocionar de forma remota sus productos financieros y\/o cualquier producto o servicio proporcionado por otras compa\u00f1\u00edas filiales.<\/p><p>(IV) Lo anterior se aplicar\u00e1 tanto a clientes actuales de la Empresa como a solicitantes de cualquier servicio, sin importar si la solicitud ha sido aceptada o rechazada. La Pol\u00edtica de privacidad tambi\u00e9n se aplica a los clientes de la Empresa.<\/p><p><strong>Leyes aplicables<br \/><\/strong>El uso de este sitio web estar\u00e1 regido por las leyes de Seychelles.<\/p>\t\t\t\t\t\t\t\t<\/div>\n\t\t\t\t<\/div>\n\t\t\t\t\t<\/div>\n\t\t<\/div>\n\t\t\t\t\t<\/div>\n\t\t<\/section>\n\t\t\t\t<\/div>\n\t\t","protected":false},"excerpt":{"rendered":"<p>Aseg\u00farese de leer y comprender nuestros t\u00e9rminos y condiciones antes de empezar a operar con nosotros. Este contrato lo celebran Go4rex (en adelante la \u201cEmpresa\u201d o \u201cnosotros\u201d) por una parte y el Cliente (que puede ser un ente legal o una persona f\u00edsica), quien ha completado el formulario de apertura de cuenta y fue aceptado [&hellip;]<\/p>\n","protected":false},"author":7,"featured_media":0,"parent":0,"menu_order":0,"comment_status":"closed","ping_status":"closed","template":"","meta":{"footnotes":""},"class_list":["post-3785","page","type-page","status-publish","hentry"],"_links":{"self":[{"href":"https:\/\/go4rex.com\/es\/wp-json\/wp\/v2\/pages\/3785","targetHints":{"allow":["GET"]}}],"collection":[{"href":"https:\/\/go4rex.com\/es\/wp-json\/wp\/v2\/pages"}],"about":[{"href":"https:\/\/go4rex.com\/es\/wp-json\/wp\/v2\/types\/page"}],"author":[{"embeddable":true,"href":"https:\/\/go4rex.com\/es\/wp-json\/wp\/v2\/users\/7"}],"replies":[{"embeddable":true,"href":"https:\/\/go4rex.com\/es\/wp-json\/wp\/v2\/comments?post=3785"}],"version-history":[{"count":13,"href":"https:\/\/go4rex.com\/es\/wp-json\/wp\/v2\/pages\/3785\/revisions"}],"predecessor-version":[{"id":3823,"href":"https:\/\/go4rex.com\/es\/wp-json\/wp\/v2\/pages\/3785\/revisions\/3823"}],"wp:attachment":[{"href":"https:\/\/go4rex.com\/es\/wp-json\/wp\/v2\/media?parent=3785"}],"curies":[{"name":"wp","href":"https:\/\/api.w.org\/{rel}","templated":true}]}}