{"id":3774,"date":"2022-12-04T10:34:48","date_gmt":"2022-12-04T10:34:48","guid":{"rendered":"https:\/\/go4rex.com\/interpretation-of-terms\/"},"modified":"2023-01-18T15:05:21","modified_gmt":"2023-01-18T15:05:21","slug":"interpretation-of-terms","status":"publish","type":"page","link":"https:\/\/go4rex.com\/es\/interpretation-of-terms\/","title":{"rendered":"Interpretaci\u00f3n de t\u00e9rminos"},"content":{"rendered":"\t\t<div data-elementor-type=\"wp-page\" data-elementor-id=\"3774\" class=\"elementor elementor-3774 elementor-3704\" data-elementor-post-type=\"page\">\n\t\t\t\t\t\t<section class=\"ob-is-breaking-bad elementor-section elementor-top-section elementor-element elementor-element-861e932 elementor-section-height-min-height elementor-section-boxed elementor-section-height-default elementor-section-items-middle\" data-id=\"861e932\" data-element_type=\"section\" data-e-type=\"section\" data-settings=\"{&quot;background_background&quot;:&quot;classic&quot;,&quot;_ob_bbad_use_it&quot;:&quot;yes&quot;,&quot;_ob_bbad_sssic_use&quot;:&quot;no&quot;,&quot;_ob_glider_is_slider&quot;:&quot;no&quot;}\">\n\t\t\t\t\t\t\t<div class=\"elementor-background-overlay\"><\/div>\n\t\t\t\t\t\t\t<div class=\"elementor-container elementor-column-gap-default\">\n\t\t\t\t\t<div class=\"elementor-column elementor-col-100 elementor-top-column elementor-element elementor-element-1e985b0\" data-id=\"1e985b0\" data-element_type=\"column\" data-e-type=\"column\" data-settings=\"{&quot;_ob_bbad_is_stalker&quot;:&quot;no&quot;,&quot;_ob_teleporter_use&quot;:false,&quot;_ob_column_hoveranimator&quot;:&quot;no&quot;,&quot;_ob_column_has_pseudo&quot;:&quot;no&quot;}\">\n\t\t\t<div class=\"elementor-widget-wrap elementor-element-populated\">\n\t\t\t\t\t\t<div class=\"elementor-element elementor-element-562cb73 ob-harakiri-inherit ob-has-background-overlay elementor-widget elementor-widget-heading\" data-id=\"562cb73\" data-element_type=\"widget\" data-e-type=\"widget\" data-settings=\"{&quot;_ob_use_harakiri&quot;:&quot;yes&quot;,&quot;_ob_harakiri_writing_mode&quot;:&quot;inherit&quot;,&quot;_ob_harakiri_text_clip&quot;:&quot;none&quot;,&quot;_ob_perspektive_use&quot;:&quot;no&quot;,&quot;_ob_poopart_use&quot;:&quot;yes&quot;,&quot;_ob_shadough_use&quot;:&quot;no&quot;,&quot;_ob_allow_hoveranimator&quot;:&quot;no&quot;,&quot;_ob_widget_stalker_use&quot;:&quot;no&quot;}\" data-widget_type=\"heading.default\">\n\t\t\t\t<div class=\"elementor-widget-container\">\n\t\t\t\t\t<h1 class=\"elementor-heading-title elementor-size-default\">Aseg\u00farese de leer y comprender nuestros t\u00e9rminos y condiciones antes de empezar a operar con nosotros.<\/h1>\t\t\t\t<\/div>\n\t\t\t\t<\/div>\n\t\t\t\t<div class=\"elementor-element elementor-element-c2bd5c8 elementor-align-center ob-has-background-overlay elementor-widget elementor-widget-breadcrumbs\" data-id=\"c2bd5c8\" data-element_type=\"widget\" data-e-type=\"widget\" data-settings=\"{&quot;_ob_perspektive_use&quot;:&quot;no&quot;,&quot;_ob_poopart_use&quot;:&quot;yes&quot;,&quot;_ob_shadough_use&quot;:&quot;no&quot;,&quot;_ob_allow_hoveranimator&quot;:&quot;no&quot;,&quot;_ob_widget_stalker_use&quot;:&quot;no&quot;}\" data-widget_type=\"breadcrumbs.default\">\n\t\t\t\t<div class=\"elementor-widget-container\">\n\t\t\t\t\t<nav aria-label=\"breadcrumbs\" class=\"rank-math-breadcrumb\"><p><span class=\"last\">Home<\/span><\/p><\/nav>\t\t\t\t<\/div>\n\t\t\t\t<\/div>\n\t\t\t\t\t<\/div>\n\t\t<\/div>\n\t\t\t\t\t<\/div>\n\t\t<\/section>\n\t\t\t\t<section class=\"ob-is-breaking-bad elementor-section elementor-top-section elementor-element elementor-element-5351b46 elementor-section-boxed elementor-section-height-default elementor-section-height-default\" data-id=\"5351b46\" data-element_type=\"section\" data-e-type=\"section\" data-settings=\"{&quot;_ob_bbad_use_it&quot;:&quot;yes&quot;,&quot;_ob_bbad_sssic_use&quot;:&quot;no&quot;,&quot;_ob_glider_is_slider&quot;:&quot;no&quot;}\">\n\t\t\t\t\t\t<div class=\"elementor-container elementor-column-gap-default\">\n\t\t\t\t\t<div class=\"elementor-column elementor-col-100 elementor-top-column elementor-element elementor-element-295503f\" data-id=\"295503f\" data-element_type=\"column\" data-e-type=\"column\" data-settings=\"{&quot;_ob_bbad_is_stalker&quot;:&quot;no&quot;,&quot;_ob_teleporter_use&quot;:false,&quot;_ob_column_hoveranimator&quot;:&quot;no&quot;,&quot;_ob_column_has_pseudo&quot;:&quot;no&quot;}\">\n\t\t\t<div class=\"elementor-widget-wrap elementor-element-populated\">\n\t\t\t\t\t\t<div class=\"elementor-element elementor-element-cf9a156 ob-harakiri-inherit ob-has-background-overlay elementor-widget elementor-widget-text-editor\" data-id=\"cf9a156\" data-element_type=\"widget\" data-e-type=\"widget\" data-settings=\"{&quot;_ob_use_harakiri&quot;:&quot;yes&quot;,&quot;_ob_harakiri_writing_mode&quot;:&quot;inherit&quot;,&quot;_ob_postman_use&quot;:&quot;no&quot;,&quot;_ob_perspektive_use&quot;:&quot;no&quot;,&quot;_ob_poopart_use&quot;:&quot;yes&quot;,&quot;_ob_shadough_use&quot;:&quot;no&quot;,&quot;_ob_allow_hoveranimator&quot;:&quot;no&quot;,&quot;_ob_widget_stalker_use&quot;:&quot;no&quot;}\" data-widget_type=\"text-editor.default\">\n\t\t\t\t<div class=\"elementor-widget-container\">\n\t\t\t\t\t\t\t\t\t<p><strong>\u201cOperaci\u00f3n abusiva\u201d<\/strong>\u00a0incluye cualquiera de las siguientes acciones, entre otras: colocar \u00f3rdenes de \u201cprecio tope de compra\u201d o \u201cprecio tope de venta\u201d antes de liberar los datos financieros, arbitraje, manipulaciones, una combinaci\u00f3n de fuentes m\u00e1s r\u00e1pidas\/m\u00e1s lentas, abuso en la la funci\u00f3n de cancelaci\u00f3n de operaciones disponible en la plataforma o uso (sin el consentimiento escrito previo de la Empresa) de cualquier software que aplique an\u00e1lisis de inteligencia artificial en los sistemas de la Empresa y\/o plataforma, y\/o en la cuenta del Cliente.<\/p><p><strong>\u201cDatos de acceso\u201d<\/strong>\u00a0significa el inicio de sesi\u00f3n y contrase\u00f1a del Cliente, necesarios para tener acceso y utilizar la plataforma y el n\u00famero de ID, necesario para colocar \u00f3rdenes por tel\u00e9fono y cualquier otro c\u00f3digo secreto emitido por la Empresa al Cliente.<\/p><p><strong>\u201cFormulario de apertura de cuenta\u201d<\/strong>\u00a0significa el formulario\/cuestionario completado por el Cliente para solicitar los servicios de la Empresa bajo este contrato y una cuenta del Cliente, a trav\u00e9s del cual la Empresa obtendr\u00e1 entre otras cosas informaci\u00f3n de identificaci\u00f3n del Cliente, su clasificaci\u00f3n y adecuaci\u00f3n o idoneidad (seg\u00fan corresponda) de acuerdo con la normativa aplicable.<\/p><p><strong>\u201cAfiliado\u201d<\/strong>\u00a0significa en relaci\u00f3n con la Empresa, cualquier entidad que controle o sea controlada directa o indirectamente por la Empresa, o cualquier entidad directa o indirectamente bajo el control com\u00fan con la Empresa; y \u201ccontrol\u201d significa el poder de dirigir o la presencia de base para gestionar los asuntos de la Empresa o la entidad.<\/p><p><strong>\u201cContrato\u201d<\/strong>\u00a0o \u201c<strong>contrato del Cliente<\/strong>\u201d significa los <strong>T\u00c9RMINOS Y CONDICIONES DE GO4REX<\/strong> junto con todos sus documentos legales, que pueden consultarse en la secci\u00f3n legal de nuestro sitio web.<\/p><p><strong>\u201cDe venta\u201d<\/strong>\u00a0significa el precio m\u00e1s alto en una cotizaci\u00f3n al que el Cliente comprar\u00eda.<\/p><p><strong>\u201cRepresentante autorizado\u201d<\/strong>\u00a0significa la persona del p\u00e1rrafo del contrato del Cliente.<\/p><p><strong>\u201cSaldo\u201d<\/strong>\u00a0significa el resultado financiero total en la cuenta del Cliente despu\u00e9s de la \u00faltima transacci\u00f3n completada y la \u00faltima operaci\u00f3n de dep\u00f3sito\/retiro en cualquier periodo de tiempo.<\/p><p><strong>\u201cDivisa base\u201d<\/strong>\u00a0significa la primera divisa en el par de divisas con respecto a la cual el Cliente compra o vende la divisa cotizada.<\/p><p><strong>\u201cDe compra\u201d<\/strong>\u00a0significa el precio m\u00e1s bajo en una cotizaci\u00f3n al que el Cliente vender\u00eda.<\/p><p><strong>\u201cD\u00eda laborable\u201d<\/strong>\u00a0significa cualquier d\u00eda laborable que no sea s\u00e1bado ni domingo, el 25 de diciembre o el 1 de enero.<\/p><p><strong>\u201cCuenta de Cliente\u201d<\/strong>\u00a0significa la cuenta \u00fanica personalizada del Cliente formada por todas las transacciones completadas, posiciones abiertas y \u00f3rdenes en la plataforma, el saldo del dinero del Cliente y las transacciones de dep\u00f3sito\/retiro del dinero del Cliente.<\/p><p><strong>\u201cPosici\u00f3n cerrada\u201d<\/strong>\u00a0significa lo opuesto a posici\u00f3n abierta.<\/p><p><strong>\u201cTransacci\u00f3n completada\u201d<\/strong>\u00a0en un CFD significa dos operaciones opuestas ( abrir una posici\u00f3n y cerrar una posici\u00f3n): comprar y luego vender, y viceversa.<\/p><p><strong>\u201cContrato por diferencias\u201d<\/strong>\u00a0(\u201cCFD\u201d) significa un contrato, que es un contrato por diferencias refiri\u00e9ndose a variaciones en el precio de un activo subyacente. Un CFD es un instrumento financiero.<\/p><p><strong>\u201cEspecificaciones del contrato\u201d<\/strong>\u00a0significa los t\u00e9rminos de operaci\u00f3n principales en CFD ( por ejemplo, diferenciales, intercambios, tama\u00f1o del lote, margen necesario, margen cubierto, nivel m\u00ednimo para colocar \u00f3rdenes de tope de p\u00e9rdida, toma de ganancias y l\u00edmite, cargos financieros, cargos, etc.) para cada tipo de CFD seg\u00fan lo determine la Empresa. Las especificaciones del contrato aparecen en el sitio web y\/o en la plataforma.<\/p><p><strong>\u201cDivisa de la cuenta del Cliente\u201d<\/strong>\u00a0significa la divisa de la cuenta del Cliente, qu\u00e9 puede ser en euros o USD, o en cualquier otra divisa que pueda ofrecer la Empresa.<\/p><p><strong>\u201cPar de divisas\u201d<\/strong>\u00a0significa el objeto o activo subyacente de una transacci\u00f3n de CFD basada en el cambio en el valor de una divisa frente a otra. Un par de divisas est\u00e1 formado por 2 divisas (la divisa de cotizaci\u00f3n y la divisa base) y muestra cu\u00e1ntas divisas de cotizaci\u00f3n son necesarias para comprar una unidad de la divisa base.<\/p><p><strong>\u201cCapital\u201d<\/strong>\u00a0significa el saldo m\u00e1s o menos cualquier ganancia y p\u00e9rdida flotantes que derivan de una posici\u00f3n abierta y se calcular\u00e1n como: Capital = Saldo + ganancia flotante \u2013 p\u00e9rdida flotante.<\/p><p><strong>\u201cDatos esenciales\u201d<\/strong>\u00a0significa los datos necesarios para que la Empresa pueda ejecutar una orden, por ejemplo, entre otros, el tipo de instrumento financiero, el tipo de orden, el tipo de activo subyacente, la direcci\u00f3n (comprar o vender), el volumen, si el Cliente coloca una orden pendiente (l\u00edmite o tope), el Cliente indicar\u00e1 el precio con el cual la orden saldr\u00e1 al mercado y cualquier tope de p\u00e9rdida o toma de ganancias, etc.<\/p><p><strong>\u201cCaso de impago\u201d<\/strong>\u00a0tendr\u00e1 el significado dado en el p\u00e1rrafo 14.1. del acuerdo del Cliente.<\/p><p><strong>\u201cAsesor experto\u201d<\/strong>\u00a0significa un sistema de operaciones en l\u00ednea mec\u00e1nico dise\u00f1ado para automatizar las actividades de inversi\u00f3n en una plataforma de inversi\u00f3n electr\u00f3nica. Puede programarse para avisar al Cliente de una oportunidad de inversi\u00f3n y tambi\u00e9n puede operar desde su cuenta gestionando autom\u00e1ticamente todos los aspectos de las operaciones, desde enviar \u00f3rdenes directamente a la plataforma hasta autom\u00e1ticamente ajustar los niveles de tope de p\u00e9rdida, tope din\u00e1mico y toma de ganancias.<\/p><p><strong>\u201cInstrumento financiero\u201d<\/strong>\u00a0significa los instrumentos financieros bajo licencia del CIF de la Empresa, los cuales pueden encontrarse en el documento \u201cInformaci\u00f3n de la Empresa\u201d.<\/p><p><strong>\u201cP\u00e9rdida\/ganancia flotante\u201d<\/strong>\u00a0en un CFD significa las p\u00e9rdidas\/ganancias reales en posiciones abiertas calculadas a las cotizaciones actuales (se a\u00f1ade cualquier condici\u00f3n o tarifa si procede).<\/p><p><strong>\u201cCaso de fuerza mayor\u201d<\/strong>\u00a0tendr\u00e1 el significado dado en el p\u00e1rrafo 27.1. del contrato del Cliente.<\/p><p><strong>\u201cMargen libre\u201d<\/strong>\u00a0significa la cantidad de fondos disponibles en la cuenta del Cliente, que pueden utilizarse para abrir una posici\u00f3n o mantener una posici\u00f3n abierta. El margen libre se calcular\u00e1 como: Capital menos margen necesario [margen libre = capital \u2013 margen necesario].<\/p><p><strong>\u201cMargen cubierto\u201d<\/strong>\u00a0en las operaciones con CFD significa el margen necesario solicitado por la Empresa para abrir y mantener las posiciones compensadas.<\/p><p><strong>\u201cMargen inicial\u201d<\/strong> en las operacionescon CFD significa el margen necesario solicitado por la Empresa para abrir una posici\u00f3n.<\/p><p><strong>\u201cServicios financieros\u201d<\/strong>\u00a0significa los servicios de inversi\u00f3n bajo licencia del CIF de la Empresa, los cuales pueden encontrarse en el documento \u201cInformaci\u00f3n de la Empresa\u201d.<\/p><p><strong>\u201cApalancamiento\u201d<\/strong>\u00a0en las operaciones con CFD significa una proporci\u00f3n entre el tama\u00f1o de la transacci\u00f3n y el margen inicial. Una proporci\u00f3n 1:100 significa que para abrir una posici\u00f3n, el margen inicial es cien veces menor que el tama\u00f1o de la transacci\u00f3n.<\/p><p><strong>\u201cPosici\u00f3n larga\u201d<\/strong>\u00a0en las operaciones con CFD significa una posici\u00f3n de compra que aprecia en valor si los precios del mercado subyacente aumentan. Por ejemplo, respecto a los pares de divisas: comprar la divisa base frente a la divisa cotizada.<\/p><p><strong>\u201cLote\u201d<\/strong>\u00a0significa una unidad que mide la cantidad de transacci\u00f3n especificada para cada activo subyacente de un CFD.<\/p><p><strong>\u201cTama\u00f1o del lote\u201d<\/strong>\u00a0significa el n\u00famero de activos subyacentes en un lote en un CFD.<\/p><p><strong>\u201cMargen\u201d<\/strong>\u00a0significa los fondos de garant\u00eda necesarios para abrir o mantener posiciones abiertas en una transacci\u00f3n de CFD.<\/p><p><strong>\u201cAjuste de m\u00e1rgenes\u201d<\/strong>\u00a0significa la situaci\u00f3n en la que la Empresa informa al Cliente de la necesidad de depositar margen adicional cuando el Cliente no tiene margen suficiente para abrir o mantener posiciones abiertas.<\/p><p><strong>\u201cNivel de margen\u201d<\/strong>\u00a0en las operaciones con CFD significa el porcentaje de capital para la proporci\u00f3n de margen necesario. Se calcula como: Nivel de margen = (Capital \/ margen necesario) x 100 %.<\/p><p><strong>\u201cNegociaci\u00f3n con margen\u201d<\/strong>\u00a0en las operaciones con CFD significa una negociaci\u00f3n con apalancamiento cuando el Cliente haga transacciones con menos fondos en la cuenta del Cliente en comparaci\u00f3n con el tama\u00f1o de la transacci\u00f3n.<\/p><p><strong>\u201cPosiciones compensadas\u201d<\/strong>\u00a0en las operaciones con CFD significa posiciones largas y cortas del mismo tama\u00f1o de transacci\u00f3n abiertas en la cuenta del Cliente para el mismo CFD.<\/p><p><strong>\u201cMargen necesario\u201d<\/strong>\u00a0en las operaciones con CFD significa el margen necesario solicitado por la Empresa para mantener posiciones abiertas.<\/p><p><strong>\u201cTama\u00f1o normal del mercado\u201d<\/strong>\u00a0en las operaciones con CFD significa el n\u00famero m\u00e1ximo de unidades del activo subyacente que la Empresa transmite para ejecutar.<\/p><p><strong>\u201cPosici\u00f3n abierta\u201d<\/strong>\u00a0significa cualquier contrato de opci\u00f3n abierta (compra y\/o venta) que no se haya cerrado. En relaci\u00f3n con las operaciones con CFD esto puede ser una posici\u00f3n larga o una posici\u00f3n corta, lo cual no es una transacci\u00f3n completada.<\/p><p><strong>\u201cOrden\u201d<\/strong>\u00a0significa una instrucci\u00f3n del Cliente para operar en CFD, seg\u00fan sea el caso.<\/p><p><strong>\u201cNivel de la orden\u201d<\/strong>\u00a0para operar con CFD significa el precio indicado en la orden.<\/p><p><strong>\u201cPartes\u201d<\/strong>\u00a0significa las partes en este contrato del Cliente, por ejemplo, la Empresa y el Cliente.<\/p><p><strong>\u201cPlataforma\u201d<\/strong>\u00a0significa el mecanismo electr\u00f3nico operado y mantenido por la Empresa, formado por una plataforma de operaciones, dispositivos inform\u00e1ticos, software, bases de datos, hardware de telecomunicaciones, programas e instalaciones t\u00e9cnicas, que facilitan la actividad de operaciones del Cliente en instrumentos financieros a trav\u00e9s de la cuenta del Cliente.<\/p><p><strong>\u201cPersonas pol\u00edticamente expuestas\u201d<\/strong>\u00a0significa:<\/p><p>A) Personas naturales a quienes se les conf\u00eda o se les ha confiado funciones p\u00fablicas importantes, lo que significa: jefes de Estado, jefes de gobierno, ministros, miembros del Parlamento, miembros de los tribunales supremos, de tribunales constitucionales o cualquier otro organismo de alto nivel judicial cuyas decisiones no est\u00e9n sujetas a apelaciones, excepto en circunstancias excepcionales; miembros de tribunales de cuentas o de consejos de bancos centrales; embajadores, directivos comerciales y oficiales de alto rango en las Fuerzas Armadas; miembros de los cuerpos supervisores de gesti\u00f3n o de administraci\u00f3n de empresas estatales. Ninguna de las categor\u00edas indicadas en el p\u00e1rrafo anterior se entender\u00e1 c\u00f3mo rangos medios o funcionarios subalternos. Adem\u00e1s, cuando una persona ha dejado de estar en una funci\u00f3n p\u00fablica importante dentro de las definiciones anteriores por un per\u00edodo de al menos un a\u00f1o en cualquier pa\u00eds, dicha persona no se considerar\u00e1 una persona pol\u00edticamente expuesta<\/p><p>B) Los familiares inmediatos de dichas personas seg\u00fan la definici\u00f3n de A, lo que significa: el c\u00f3nyuge, cualquier pareja considerada seg\u00fan las leyes nacionales como equivalente a c\u00f3nyuge, sus hijos o sus c\u00f3nyuges o parejas, y sus padres.<\/p><p>C) Personas que se sabe que son socios cercanos de dichas personas seg\u00fan la definici\u00f3n en A, que significa: cualquier persona natural de la que se sepa que es copropietaria efectiva de entidades o acuerdos legales, o cualquier otra relaci\u00f3n comercial estrecha, con una persona a la que se refiere la definici\u00f3n A; cualquier persona legal que sea el \u00fanico beneficiario efectivo de una entidad legal o acuerdo legal y que se sabe que se ha establecido por beneficio de facto de la persona a la que se refiere la definici\u00f3n A.<\/p><p><strong>\u201cCotizaci\u00f3n\u201d<\/strong>\u00a0significa la informaci\u00f3n del precio actual de un activo subyacente espec\u00edfico, en forma de precio de venta y compra.<\/p><p><strong>\u201cDivisa cotizada\u201d<\/strong>\u00a0significa la segunda divisa en el par de divisas que el Cliente puede comprar o vender por la divisa b\u00e1sica.<\/p><p><strong>\u201cBase de cotizaci\u00f3n\u201d<\/strong>\u00a0en las operaciones con CFD significa la informaci\u00f3n del flujo de cotizaciones almacenado en el servidor.<\/p><p><strong>\u201cFlujo de cotizaciones\u201d<\/strong>\u00a0significa el flujo de cotizaciones en la plataforma para cada CFD.<\/p><p><strong>\u201cServicios\u201d<\/strong>\u00a0significa los servicios ofrecidos al Cliente por la Empresa bajo este contrato, tal como se establece en el p\u00e1rrafo 6.1. del contrato de Cliente.<\/p><p><strong>\u201cPosici\u00f3n corta\u201d<\/strong>\u00a0en las operaciones con CFD significa una posici\u00f3n de venta que aprecia en valor si los precios del mercado subyacente caen. Por ejemplo respecto a los pares de divisas: vender la divisa base frente a la divisa cotizada. Posici\u00f3n corta es lo contrario a posici\u00f3n larga.<\/p><p><strong>\u201cDeslizamiento\u201d<\/strong>\u00a0significa la diferencia entre el precio esperado de una transacci\u00f3n en un CFD y el precio al que la transacci\u00f3n es realmente ejecutada. El deslizamiento se produce durante periodos de alta volatilidad (por ejemplo, debido a noticias nuevas) lo que hace que una orden a un precio espec\u00edfico sea imposible de ejecutar, cuando se utilizan \u00f3rdenes de mercado y tambi\u00e9n cuando \u00f3rdenes grandes se ejecutan sin haber demasiado inter\u00e9s al nivel del precio deseado para mantener el precio esperado de la operaci\u00f3n.<\/p><p><strong>\u201cDiferencial\u201d<\/strong>\u00a0en las operaciones con CFD significa la diferencia entre compra y venta de un activo subyacente en un CFD al mismo tiempo.<\/p><p><strong>\u201cIntercambio y reinversi\u00f3n\u201d<\/strong>\u00a0en las operaciones con CFD significa el inter\u00e9s sumado o deducido para mantener una posici\u00f3n abierta durante la noche.<\/p><p><strong>\u201cTope din\u00e1mico\u201d<\/strong>\u00a0en las operaciones con CFD significa una orden de tope de p\u00e9rdida establecida a un nivel de porcentaje por debajo del precio del mercado para una posici\u00f3n larga. El precio de tope din\u00e1mico se ajusta en la medida que el precio fluct\u00faa. Una orden de ventas de tope din\u00e1mico establece el precio tope en una cantidad fija por debajo del precio de mercado con una cantidad \u201cdin\u00e1mica\u201d acoplada. En la medida que el precio del mercado sube, el precio tope aumenta por la cantidad din\u00e1mica pero si el precio del par cae, el precio de tope de p\u00e9rdida no cambia, y se env\u00eda una orden de mercado cuando se alcanza el precio tope.<\/p><p><strong>\u201cTransacci\u00f3n\u201d<\/strong>\u00a0significa la operaci\u00f3n del Cliente en un CFD.<\/p><p><strong>\u201cTama\u00f1o de la transacci\u00f3n\u201d<\/strong>\u00a0en las operaciones con CFD significa el tama\u00f1o del lote multiplicado por el n\u00famero de lotes.<\/p><p><strong>\u201cActivo subyacente\u201d<\/strong>\u00a0significa el objeto o activo subyacente en un CFD que pueden ser pares de divisas, metales, \u00edndices de capitales, productos b\u00e1sicos, tal como determine la Empresa y ponga a su disposici\u00f3n en su sitio web.<\/p><p><strong>\u201cMercado subyacente\u201d<\/strong>\u00a0significa el mercado relevante en el cual el activo subyacente de un CFD opera.<\/p><p><strong>\u201cSitio web\u201d<\/strong>\u00a0significa el sitio web de la Empresa\u00a0<em>https:\/\/go4rex.com\/<\/em>\u00a0que la Empresa pueda mantener en cualquier momento.<\/p><p><strong>\u201cAviso por escrito\u201d<\/strong>\u00a0significa lo establecido en los p\u00e1rrafos 23.3 y 23.4 del contrato del Cliente.<\/p><p>2.2. Las palabras que est\u00e1n en singular se importar\u00e1n al plural y viceversa. Las palabras en masculino se importar\u00e1n al femenino y viceversa. Las palabras que indican personas incluyen corporaciones, sociedades, otros entes corporativos y todas las entidades legales, y viceversa.<\/p><p>2.3. Los encabezados de p\u00e1rrafo son solamente para facilitar la referencia.<\/p><p>2.4. Cualquier referencia a una ley o normativa ser\u00e1 esa ley o normativa seg\u00fan se corrija, modifique, complemente, consolide, vuelva a promulgarse o reemplazarse ocasionalmente, toda la orientaci\u00f3n indicada, directivas, instrumentos estatutarios, regulaciones u \u00f3rdenes formuladas de conformidad a dicha provisi\u00f3n legal de la cual esa provisi\u00f3n legal es una representaci\u00f3n, reemplazo o modificaci\u00f3n.<\/p>\t\t\t\t\t\t\t\t<\/div>\n\t\t\t\t<\/div>\n\t\t\t\t\t<\/div>\n\t\t<\/div>\n\t\t\t\t\t<\/div>\n\t\t<\/section>\n\t\t\t\t<\/div>\n\t\t","protected":false},"excerpt":{"rendered":"<p>Aseg\u00farese de leer y comprender nuestros t\u00e9rminos y condiciones antes de empezar a operar con nosotros. \u201cOperaci\u00f3n abusiva\u201d\u00a0incluye cualquiera de las siguientes acciones, entre otras: colocar \u00f3rdenes de \u201cprecio tope de compra\u201d o \u201cprecio tope de venta\u201d antes de liberar los datos financieros, arbitraje, manipulaciones, una combinaci\u00f3n de fuentes m\u00e1s r\u00e1pidas\/m\u00e1s lentas, abuso en la [&hellip;]<\/p>\n","protected":false},"author":7,"featured_media":0,"parent":0,"menu_order":0,"comment_status":"closed","ping_status":"closed","template":"","meta":{"footnotes":""},"class_list":["post-3774","page","type-page","status-publish","hentry"],"_links":{"self":[{"href":"https:\/\/go4rex.com\/es\/wp-json\/wp\/v2\/pages\/3774","targetHints":{"allow":["GET"]}}],"collection":[{"href":"https:\/\/go4rex.com\/es\/wp-json\/wp\/v2\/pages"}],"about":[{"href":"https:\/\/go4rex.com\/es\/wp-json\/wp\/v2\/types\/page"}],"author":[{"embeddable":true,"href":"https:\/\/go4rex.com\/es\/wp-json\/wp\/v2\/users\/7"}],"replies":[{"embeddable":true,"href":"https:\/\/go4rex.com\/es\/wp-json\/wp\/v2\/comments?post=3774"}],"version-history":[{"count":10,"href":"https:\/\/go4rex.com\/es\/wp-json\/wp\/v2\/pages\/3774\/revisions"}],"predecessor-version":[{"id":3813,"href":"https:\/\/go4rex.com\/es\/wp-json\/wp\/v2\/pages\/3774\/revisions\/3813"}],"wp:attachment":[{"href":"https:\/\/go4rex.com\/es\/wp-json\/wp\/v2\/media?parent=3774"}],"curies":[{"name":"wp","href":"https:\/\/api.w.org\/{rel}","templated":true}]}}