{"id":3618,"date":"2022-08-25T15:40:11","date_gmt":"2022-08-25T15:40:11","guid":{"rendered":"https:\/\/go4rex.com\/?page_id=3618"},"modified":"2023-01-29T09:15:49","modified_gmt":"2023-01-29T09:15:49","slug":"politica-de-reembolso","status":"publish","type":"page","link":"https:\/\/go4rex.com\/es\/politica-de-reembolso\/","title":{"rendered":"Pol\u00edtica De Reembolso"},"content":{"rendered":"\t\t<div data-elementor-type=\"wp-page\" data-elementor-id=\"3618\" class=\"elementor elementor-3618 elementor-1569\" data-elementor-post-type=\"page\">\n\t\t\t\t\t\t<section class=\"ob-is-breaking-bad elementor-section elementor-top-section elementor-element elementor-element-3030635 elementor-section-height-min-height elementor-section-boxed elementor-section-height-default elementor-section-items-middle\" data-id=\"3030635\" data-element_type=\"section\" data-e-type=\"section\" data-settings=\"{&quot;background_background&quot;:&quot;classic&quot;,&quot;_ob_bbad_use_it&quot;:&quot;yes&quot;,&quot;_ob_bbad_sssic_use&quot;:&quot;no&quot;,&quot;_ob_glider_is_slider&quot;:&quot;no&quot;}\">\n\t\t\t\t\t\t\t<div class=\"elementor-background-overlay\"><\/div>\n\t\t\t\t\t\t\t<div class=\"elementor-container elementor-column-gap-default\">\n\t\t\t\t\t<div class=\"elementor-column elementor-col-100 elementor-top-column elementor-element elementor-element-e672f19\" data-id=\"e672f19\" data-element_type=\"column\" data-e-type=\"column\" data-settings=\"{&quot;_ob_bbad_is_stalker&quot;:&quot;no&quot;,&quot;_ob_teleporter_use&quot;:false,&quot;_ob_column_hoveranimator&quot;:&quot;no&quot;,&quot;_ob_column_has_pseudo&quot;:&quot;no&quot;}\">\n\t\t\t<div class=\"elementor-widget-wrap elementor-element-populated\">\n\t\t\t\t\t\t<div class=\"elementor-element elementor-element-d773060 ob-harakiri-inherit ob-has-background-overlay elementor-widget elementor-widget-heading\" data-id=\"d773060\" data-element_type=\"widget\" data-e-type=\"widget\" data-settings=\"{&quot;_ob_use_harakiri&quot;:&quot;yes&quot;,&quot;_ob_harakiri_writing_mode&quot;:&quot;inherit&quot;,&quot;_ob_harakiri_text_clip&quot;:&quot;none&quot;,&quot;_ob_perspektive_use&quot;:&quot;no&quot;,&quot;_ob_poopart_use&quot;:&quot;yes&quot;,&quot;_ob_shadough_use&quot;:&quot;no&quot;,&quot;_ob_allow_hoveranimator&quot;:&quot;no&quot;,&quot;_ob_widget_stalker_use&quot;:&quot;no&quot;}\" data-widget_type=\"heading.default\">\n\t\t\t\t<div class=\"elementor-widget-container\">\n\t\t\t\t\t<h1 class=\"elementor-heading-title elementor-size-default\">Pol\u00edtica De Reembolso<\/h1>\t\t\t\t<\/div>\n\t\t\t\t<\/div>\n\t\t\t\t<div class=\"elementor-element elementor-element-ad59f78 elementor-align-center ob-has-background-overlay elementor-widget elementor-widget-breadcrumbs\" data-id=\"ad59f78\" data-element_type=\"widget\" data-e-type=\"widget\" data-settings=\"{&quot;_ob_perspektive_use&quot;:&quot;no&quot;,&quot;_ob_poopart_use&quot;:&quot;yes&quot;,&quot;_ob_shadough_use&quot;:&quot;no&quot;,&quot;_ob_allow_hoveranimator&quot;:&quot;no&quot;,&quot;_ob_widget_stalker_use&quot;:&quot;no&quot;}\" data-widget_type=\"breadcrumbs.default\">\n\t\t\t\t<div class=\"elementor-widget-container\">\n\t\t\t\t\t<nav aria-label=\"breadcrumbs\" class=\"rank-math-breadcrumb\"><p><span class=\"last\">Home<\/span><\/p><\/nav>\t\t\t\t<\/div>\n\t\t\t\t<\/div>\n\t\t\t\t\t<\/div>\n\t\t<\/div>\n\t\t\t\t\t<\/div>\n\t\t<\/section>\n\t\t\t\t<section class=\"ob-is-breaking-bad elementor-section elementor-top-section elementor-element elementor-element-7a6492d elementor-section-boxed elementor-section-height-default elementor-section-height-default\" data-id=\"7a6492d\" data-element_type=\"section\" data-e-type=\"section\" data-settings=\"{&quot;_ob_bbad_use_it&quot;:&quot;yes&quot;,&quot;_ob_bbad_sssic_use&quot;:&quot;no&quot;,&quot;_ob_glider_is_slider&quot;:&quot;no&quot;}\">\n\t\t\t\t\t\t<div class=\"elementor-container elementor-column-gap-default\">\n\t\t\t\t\t<div class=\"elementor-column elementor-col-100 elementor-top-column elementor-element elementor-element-3bbafff\" data-id=\"3bbafff\" data-element_type=\"column\" data-e-type=\"column\" data-settings=\"{&quot;_ob_bbad_is_stalker&quot;:&quot;no&quot;,&quot;_ob_teleporter_use&quot;:false,&quot;_ob_column_hoveranimator&quot;:&quot;no&quot;,&quot;_ob_column_has_pseudo&quot;:&quot;no&quot;}\">\n\t\t\t<div class=\"elementor-widget-wrap elementor-element-populated\">\n\t\t\t\t\t\t<div class=\"elementor-element elementor-element-378b02e ob-harakiri-inherit ob-has-background-overlay elementor-widget elementor-widget-text-editor\" data-id=\"378b02e\" data-element_type=\"widget\" data-e-type=\"widget\" data-settings=\"{&quot;_ob_use_harakiri&quot;:&quot;yes&quot;,&quot;_ob_harakiri_writing_mode&quot;:&quot;inherit&quot;,&quot;_ob_postman_use&quot;:&quot;no&quot;,&quot;_ob_perspektive_use&quot;:&quot;no&quot;,&quot;_ob_poopart_use&quot;:&quot;yes&quot;,&quot;_ob_shadough_use&quot;:&quot;no&quot;,&quot;_ob_allow_hoveranimator&quot;:&quot;no&quot;,&quot;_ob_widget_stalker_use&quot;:&quot;no&quot;}\" data-widget_type=\"text-editor.default\">\n\t\t\t\t<div class=\"elementor-widget-container\">\n\t\t\t\t\t\t\t\t\t<p>Inicio \u00bb pol\u00edtica de reembolso<\/p><p>En ciertas circunstancias excepcionales, Go4rex puede reembolsar pagos realizados a trav\u00e9s de tarjeta de cr\u00e9dito.<br \/>En este caso, los fondos ser\u00e1n reembolsados a la fuente utilizada para realizar el dep\u00f3sito.<br \/>1. El(La) Cliente tiene el derecho de cerrar su cuenta en cualquier momento que as\u00ed lo desee.<br \/>La Compa\u00f1\u00eda aprobar\u00e1 el cierre de la cuenta si:<br \/>a. No hay inversiones activas colocadas.<br \/>b. No hay investigaciones en curso asociadas con cualquiera de los t\u00e9rminos de las Condiciones de Servicio vigentes.<br \/>2. Si no hay cargos aplicados a la cuenta, la Compa\u00f1\u00eda tiene que cerrar la cuenta a petici\u00f3n del(de la) Cliente.<br \/>3. Si la cuenta del(de la) Cliente ha sido suspendida debido al incumplimiento de las Condiciones de Servicio vigentes o debido a cualquier otro abuso del(de la) Cliente que haya sido detectado,<br \/>4. La Compa\u00f1\u00eda no est\u00e1 obligada a proporcionar ning\u00fan reembolso en caso de que la p\u00e9rdida se deba a cualquier motivo previsto o imprevisto.<br \/>5. Una solicitud de reembolso puede realizarse en casos en que se haya depositado en la cuenta, pero el cliente no haya ejecutado ninguna orden.<br \/>6. En este caso, el mismo m\u00e9todo de pago utilizado para el dep\u00f3sito ser\u00e1 usado para el reembolso. El reembolso ser\u00e1 por la totalidad del importe, salvo que se haya acordado otra cosa.<br \/>7. Puede llevar hasta 7 d\u00edas h\u00e1biles el procesar las solicitudes de reembolsos.<br \/>8. Todas las dem\u00e1s solicitudes ser\u00e1n tratadas como RETIROS y ser\u00e1n procesadas usando esos m\u00e9todos y procedimientos.<br \/>9. En el retiro de fondos de cuentas de operaciones en las que nunca se haya realizado una operaci\u00f3n, se cobrar\u00e1 una comisi\u00f3n del 30% para cubrir los gastos administrativos y de procesamiento.<br \/>10. Especulaci\u00f3n: Una estrategia de negociaci\u00f3n en la que el(la) operador(a) (especulador(a)\/Pip Hunter) intenta tomar ventaja de peque\u00f1os movimientos de precios y de rangos estrechos al realizar muchas transacciones en peque\u00f1os cambios de precios en un periodo corto de tiempo. En caso de que go4rex.com clasifique a un(a) cliente como especulador (a) o un(a) pip hunter, lo cual no est\u00e1 permitido por la compa\u00f1\u00eda, esta puede, a su entera discreci\u00f3n y sin aviso previo por escrito, tomar alguna de las siguientes acciones:<br \/>\u2013 Rescindir el acuerdo entre el(la) cliente y go4rex.com.<br \/>\u2013 Cerrar algunas o todas las posiciones abiertas del(de la) cliente a los precios de mercado actuales.<br \/>\u2013 Cargar en la(s) cuenta(s) del(de la) cliente(a) los importes que se adeudan a la Compa\u00f1\u00eda.<br \/>\u2013 Cerrar cualquiera o todas las cuentas que el(la) Cliente tiene con la Compa\u00f1\u00eda.<br \/>\u2013 Combinar las cuentas del(de la) cliente(a); consolidar los saldos de dichas cuentas de los clientes y compensar dichos saldos.<br \/>\u2013 Negarse a abrir nuevas cuentas al(a la) Cliente.<br \/>\u2013 Retener indefinidamente los fondos depositados.<br \/>11. Por motivos de seguridad no podemos aceptar o procesar retiros o reembolsos solicitados a trav\u00e9s de correo electr\u00f3nico. El(La) cliente debe iniciar sesi\u00f3n en su cuenta y enviar el retiro o reembolso por s\u00ed mismo(a). La solicitud de retiro o reembolso que sea presentada a trav\u00e9s de correo electr\u00f3nico ser\u00e1 ignorada.<br \/>Si tiene cualquier pregunta relacionada con la pol\u00edtica de reembolso, por favor, no dude en ponerse en contacto con nosotros a trav\u00e9s de las siguientes direcciones de correo electr\u00f3nico: support@go4rex.com \/ compliance@go4rex.com.<\/p>\t\t\t\t\t\t\t\t<\/div>\n\t\t\t\t<\/div>\n\t\t\t\t\t<\/div>\n\t\t<\/div>\n\t\t\t\t\t<\/div>\n\t\t<\/section>\n\t\t\t\t<\/div>\n\t\t","protected":false},"excerpt":{"rendered":"<p>Pol\u00edtica De Reembolso Inicio \u00bb pol\u00edtica de reembolso En ciertas circunstancias excepcionales, Go4rex puede reembolsar pagos realizados a trav\u00e9s de tarjeta de cr\u00e9dito.En este caso, los fondos ser\u00e1n reembolsados a la fuente utilizada para realizar el dep\u00f3sito.1. El(La) Cliente tiene el derecho de cerrar su cuenta en cualquier momento que as\u00ed lo desee.La Compa\u00f1\u00eda aprobar\u00e1 [&hellip;]<\/p>\n","protected":false},"author":7,"featured_media":0,"parent":0,"menu_order":0,"comment_status":"closed","ping_status":"closed","template":"","meta":{"footnotes":""},"class_list":["post-3618","page","type-page","status-publish","hentry"],"_links":{"self":[{"href":"https:\/\/go4rex.com\/es\/wp-json\/wp\/v2\/pages\/3618","targetHints":{"allow":["GET"]}}],"collection":[{"href":"https:\/\/go4rex.com\/es\/wp-json\/wp\/v2\/pages"}],"about":[{"href":"https:\/\/go4rex.com\/es\/wp-json\/wp\/v2\/types\/page"}],"author":[{"embeddable":true,"href":"https:\/\/go4rex.com\/es\/wp-json\/wp\/v2\/users\/7"}],"replies":[{"embeddable":true,"href":"https:\/\/go4rex.com\/es\/wp-json\/wp\/v2\/comments?post=3618"}],"version-history":[{"count":13,"href":"https:\/\/go4rex.com\/es\/wp-json\/wp\/v2\/pages\/3618\/revisions"}],"predecessor-version":[{"id":3836,"href":"https:\/\/go4rex.com\/es\/wp-json\/wp\/v2\/pages\/3618\/revisions\/3836"}],"wp:attachment":[{"href":"https:\/\/go4rex.com\/es\/wp-json\/wp\/v2\/media?parent=3618"}],"curies":[{"name":"wp","href":"https:\/\/api.w.org\/{rel}","templated":true}]}}