{"id":2520,"date":"2021-04-14T07:28:42","date_gmt":"2021-04-14T07:28:42","guid":{"rendered":"https:\/\/go4rex.com\/kyc-policy\/"},"modified":"2023-01-29T09:16:20","modified_gmt":"2023-01-29T09:16:20","slug":"kyc-policy","status":"publish","type":"page","link":"https:\/\/go4rex.com\/es\/kyc-policy\/","title":{"rendered":"Pol\u00edtica KYC"},"content":{"rendered":"\t\t<div data-elementor-type=\"wp-page\" data-elementor-id=\"2520\" class=\"elementor elementor-2520 elementor-522\" data-elementor-post-type=\"page\">\n\t\t\t\t\t\t<section class=\"ob-is-breaking-bad elementor-section elementor-top-section elementor-element elementor-element-5fceb4c elementor-section-height-min-height elementor-section-boxed elementor-section-height-default elementor-section-items-middle\" data-id=\"5fceb4c\" data-element_type=\"section\" data-e-type=\"section\" data-settings=\"{&quot;background_background&quot;:&quot;classic&quot;,&quot;_ob_bbad_use_it&quot;:&quot;yes&quot;,&quot;_ob_bbad_sssic_use&quot;:&quot;no&quot;,&quot;_ob_glider_is_slider&quot;:&quot;no&quot;}\">\n\t\t\t\t\t\t\t<div class=\"elementor-background-overlay\"><\/div>\n\t\t\t\t\t\t\t<div class=\"elementor-container elementor-column-gap-default\">\n\t\t\t\t\t<div class=\"elementor-column elementor-col-100 elementor-top-column elementor-element elementor-element-7011874\" data-id=\"7011874\" data-element_type=\"column\" data-e-type=\"column\" data-settings=\"{&quot;_ob_bbad_is_stalker&quot;:&quot;no&quot;,&quot;_ob_teleporter_use&quot;:false,&quot;_ob_column_hoveranimator&quot;:&quot;no&quot;,&quot;_ob_column_has_pseudo&quot;:&quot;no&quot;}\">\n\t\t\t<div class=\"elementor-widget-wrap elementor-element-populated\">\n\t\t\t\t\t\t<div class=\"elementor-element elementor-element-71422d2 elementor-align-center ob-has-background-overlay elementor-widget elementor-widget-breadcrumbs\" data-id=\"71422d2\" data-element_type=\"widget\" data-e-type=\"widget\" data-settings=\"{&quot;_ob_perspektive_use&quot;:&quot;no&quot;,&quot;_ob_poopart_use&quot;:&quot;yes&quot;,&quot;_ob_shadough_use&quot;:&quot;no&quot;,&quot;_ob_allow_hoveranimator&quot;:&quot;no&quot;,&quot;_ob_widget_stalker_use&quot;:&quot;no&quot;}\" data-widget_type=\"breadcrumbs.default\">\n\t\t\t\t<div class=\"elementor-widget-container\">\n\t\t\t\t\t<nav aria-label=\"breadcrumbs\" class=\"rank-math-breadcrumb\"><p><span class=\"last\">Home<\/span><\/p><\/nav>\t\t\t\t<\/div>\n\t\t\t\t<\/div>\n\t\t\t\t\t<\/div>\n\t\t<\/div>\n\t\t\t\t\t<\/div>\n\t\t<\/section>\n\t\t\t\t<section class=\"ob-is-breaking-bad elementor-section elementor-top-section elementor-element elementor-element-905cee8 elementor-section-boxed elementor-section-height-default elementor-section-height-default\" data-id=\"905cee8\" data-element_type=\"section\" data-e-type=\"section\" data-settings=\"{&quot;_ob_bbad_use_it&quot;:&quot;yes&quot;,&quot;_ob_bbad_sssic_use&quot;:&quot;no&quot;,&quot;_ob_glider_is_slider&quot;:&quot;no&quot;}\">\n\t\t\t\t\t\t<div class=\"elementor-container elementor-column-gap-default\">\n\t\t\t\t\t<div class=\"elementor-column elementor-col-100 elementor-top-column elementor-element elementor-element-479f1e7\" data-id=\"479f1e7\" data-element_type=\"column\" data-e-type=\"column\" data-settings=\"{&quot;_ob_bbad_is_stalker&quot;:&quot;no&quot;,&quot;_ob_teleporter_use&quot;:false,&quot;_ob_column_hoveranimator&quot;:&quot;no&quot;,&quot;_ob_column_has_pseudo&quot;:&quot;no&quot;}\">\n\t\t\t<div class=\"elementor-widget-wrap elementor-element-populated\">\n\t\t\t\t\t\t<div class=\"elementor-element elementor-element-dfce841 ob-harakiri-inherit ob-has-background-overlay elementor-widget elementor-widget-text-editor\" data-id=\"dfce841\" data-element_type=\"widget\" data-e-type=\"widget\" data-settings=\"{&quot;_ob_use_harakiri&quot;:&quot;yes&quot;,&quot;_ob_harakiri_writing_mode&quot;:&quot;inherit&quot;,&quot;_ob_postman_use&quot;:&quot;no&quot;,&quot;_ob_perspektive_use&quot;:&quot;no&quot;,&quot;_ob_poopart_use&quot;:&quot;yes&quot;,&quot;_ob_shadough_use&quot;:&quot;no&quot;,&quot;_ob_allow_hoveranimator&quot;:&quot;no&quot;,&quot;_ob_widget_stalker_use&quot;:&quot;no&quot;}\" data-widget_type=\"text-editor.default\">\n\t\t\t\t<div class=\"elementor-widget-container\">\n\t\t\t\t\t\t\t\t\t<p><a href=\"https:\/\/go4rex.com\/\">Inicio<\/a> \u00bb Pol\u00edtica de Conozca a su Cliente (KYC)<\/p><p>Para poder verificar su cuenta, para prevenci\u00f3n de fraude, lavado de dinero y permitir retiros, necesitamos que nos env\u00ede un documento de cada categor\u00eda:<\/p><p>Prueba de identidad (debe ser un documento oficial de gobierno).<\/p><ul><li>Pasaporte (que incluya la p\u00e1gina con la firma).<\/li><li>Identificaci\u00f3n (anverso y reverso).<\/li><li>Licencia de conducir (anverso y reverso).<\/li><\/ul><p>Comprobante de domicilio a su nombre de los \u00faltimos 3 meses.<\/p><ul><li>Estado de cuenta bancario\/ Estado de cuenta de tarjeta de cr\u00e9dito.<\/li><li>Recibo de electricidad\/agua\/gas.<\/li><li>Comprobante de pago de impuestos\/seguro\/municipal.<\/li><li>Recibo de Internet\/l\u00ednea telef\u00f3nica fija.<\/li><\/ul><p>Todas las tarjetas de cr\u00e9dito\/d\u00e9bito con las que realiz\u00f3 el dep\u00f3sito.<\/p><p>Del anverso, deben ser visibles los \u00faltimos 4 d\u00edgitos, el nombre completo y la fecha de vencimiento.<br \/>Del reverso, debe se visible la firma y debe cubrirse el CVV.<\/p><ul><li>Declaraci\u00f3n de dep\u00f3sito \u2013 Firmada, escaneada \/ fotografiada \/ electr\u00f3nicamente.<\/li><li>Acuerdo Comercial firmado por el (la) titular de la tarjeta de cr\u00e9dito\/d\u00e9bito.<\/li><\/ul><p>* Todos los documentos deben estar a su nombre, a color, claros y con todas las esquinas visibles.<br \/>**Si la cuenta del (de la) cliente no ha sido verificada dentro de los 30 d\u00edas siguientes a partir del primer dep\u00f3sito, se cargar\u00e1 a la cuenta una comisi\u00f3n mensual de 20 d\u00f3lares estadounidenses.<br \/>***La compa\u00f1\u00eda se reserva el derecho a rechazar documentos y solicitar copias distintas o adicionales sin explicaci\u00f3n alguna.<br \/>****Todos los documentos deben estar a nombre del (de la) titular de la tarjeta de cr\u00e9dito\/d\u00e9bito.<\/p>\t\t\t\t\t\t\t\t<\/div>\n\t\t\t\t<\/div>\n\t\t\t\t\t<\/div>\n\t\t<\/div>\n\t\t\t\t\t<\/div>\n\t\t<\/section>\n\t\t\t\t<\/div>\n\t\t","protected":false},"excerpt":{"rendered":"<p>Inicio \u00bb Pol\u00edtica de Conozca a su Cliente (KYC) Para poder verificar su cuenta, para prevenci\u00f3n de fraude, lavado de dinero y permitir retiros, necesitamos que nos env\u00ede un documento de cada categor\u00eda: Prueba de identidad (debe ser un documento oficial de gobierno). Pasaporte (que incluya la p\u00e1gina con la firma). Identificaci\u00f3n (anverso y reverso). [&hellip;]<\/p>\n","protected":false},"author":7,"featured_media":0,"parent":0,"menu_order":0,"comment_status":"closed","ping_status":"closed","template":"","meta":{"footnotes":""},"class_list":["post-2520","page","type-page","status-publish","hentry"],"_links":{"self":[{"href":"https:\/\/go4rex.com\/es\/wp-json\/wp\/v2\/pages\/2520","targetHints":{"allow":["GET"]}}],"collection":[{"href":"https:\/\/go4rex.com\/es\/wp-json\/wp\/v2\/pages"}],"about":[{"href":"https:\/\/go4rex.com\/es\/wp-json\/wp\/v2\/types\/page"}],"author":[{"embeddable":true,"href":"https:\/\/go4rex.com\/es\/wp-json\/wp\/v2\/users\/7"}],"replies":[{"embeddable":true,"href":"https:\/\/go4rex.com\/es\/wp-json\/wp\/v2\/comments?post=2520"}],"version-history":[{"count":10,"href":"https:\/\/go4rex.com\/es\/wp-json\/wp\/v2\/pages\/2520\/revisions"}],"predecessor-version":[{"id":3839,"href":"https:\/\/go4rex.com\/es\/wp-json\/wp\/v2\/pages\/2520\/revisions\/3839"}],"wp:attachment":[{"href":"https:\/\/go4rex.com\/es\/wp-json\/wp\/v2\/media?parent=2520"}],"curies":[{"name":"wp","href":"https:\/\/api.w.org\/{rel}","templated":true}]}}