{"id":1066,"date":"2021-12-05T17:24:09","date_gmt":"2021-12-05T17:24:09","guid":{"rendered":"https:\/\/go4rex.com\/?page_id=1066"},"modified":"2021-12-05T17:26:05","modified_gmt":"2021-12-05T17:26:05","slug":"politica-de-privacidad","status":"publish","type":"page","link":"https:\/\/go4rex.com\/es\/politica-de-privacidad\/","title":{"rendered":"Pol\u00edtica de Privacidad"},"content":{"rendered":"\t\t<div data-elementor-type=\"wp-page\" data-elementor-id=\"1066\" class=\"elementor elementor-1066\" data-elementor-post-type=\"page\">\n\t\t\t\t\t\t<section class=\"ob-is-breaking-bad elementor-section elementor-top-section elementor-element elementor-element-1f40c1d elementor-section-height-min-height elementor-section-boxed elementor-section-height-default elementor-section-items-middle\" data-id=\"1f40c1d\" data-element_type=\"section\" data-e-type=\"section\" data-settings=\"{&quot;background_background&quot;:&quot;classic&quot;,&quot;_ob_bbad_use_it&quot;:&quot;yes&quot;,&quot;_ob_bbad_sssic_use&quot;:&quot;no&quot;,&quot;_ob_glider_is_slider&quot;:&quot;no&quot;}\">\n\t\t\t\t\t\t\t<div class=\"elementor-background-overlay\"><\/div>\n\t\t\t\t\t\t\t<div class=\"elementor-container elementor-column-gap-default\">\n\t\t\t\t\t<div class=\"elementor-column elementor-col-100 elementor-top-column elementor-element elementor-element-5ae4c88\" data-id=\"5ae4c88\" data-element_type=\"column\" data-e-type=\"column\" data-settings=\"{&quot;_ob_bbad_is_stalker&quot;:&quot;no&quot;,&quot;_ob_teleporter_use&quot;:false,&quot;_ob_column_hoveranimator&quot;:&quot;no&quot;,&quot;_ob_column_has_pseudo&quot;:&quot;no&quot;}\">\n\t\t\t<div class=\"elementor-widget-wrap elementor-element-populated\">\n\t\t\t\t\t\t<div class=\"elementor-element elementor-element-077c1c8 ob-harakiri-inherit ob-has-background-overlay elementor-widget elementor-widget-heading\" data-id=\"077c1c8\" data-element_type=\"widget\" data-e-type=\"widget\" data-settings=\"{&quot;_ob_use_harakiri&quot;:&quot;yes&quot;,&quot;_ob_harakiri_writing_mode&quot;:&quot;inherit&quot;,&quot;_ob_harakiri_text_clip&quot;:&quot;none&quot;,&quot;_ob_perspektive_use&quot;:&quot;no&quot;,&quot;_ob_poopart_use&quot;:&quot;yes&quot;,&quot;_ob_shadough_use&quot;:&quot;no&quot;,&quot;_ob_allow_hoveranimator&quot;:&quot;no&quot;,&quot;_ob_widget_stalker_use&quot;:&quot;no&quot;}\" data-widget_type=\"heading.default\">\n\t\t\t\t<div class=\"elementor-widget-container\">\n\t\t\t\t\t<h1 class=\"elementor-heading-title elementor-size-default\">Pol\u00edtica de Privacidad<\/h1>\t\t\t\t<\/div>\n\t\t\t\t<\/div>\n\t\t\t\t<div class=\"elementor-element elementor-element-7640125 ob-harakiri-inherit ob-has-background-overlay elementor-widget elementor-widget-heading\" data-id=\"7640125\" data-element_type=\"widget\" data-e-type=\"widget\" data-settings=\"{&quot;_ob_use_harakiri&quot;:&quot;yes&quot;,&quot;_ob_harakiri_writing_mode&quot;:&quot;inherit&quot;,&quot;_ob_harakiri_text_clip&quot;:&quot;none&quot;,&quot;_ob_perspektive_use&quot;:&quot;no&quot;,&quot;_ob_poopart_use&quot;:&quot;yes&quot;,&quot;_ob_shadough_use&quot;:&quot;no&quot;,&quot;_ob_allow_hoveranimator&quot;:&quot;no&quot;,&quot;_ob_widget_stalker_use&quot;:&quot;no&quot;}\" data-widget_type=\"heading.default\">\n\t\t\t\t<div class=\"elementor-widget-container\">\n\t\t\t\t\t<h1 class=\"elementor-heading-title elementor-size-default\">Nuestra amplia pol\u00edtica de protecci\u00f3n de datos refleja los est\u00e1ndares de seguridad m\u00e1s altos.\n<\/h1>\t\t\t\t<\/div>\n\t\t\t\t<\/div>\n\t\t\t\t<div class=\"elementor-element elementor-element-8bfc7ff elementor-align-center ob-has-background-overlay elementor-widget elementor-widget-breadcrumbs\" data-id=\"8bfc7ff\" data-element_type=\"widget\" data-e-type=\"widget\" data-settings=\"{&quot;_ob_perspektive_use&quot;:&quot;no&quot;,&quot;_ob_poopart_use&quot;:&quot;yes&quot;,&quot;_ob_shadough_use&quot;:&quot;no&quot;,&quot;_ob_allow_hoveranimator&quot;:&quot;no&quot;,&quot;_ob_widget_stalker_use&quot;:&quot;no&quot;}\" data-widget_type=\"breadcrumbs.default\">\n\t\t\t\t<div class=\"elementor-widget-container\">\n\t\t\t\t\t<nav aria-label=\"breadcrumbs\" class=\"rank-math-breadcrumb\"><p><span class=\"last\">Home<\/span><\/p><\/nav>\t\t\t\t<\/div>\n\t\t\t\t<\/div>\n\t\t\t\t\t<\/div>\n\t\t<\/div>\n\t\t\t\t\t<\/div>\n\t\t<\/section>\n\t\t\t\t<section class=\"ob-is-breaking-bad elementor-section elementor-top-section elementor-element elementor-element-9e7bc3f elementor-section-boxed elementor-section-height-default elementor-section-height-default\" data-id=\"9e7bc3f\" data-element_type=\"section\" data-e-type=\"section\" data-settings=\"{&quot;_ob_bbad_use_it&quot;:&quot;yes&quot;,&quot;_ob_bbad_sssic_use&quot;:&quot;no&quot;,&quot;_ob_glider_is_slider&quot;:&quot;no&quot;}\">\n\t\t\t\t\t\t<div class=\"elementor-container elementor-column-gap-default\">\n\t\t\t\t\t<div class=\"elementor-column elementor-col-100 elementor-top-column elementor-element elementor-element-42e45a6\" data-id=\"42e45a6\" data-element_type=\"column\" data-e-type=\"column\" data-settings=\"{&quot;_ob_bbad_is_stalker&quot;:&quot;no&quot;,&quot;_ob_teleporter_use&quot;:false,&quot;_ob_column_hoveranimator&quot;:&quot;no&quot;,&quot;_ob_column_has_pseudo&quot;:&quot;no&quot;}\">\n\t\t\t<div class=\"elementor-widget-wrap elementor-element-populated\">\n\t\t\t\t\t\t<div class=\"elementor-element elementor-element-937be09 ob-harakiri-inherit ob-has-background-overlay elementor-widget elementor-widget-text-editor\" data-id=\"937be09\" data-element_type=\"widget\" data-e-type=\"widget\" data-settings=\"{&quot;_ob_use_harakiri&quot;:&quot;yes&quot;,&quot;_ob_harakiri_writing_mode&quot;:&quot;inherit&quot;,&quot;_ob_postman_use&quot;:&quot;no&quot;,&quot;_ob_perspektive_use&quot;:&quot;no&quot;,&quot;_ob_poopart_use&quot;:&quot;yes&quot;,&quot;_ob_shadough_use&quot;:&quot;no&quot;,&quot;_ob_allow_hoveranimator&quot;:&quot;no&quot;,&quot;_ob_widget_stalker_use&quot;:&quot;no&quot;}\" data-widget_type=\"text-editor.default\">\n\t\t\t\t<div class=\"elementor-widget-container\">\n\t\t\t\t\t\t\t\t\t<p><strong>Go4rex<\/strong>\u00a0asegura que todos sus datos personales est\u00e1n protegidos en todo momento, ya sea para clientes actuales, futuros o retirados. La pol\u00edtica de privacidad a continuaci\u00f3n describe y explica c\u00f3mo Go4rex gestiona la recabaci\u00f3n, manejo y protecci\u00f3n de la informaci\u00f3n confidencial del Cliente. Go4rex se toma la seguridad muy en serio y adopta las mejores pr\u00e1cticas de tecnolog\u00eda de informaci\u00f3n y de la industria y le asegura que su derecho a la privacidad no se infringe de ninguna manera y no accede a la misma ninguna persona no autorizada.<\/p><p>\u00a0<\/p><p><strong>1. Nuestro compromiso con usted<\/strong><\/p><p>Entendemos la importancia de mantener la confidencialidad y privacidad de su informaci\u00f3n. Confiando a nosotros su informaci\u00f3n, queremos asegurarle nuestro compromiso de mantener dicha informaci\u00f3n privada. Hemos tomado medidas para proteger la confidencialidad, seguridad e integridad de su informaci\u00f3n.<br \/>\u00a0<\/p><p><strong>2. Recogida de informaci\u00f3n<\/strong><\/p><p>Si decide solicitar la apertura de una cuenta con nosotros y convertirse en uno de nuestros clientes necesitamos cierta informaci\u00f3n suya para hacerlo.<\/p><p>La Empresa puede recabar informaci\u00f3n del Cliente directamente del Cliente (en su formulario de solicitud de apertura de cuenta completado o de otra forma) o de otras personas incluyendo, por ejemplo, las agencias de cr\u00e9dito de referencia, las agencias de prevenci\u00f3n de fraudes, bancos, otras instituciones financieras, proveedores de servicios de autenticaci\u00f3n y los proveedores de registros p\u00fablicos. Esta informaci\u00f3n incluye, entre otra, detalles personales como el nombre, la direcci\u00f3n, fecha de nacimiento, datos de contacto, datos de pago, incluyendo tarjeta de cr\u00e9dito, tarjeta de d\u00e9bito y datos de la cuenta bancaria, y otra informaci\u00f3n financiera necesaria.<\/p><p>Tambi\u00e9n podr\u00edamos recoger informaci\u00f3n relacionada con el uso de nuestro sitio Web, c\u00f3mo p\u00e1ginas visitadas, frecuencia, duraci\u00f3n de la visita y actividades de inversi\u00f3n.<\/p><p>De vez en cuando, podr\u00edamos solicitarle m\u00e1s informaci\u00f3n para ayudarnos a mejorar nuestros servicios (si usted es nuestro Cliente) o nuestras actividades (si es proveedor de datos de inversi\u00f3n) bajo nuestro contrato relevante, si fuera el caso, o cumpliendo la normativa aplicable.<\/p><p>\u00a0<\/p><p><strong>3. Uso de la informaci\u00f3n<\/strong><\/p><p>Utilizaremos, almacenaremos, procesaremos, y gestionaremos informaci\u00f3n personal (en caso de que usted sea una persona f\u00edsica) en relaci\u00f3n con la continuaci\u00f3n de este contrato entre nosotros, de acuerdo con la ley de protecci\u00f3n de datos personales (protecci\u00f3n del individuo) de 2001, y sus modificaciones.<\/p><p>Su informaci\u00f3n (no de dominio p\u00fablico o que ya tengamos sin un deber de confidencialidad) que poseemos, ser\u00e1 tratada por nosotros como confidencial y no se utilizar\u00e1 para ning\u00fan fin que no est\u00e9 relacionado con la provisi\u00f3n, administraci\u00f3n y mejora de nuestros servicios con la continuaci\u00f3n de nuestro acuerdo entre nosotros, estableciendo y gestionando su cuenta o una relaci\u00f3n entre nosotros, revisando sus necesidades continuamente, mejorando el servicio al Cliente y los productos, proporcion\u00e1ndole informaci\u00f3n continua y oportunidades que creemos pueden ser importantes para usted, mejorando nuestra relaci\u00f3n, comprobaciones de diligencia debida y antilavado de dinero, con fines de investigaci\u00f3n estad\u00edsticos y con fines comerciales (seg\u00fan el acuerdo entre nosotros) seg\u00fan sea aplicable.<\/p><p>Firmando un acuerdo con nosotros (para ser nuestro Cliente), consentir a la transmisi\u00f3n de informaci\u00f3n personal fuera del \u00e1rea econ\u00f3mica europea, de acuerdo con las provisiones de la Ley de procesamiento de datos personales (protecci\u00f3n del individuo) de 2001.<\/p><p>\u00a0<\/p><p><strong>4. Ponernos en contacto con usted<\/strong><\/p><p>Con el prop\u00f3sito de administrar los t\u00e9rminos de nuestro acuerdo entre nosotros, podr\u00edamos ponernos en contacto con usted directamente por tel\u00e9fono, fax, correo electr\u00f3nico o correo.<\/p><p>Si usted lo acepta, nosotros o alguna de nuestras filiales o cualquier otra Empresa de nuestro grupo, puede entrar en contacto con usted de vez en cuando, directamente por tel\u00e9fono, fax, correo electr\u00f3nico o correo, con fines comerciales para llamar su atenci\u00f3n sobre productos o servicios que podr\u00edan ser de su inter\u00e9s o para realizar una investigaci\u00f3n de mercado.<\/p><p>\u00a0<\/p><p><strong>5. Divulgaci\u00f3n de la informaci\u00f3n<\/strong><\/p><p>Bajo nuestro acuerdo, tenemos derecho de divulgar su informaci\u00f3n (incluyendo registros y documentos de naturaleza confidencial, datos de tarjetas) en determinadas circunstancias. Seg\u00fan nuestro acuerdo, su informaci\u00f3n puede ser divulgada:<\/p><ol type=\"a\"><li>cuando lo solicite la ley a un juzgado por medio de una corte competente.<\/li><li>cuando lo solicite cualquier autoridad reguladora que tenga control jurisdicci\u00f3n sobre la Empresa o sobre el Cliente o a sus asociados o en cuyos territorios la Empresa tenga clientes.<\/li><li>a las autoridades relevantes para investigar o prevenir fraude, lavado de dinero u otra actividad ilegal.<\/li><li>seg\u00fan se ha solicitado razonablemente para ejecutar \u00f3rdenes para fines auxiliares a la provisi\u00f3n de este servicio.<\/li><li>A las agencias de referencia de cr\u00e9dito y prevenci\u00f3n de fraude, proveedores de servicio de autenticaci\u00f3n, bancos y otras instituciones financieras para la comprobaci\u00f3n de cr\u00e9dito, prevenci\u00f3n de fraude, fines de antilavado de dinero, identificaci\u00f3n o comprobaci\u00f3n de diligencia debida del Cliente. Para hacerlo pueden comprobar los datos que el Cliente proporcion\u00f3 ante cualquier particular de cualquier base de datos (p\u00fablica o no) a la cual tengo acceso. Tambi\u00e9n pueden usar los datos del Cliente en el futuro para ayudar a otras empresas en procesos de verificaci\u00f3n. Un registro de la b\u00fasqueda lo conservar\u00e1 la Empresa.<\/li><li>A los consejeros profesionales de la Empresa siempre que en cada caso el profesional relevante sea informado de la naturaleza confidencial de dicha informaci\u00f3n y se comprometa a mantener las obligaciones de confidencialidad tambi\u00e9n.<\/li><li>A otros proveedores de servicios que creen, mantengan o procesen bases de datos (electr\u00f3nicas o no), que ofrezcan servicios de conservaci\u00f3n de registros,servicios de mensajer\u00eda, servicios de transmisi\u00f3n de correos electr\u00f3nicos o servicios similares que sirvan para ayudar a la Empresa a recabar, almacenar, procesar utilizar la informaci\u00f3n del Cliente o para ponerse en contacto con el Cliente o mejorar la provisi\u00f3n de los servicios bajo este contrato.<\/li><li>A un registro de operaciones o similar bajo la reglamentacion (UE) n.\u00ba 648\/2012 del Parlamento Europeo y el Consejo del 4 de julio de 2012 en derivados de OTC, equivalentes centrales (CCP) y registros de operaciones (TR) (EMIR).<\/li><li>A otros proveedores de servicios con fines estad\u00edsticos para mejorar la comercializaci\u00f3n de la Empresa; en tal caso la informaci\u00f3n se proporcionar\u00e1 en un formulario agregado.<\/li><li>Para call centers de investigaci\u00f3n de mercado que realizan encuestas telef\u00f3nica o por correo electr\u00f3nico para mejorar los servicios de la Empresa; en dicho caso se proporcionar\u00e1n solo los datos de contacto.<\/li><li>Cuando sea necesario para que la Empresa defienda o ejecute sus derechos legales ante una corte o tribunal o arbitraje o Ombudsman o autoridad gubernamental.<\/li><li>A solicitud del Cliente o con su consentimiento.<\/li><li>A una filial de la Empresa o a cualquier otra Empresa del mismo grupo.<\/li><li>A sucesores o designados o beneficiarios o compradores, con diez d\u00edas laborables de antelaci\u00f3n a trav\u00e9s de un aviso escrito al Cliente.<\/li><\/ol><p>\u00a0<\/p><p><strong>6. Medidas de protecci\u00f3n<\/strong><\/p><p>\u00a0<\/p><p>Su informaci\u00f3n se almacena en servidores seguros.<\/p><p>Limitamos el acceso de informaci\u00f3n solo a aquellos empleados o socios que necesitan conocer la informaci\u00f3n para poder llevar a cabo el acuerdo entre nosotros.<\/p><p>Tenemos procedimientos relacionados con c\u00f3mo salvaguardar y usar su informaci\u00f3n, por ejemplo, solicitando a nuestros afiliados y empleados que mantengan la confidencialidad de su informaci\u00f3n.<\/p><p>No conservaremos informaci\u00f3n m\u00e1s all\u00e1 del tiempo necesario. En muchos casos, la informaci\u00f3n deber\u00e1 conservarse por periodos largos de tiempo. Los periodos de retenci\u00f3n se determinar\u00e1n teniendo en cuenta el tipo de informaci\u00f3n que se recoge y el prop\u00f3sito por la cual se recoge, considerando los requisitos aplicables a la situaci\u00f3n y la necesidad de destruir informaci\u00f3n inutilizada y antigua en el tiempo m\u00e1s corto posible. Bajo la normativa aplicable, la Empresa conservar\u00e1 los registros que contengan datos personales del Cliente, informaci\u00f3n de operaciones, documentos de apertura de cuenta, comunicaciones y cualquier otra cosa que se relacione con el Cliente al menos durante cinco a\u00f1os despu\u00e9s de la finalizaci\u00f3n de este contrato. En cualquier caso, guardaremos informaci\u00f3n como m\u00ednimo por la duraci\u00f3n de la limitaci\u00f3n de acciones apicales.<\/p><p>Utilizaremos todos los esfuerzos razonables para salvaguardar su informaci\u00f3n. Usted reconoce que el uso de Internet no es totalmente seguro y por esta raz\u00f3n no podemos garantizar la seguridad o integridad de cualquier dato personal transferido a nosotros a trav\u00e9s de Internet.<\/p><p>\u00a0<\/p><p><strong>7. Cambio de informaci\u00f3n<\/strong><\/p><p>\u00a0<\/p><p>En cualquier momento puede informar a la Empresa que su informaci\u00f3n ha cambiado o que desea que la Empresa elimine la informaci\u00f3n qu\u00e9 conservamos, envi\u00e1ndonos un correo electr\u00f3nico a\u00a0<a href=\"mailto:support@go4rex.com\"><strong>support@go4rex.com<\/strong><\/a>. Cambiaremos o eliminaremos su informaci\u00f3n de acuerdo con sus instrucciones, excepto aquellas qu\u00e9 debemos conservar por razones legales o normativas, para proporcionarle los servicios que ha solicitado o para mantener registros comerciales adecuados.<\/p><p>\u00a0<\/p><p><strong>8. Derecho de acceso<\/strong><\/p><p>Bajo la ley de procesamiento de datos personales (protecci\u00f3n del individuo) de 2001, y sus modificaciones, usted, como persona f\u00edsica, tiene derecho de obtener una copia de cualquier informaci\u00f3n personal que tengamos de usted y de avisarnos de cualquier imprecisi\u00f3n encontrada.<\/p><p>Para hacer una solicitud, p\u00f3ngase en contacto con nosotros, verificando su identidad y especificando qu\u00e9 informaci\u00f3n necesita. Podemos cargar una tarifa administrativa.<\/p><p>Puede ponerse en contacto con nosotros a trav\u00e9s del correo electr\u00f3nico.<\/p><p><strong>9. Preguntas<\/strong><\/p><p>Si tienes preguntas relacionadas con esta pol\u00edtica, desea acceder o cambiar su informaci\u00f3n, o tiene una queja, o si tiene preguntas relacionadas con la seguridad de nuestro sitio web, puede enviarnos un correo electr\u00f3nico.<\/p><p><strong>10. Actualizaci\u00f3n de esta pol\u00edtica<\/strong><\/p><p>Esta pol\u00edtica est\u00e1 sujeta a cambios sin previo aviso. Por esta raz\u00f3n le aconsejamos buscar las actualizaciones de vez en cuando.<\/p>\t\t\t\t\t\t\t\t<\/div>\n\t\t\t\t<\/div>\n\t\t\t\t\t<\/div>\n\t\t<\/div>\n\t\t\t\t\t<\/div>\n\t\t<\/section>\n\t\t\t\t<\/div>\n\t\t","protected":false},"excerpt":{"rendered":"<p>Pol\u00edtica de Privacidad Nuestra amplia pol\u00edtica de protecci\u00f3n de datos refleja los est\u00e1ndares de seguridad m\u00e1s altos. Go4rex\u00a0asegura que todos sus datos personales est\u00e1n protegidos en todo momento, ya sea para clientes actuales, futuros o retirados. La pol\u00edtica de privacidad a continuaci\u00f3n describe y explica c\u00f3mo Go4rex gestiona la recabaci\u00f3n, manejo y protecci\u00f3n de la [&hellip;]<\/p>\n","protected":false},"author":7,"featured_media":0,"parent":0,"menu_order":0,"comment_status":"closed","ping_status":"closed","template":"","meta":{"footnotes":""},"class_list":["post-1066","page","type-page","status-publish","hentry"],"_links":{"self":[{"href":"https:\/\/go4rex.com\/es\/wp-json\/wp\/v2\/pages\/1066","targetHints":{"allow":["GET"]}}],"collection":[{"href":"https:\/\/go4rex.com\/es\/wp-json\/wp\/v2\/pages"}],"about":[{"href":"https:\/\/go4rex.com\/es\/wp-json\/wp\/v2\/types\/page"}],"author":[{"embeddable":true,"href":"https:\/\/go4rex.com\/es\/wp-json\/wp\/v2\/users\/7"}],"replies":[{"embeddable":true,"href":"https:\/\/go4rex.com\/es\/wp-json\/wp\/v2\/comments?post=1066"}],"version-history":[{"count":4,"href":"https:\/\/go4rex.com\/es\/wp-json\/wp\/v2\/pages\/1066\/revisions"}],"predecessor-version":[{"id":1070,"href":"https:\/\/go4rex.com\/es\/wp-json\/wp\/v2\/pages\/1066\/revisions\/1070"}],"wp:attachment":[{"href":"https:\/\/go4rex.com\/es\/wp-json\/wp\/v2\/media?parent=1066"}],"curies":[{"name":"wp","href":"https:\/\/api.w.org\/{rel}","templated":true}]}}