{"id":1058,"date":"2021-12-05T17:14:28","date_gmt":"2021-12-05T17:14:28","guid":{"rendered":"https:\/\/go4rex.com\/?page_id=1058"},"modified":"2024-05-28T14:30:10","modified_gmt":"2024-05-28T14:30:10","slug":"bonus-terms-and-conditions","status":"publish","type":"page","link":"https:\/\/go4rex.com\/es\/bonus-terms-and-conditions\/","title":{"rendered":"T\u00e9rminos y condiciones de bonificaci\u00f3n"},"content":{"rendered":"\t\t<div data-elementor-type=\"wp-page\" data-elementor-id=\"1058\" class=\"elementor elementor-1058\" data-elementor-post-type=\"page\">\n\t\t\t\t\t\t<section class=\"ob-is-breaking-bad elementor-section elementor-top-section elementor-element elementor-element-54c4d36 elementor-section-height-min-height elementor-section-boxed elementor-section-height-default elementor-section-items-middle\" data-id=\"54c4d36\" data-element_type=\"section\" data-e-type=\"section\" data-settings=\"{&quot;background_background&quot;:&quot;classic&quot;,&quot;_ob_bbad_use_it&quot;:&quot;yes&quot;,&quot;_ob_bbad_sssic_use&quot;:&quot;no&quot;,&quot;_ob_glider_is_slider&quot;:&quot;no&quot;}\">\n\t\t\t\t\t\t\t<div class=\"elementor-background-overlay\"><\/div>\n\t\t\t\t\t\t\t<div class=\"elementor-container elementor-column-gap-default\">\n\t\t\t\t\t<div class=\"elementor-column elementor-col-100 elementor-top-column elementor-element elementor-element-2b3f67c\" data-id=\"2b3f67c\" data-element_type=\"column\" data-e-type=\"column\" data-settings=\"{&quot;_ob_bbad_is_stalker&quot;:&quot;no&quot;,&quot;_ob_teleporter_use&quot;:false,&quot;_ob_column_hoveranimator&quot;:&quot;no&quot;,&quot;_ob_column_has_pseudo&quot;:&quot;no&quot;}\">\n\t\t\t<div class=\"elementor-widget-wrap elementor-element-populated\">\n\t\t\t\t\t\t<div class=\"elementor-element elementor-element-dd94775 ob-harakiri-inherit ob-has-background-overlay elementor-widget elementor-widget-heading\" data-id=\"dd94775\" data-element_type=\"widget\" data-e-type=\"widget\" data-settings=\"{&quot;_ob_use_harakiri&quot;:&quot;yes&quot;,&quot;_ob_harakiri_writing_mode&quot;:&quot;inherit&quot;,&quot;_ob_harakiri_text_clip&quot;:&quot;none&quot;,&quot;_ob_perspektive_use&quot;:&quot;no&quot;,&quot;_ob_poopart_use&quot;:&quot;yes&quot;,&quot;_ob_shadough_use&quot;:&quot;no&quot;,&quot;_ob_allow_hoveranimator&quot;:&quot;no&quot;,&quot;_ob_widget_stalker_use&quot;:&quot;no&quot;}\" data-widget_type=\"heading.default\">\n\t\t\t\t<div class=\"elementor-widget-container\">\n\t\t\t\t\t<h1 class=\"elementor-heading-title elementor-size-default\">Conozca todas nuestras bonificaciones oficiales y nuestros programas de recompensas.\n<\/h1>\t\t\t\t<\/div>\n\t\t\t\t<\/div>\n\t\t\t\t<div class=\"elementor-element elementor-element-98255a3 elementor-align-center ob-has-background-overlay elementor-widget elementor-widget-breadcrumbs\" data-id=\"98255a3\" data-element_type=\"widget\" data-e-type=\"widget\" data-settings=\"{&quot;_ob_perspektive_use&quot;:&quot;no&quot;,&quot;_ob_poopart_use&quot;:&quot;yes&quot;,&quot;_ob_shadough_use&quot;:&quot;no&quot;,&quot;_ob_allow_hoveranimator&quot;:&quot;no&quot;,&quot;_ob_widget_stalker_use&quot;:&quot;no&quot;}\" data-widget_type=\"breadcrumbs.default\">\n\t\t\t\t<div class=\"elementor-widget-container\">\n\t\t\t\t\t<nav aria-label=\"breadcrumbs\" class=\"rank-math-breadcrumb\"><p><span class=\"last\">Home<\/span><\/p><\/nav>\t\t\t\t<\/div>\n\t\t\t\t<\/div>\n\t\t\t\t\t<\/div>\n\t\t<\/div>\n\t\t\t\t\t<\/div>\n\t\t<\/section>\n\t\t\t\t<section class=\"ob-is-breaking-bad elementor-section elementor-top-section elementor-element elementor-element-2aa7259 elementor-section-boxed elementor-section-height-default elementor-section-height-default\" data-id=\"2aa7259\" data-element_type=\"section\" data-e-type=\"section\" data-settings=\"{&quot;_ob_bbad_use_it&quot;:&quot;yes&quot;,&quot;_ob_bbad_sssic_use&quot;:&quot;no&quot;,&quot;_ob_glider_is_slider&quot;:&quot;no&quot;}\">\n\t\t\t\t\t\t<div class=\"elementor-container elementor-column-gap-default\">\n\t\t\t\t\t<div class=\"elementor-column elementor-col-100 elementor-top-column elementor-element elementor-element-9a4cb79\" data-id=\"9a4cb79\" data-element_type=\"column\" data-e-type=\"column\" data-settings=\"{&quot;_ob_bbad_is_stalker&quot;:&quot;no&quot;,&quot;_ob_teleporter_use&quot;:false,&quot;_ob_column_hoveranimator&quot;:&quot;no&quot;,&quot;_ob_column_has_pseudo&quot;:&quot;no&quot;}\">\n\t\t\t<div class=\"elementor-widget-wrap elementor-element-populated\">\n\t\t\t\t\t\t<div class=\"elementor-element elementor-element-68e9fdb ob-harakiri-inherit ob-has-background-overlay elementor-widget elementor-widget-text-editor\" data-id=\"68e9fdb\" data-element_type=\"widget\" data-e-type=\"widget\" data-settings=\"{&quot;_ob_use_harakiri&quot;:&quot;yes&quot;,&quot;_ob_harakiri_writing_mode&quot;:&quot;inherit&quot;,&quot;_ob_postman_use&quot;:&quot;no&quot;,&quot;_ob_perspektive_use&quot;:&quot;no&quot;,&quot;_ob_poopart_use&quot;:&quot;yes&quot;,&quot;_ob_shadough_use&quot;:&quot;no&quot;,&quot;_ob_allow_hoveranimator&quot;:&quot;no&quot;,&quot;_ob_widget_stalker_use&quot;:&quot;no&quot;}\" data-widget_type=\"text-editor.default\">\n\t\t\t\t<div class=\"elementor-widget-container\">\n\t\t\t\t\t\t\t\t\t<p>La Empresa ofrece una atractiva variedad de programas de bonificaci\u00f3n a sus clientes nuevos y a los existentes, siempre que hayan activado su cuenta de inversi\u00f3n. Las bonificaciones y\/o recompensas financieras y\/o promociones (\u201cbonificaciones\u201d) otorgadas a los clientes son parte del programa de promociones de la Empresa. Estas bonificaciones son ofertas limitadas en el tiempo y sus condiciones pueden estar sujetas a cambios a trav\u00e9s de un aviso por escrito dado a los clientes ante modificaciones de partes sustanciales de las condiciones acordadas. Antes de aceptar ofertas de bonificaci\u00f3n, se le dar\u00e1 la oportunidad a los clientes de considerar los t\u00e9rminos y condiciones asociados con dicha bonificaci\u00f3n para comprender realmente c\u00f3mo funciona el esquema (as\u00ed como sus TyC) y proporcionar\u00e1n su consentimiento en relaci\u00f3n a la situaci\u00f3n de posibles alteraciones.<\/p>\n<p>Es necesario que los clientes acepten las bonificaciones ofrecidas por la Empresa; todas las bonificaciones son opcionales. Si los clientes deciden no aceptar una bonificaci\u00f3n, bajo estas circunstancias, los clientes no estar\u00e1n vinculados a los T\u00e9rminos y Condiciones relacionados con esa bonificaci\u00f3n. Al aceptar las bonificaciones ofrecidas, los clientes quedan vinculados por estas gu\u00edas, provisiones y t\u00e9rminos del programa de bonificaci\u00f3n, solo si han comprendido y est\u00e1n totalmente de acuerdo con los t\u00e9rminos y condiciones de este acuerdo.<\/p>\n<p>La bonificaci\u00f3n y las promociones surgir\u00e1n de vez en cuando junto con un volumen o un punto de inversi\u00f3n requerido, y dichos requisitos pueden variar seg\u00fan las cantidades de bonificaci\u00f3n y dep\u00f3sito. Los diferentes programas de bonificaci\u00f3n y las promociones se dar\u00e1n en eventos aleatorios y se agregar\u00e1n a la cuenta de inversi\u00f3n del Cliente en una de las siguientes formas:<\/p>\n<ol>\n<li><strong><u>Bonificaciones pendientes<\/u>:<\/strong><br>Las bonificaciones pendientes se agregar\u00e1n al saldo de la cuenta de inversi\u00f3n solamente despu\u00e9s de haber acumulado los puntos de inversi\u00f3n requeridos. Dado que la Empresa no desea restringir una cuenta de inversi\u00f3n hasta haber cumplido el requisito, las bonificaciones se mantendr\u00e1n separadas de los fondos iniciales del operador. Con la bonificaci\u00f3n separada de los fondos iniciales del operador, el operador puede retirar sus fondos en cualquier momento, de acuerdo con los t\u00e9rminos de retirada habituales.<br>Tenga en cuenta que cada bonificaci\u00f3n tiene sus propias especificaciones en relaci\u00f3n al vencimiento y a los puntos de inversi\u00f3n. Si desea m\u00e1s detalles, vea nuestro informe de bonificaci\u00f3n.<\/li>\n<li><strong><u>1 Trade on Us<\/u>:<\/strong><br>1 trade on us es una recompensa otorgada a inversores elegibles. Funciona de acuerdo con un principio sencillo: su gestor de cuentas le familiariza con la bonificaci\u00f3n garantizada 1 trade on us, que funciona en el caso de que la primera operaci\u00f3n cerrada, enviada despu\u00e9s del dep\u00f3sito inicial (o relevante), no tuviera beneficios.<br>Si la primera operaci\u00f3n cerrada, enviada despu\u00e9s del dep\u00f3sito inicial (o relevante) tiene \u00e9xito, la 1 trade on us se anula. Esta bonificaci\u00f3n vence en 10 d\u00edas (incluyendo fines de semana) despu\u00e9s del dep\u00f3sito inicial (o relevante).<br>Si el operador resulta elegible para la 1 trade on us, se agregar\u00e1 a su cuenta a su solicitud, o en algunos casos en los siguientes 14 d\u00edas laborables.<\/li>\n<li><strong><u>Bonificaci\u00f3n de cumplea\u00f1os<\/u><\/strong><br>Las bonificaciones se ofrecen como correo electr\u00f3nico diario a aquellos clientes que mantienen una cuenta real en el d\u00eda de su cumplea\u00f1os y por un periodo de siete (7) d\u00edas desde el d\u00eda de su cumplea\u00f1os.<br>\n<ol class=\"lower-latin\">\n<li>Los clientes que depositen una cantidad m\u00ednima de 250 $\/\u20ac\/\u00a3 recibir\u00e1n:<br><b>I.<\/b>&nbsp;20% trade on us<br><b>II.<\/b>&nbsp;50% de descuento en otro tipo de cuentas<\/li>\n<li>Nuevos clientes: Bonificaci\u00f3n de bienvenida (pendiente) del 200 % en el primer dep\u00f3sito.<br>Las bonificaciones se suman a la cuenta de inversi\u00f3n y pueden retirarse solo cu\u00e1ndo se hayan conseguido los puntos de inversi\u00f3n apropiados. Si el Cliente tiene una bonificaci\u00f3n activa antes de aceptar la nueva bonificaci\u00f3n, los puntos de inversi\u00f3n para cada bonificaci\u00f3n deber\u00e1n completarse antes de poder liberar cada una de ellas.<\/li>\n<\/ol>\n<\/li>\n<\/ol>\n<h2>Todos los agregados de la Empresa a los t\u00e9rminos de bonificaci\u00f3n son definitivos.<\/h2>\n<p>Los clientes est\u00e1n invitados a utilizar la bonificaci\u00f3n de la Empresa de forma justificada y correcta, seg\u00fan con los t\u00e9rminos y condiciones de contrato. La Empresa se reserva el derecho de cancelar e incluso de cerrar la cuenta de inversi\u00f3n si sospecha cualquier forma de abuso o mala praxis de la bonificaci\u00f3n por parte del operador, incluyendo las razones indicadas en la secci\u00f3n 23.<\/p>\n<p>La Empresa concluir\u00e1 y decidir\u00e1 de forma firme si los clientes han abusado y\/o hecho mal uso de la plataforma y\/o de su bonificaci\u00f3n.<\/p>\n<p>Todas las bonificaciones y los beneficios se utilizar\u00e1n de acuerdo con el periodo de tiempo predefinido en la oferta.<\/p>\n<p>En el caso de abuso y\/o mal uso de los t\u00e9rminos de la bonificaci\u00f3n, la Empresa est\u00e1 autorizada a revocar la bonificaci\u00f3n. Si este fuera el caso, las decisiones de la Empresa ser\u00e1n definitivas. Cualquier cambio dentro de los t\u00e9rminos y condiciones de la bonificaci\u00f3n se reservan para ser revocados solamente por la Empresa y publicados m\u00e1s tarde en su sitio web.<\/p>\n<p>La aceptaci\u00f3n de recepci\u00f3n de la bonificaci\u00f3n, t\u00e9rminos y condiciones, y su suma a la cuenta de inversi\u00f3n vinculan al operador con los t\u00e9rminos y condiciones de la bonificaci\u00f3n mencionados anteriormente y en este documento.<\/p>\n<p>A menos que se indique lo contrario, por escrito en el Sitio de la Compa\u00f1\u00eda, ser\u00e1 un t\u00e9rmino est\u00e1ndar de todos y cada uno de los Bonos que, para realizar un retiro, el Cliente deber\u00e1 realizar un volumen total de operaciones (en Lotes Est\u00e1ndar) de al menos 20 % del monto total de la Bonificaci\u00f3n que se le otorg\u00f3 (el \u201cVolumen necesario de Retiro\u201d). El volumen de negociaci\u00f3n requerido debe realizarse dentro de los 45 d\u00edas.<\/p>\n<p>Para evitar cualquier duda, el m\u00e9todo de c\u00e1lculo antes mencionado deber\u00e1 cumplir con el siguiente ejemplo: (Bonificaci\u00f3n total otorgada al Cliente\/5) = Cantidad de Puntos de Negociaci\u00f3n requeridos, por tramo, mientras que cada Punto de Negociaci\u00f3n equivale a 1 Lote de Negociaci\u00f3n Est\u00e1ndar. Una vez se haya alcanzado el volumen necesario para el retiro, los retiros se realizar\u00e1n de acuerdo a los T&amp;C del Sitio. En cualquier caso en el que el Cliente no haya realizado dicho volumen de retiro en su totalidad, el cliente no ser\u00e1 elegible para el monto de beneficio parcial y\/o de bonificaci\u00f3n que haya alcanzado.<\/p>\t\t\t\t\t\t\t\t<\/div>\n\t\t\t\t<\/div>\n\t\t\t\t\t<\/div>\n\t\t<\/div>\n\t\t\t\t\t<\/div>\n\t\t<\/section>\n\t\t\t\t<\/div>\n\t\t","protected":false},"excerpt":{"rendered":"<p>Conozca todas nuestras bonificaciones oficiales y nuestros programas de recompensas. Home La Empresa ofrece una atractiva variedad de programas de bonificaci\u00f3n a sus clientes nuevos y a los existentes, siempre que hayan activado su cuenta de inversi\u00f3n. Las bonificaciones y\/o recompensas financieras y\/o promociones (\u201cbonificaciones\u201d) otorgadas a los clientes son parte del programa de promociones [&hellip;]<\/p>\n","protected":false},"author":7,"featured_media":0,"parent":0,"menu_order":0,"comment_status":"closed","ping_status":"closed","template":"","meta":{"footnotes":""},"class_list":["post-1058","page","type-page","status-publish","hentry"],"_links":{"self":[{"href":"https:\/\/go4rex.com\/es\/wp-json\/wp\/v2\/pages\/1058","targetHints":{"allow":["GET"]}}],"collection":[{"href":"https:\/\/go4rex.com\/es\/wp-json\/wp\/v2\/pages"}],"about":[{"href":"https:\/\/go4rex.com\/es\/wp-json\/wp\/v2\/types\/page"}],"author":[{"embeddable":true,"href":"https:\/\/go4rex.com\/es\/wp-json\/wp\/v2\/users\/7"}],"replies":[{"embeddable":true,"href":"https:\/\/go4rex.com\/es\/wp-json\/wp\/v2\/comments?post=1058"}],"version-history":[{"count":13,"href":"https:\/\/go4rex.com\/es\/wp-json\/wp\/v2\/pages\/1058\/revisions"}],"predecessor-version":[{"id":4235,"href":"https:\/\/go4rex.com\/es\/wp-json\/wp\/v2\/pages\/1058\/revisions\/4235"}],"wp:attachment":[{"href":"https:\/\/go4rex.com\/es\/wp-json\/wp\/v2\/media?parent=1058"}],"curies":[{"name":"wp","href":"https:\/\/api.w.org\/{rel}","templated":true}]}}