{"id":1032,"date":"2021-12-05T15:35:43","date_gmt":"2021-12-05T15:35:43","guid":{"rendered":"https:\/\/go4rex.com\/?page_id=1032"},"modified":"2024-10-02T07:22:46","modified_gmt":"2024-10-02T07:22:46","slug":"our-company","status":"publish","type":"page","link":"https:\/\/go4rex.com\/es\/our-company\/","title":{"rendered":"Nuestra Empresa"},"content":{"rendered":"\t\t<div data-elementor-type=\"wp-page\" data-elementor-id=\"1032\" class=\"elementor elementor-1032\" data-elementor-post-type=\"page\">\n\t\t\t\t\t\t<section class=\"ob-is-breaking-bad elementor-section elementor-top-section elementor-element elementor-element-0b09b79 elementor-section-height-min-height elementor-section-boxed elementor-section-height-default elementor-section-items-middle\" data-id=\"0b09b79\" data-element_type=\"section\" data-e-type=\"section\" data-settings=\"{&quot;background_background&quot;:&quot;classic&quot;,&quot;_ob_bbad_use_it&quot;:&quot;yes&quot;,&quot;_ob_bbad_sssic_use&quot;:&quot;no&quot;,&quot;_ob_glider_is_slider&quot;:&quot;no&quot;}\">\n\t\t\t\t\t\t\t<div class=\"elementor-background-overlay\"><\/div>\n\t\t\t\t\t\t\t<div class=\"elementor-container elementor-column-gap-default\">\n\t\t\t\t\t<div class=\"elementor-column elementor-col-100 elementor-top-column elementor-element elementor-element-8f0af5b\" data-id=\"8f0af5b\" data-element_type=\"column\" data-e-type=\"column\" data-settings=\"{&quot;_ob_bbad_is_stalker&quot;:&quot;no&quot;,&quot;_ob_teleporter_use&quot;:false,&quot;_ob_column_hoveranimator&quot;:&quot;no&quot;,&quot;_ob_column_has_pseudo&quot;:&quot;no&quot;}\">\n\t\t\t<div class=\"elementor-widget-wrap elementor-element-populated\">\n\t\t\t\t\t\t<div class=\"elementor-element elementor-element-3b2f65d ob-harakiri-inherit ob-has-background-overlay elementor-widget elementor-widget-heading\" data-id=\"3b2f65d\" data-element_type=\"widget\" data-e-type=\"widget\" data-settings=\"{&quot;_ob_use_harakiri&quot;:&quot;yes&quot;,&quot;_ob_harakiri_writing_mode&quot;:&quot;inherit&quot;,&quot;_ob_harakiri_text_clip&quot;:&quot;none&quot;,&quot;_ob_perspektive_use&quot;:&quot;no&quot;,&quot;_ob_poopart_use&quot;:&quot;yes&quot;,&quot;_ob_shadough_use&quot;:&quot;no&quot;,&quot;_ob_allow_hoveranimator&quot;:&quot;no&quot;,&quot;_ob_widget_stalker_use&quot;:&quot;no&quot;}\" data-widget_type=\"heading.default\">\n\t\t\t\t<div class=\"elementor-widget-container\">\n\t\t\t\t\t<h1 class=\"elementor-heading-title elementor-size-default\">Sabemos que elegir el mejor corredor es importante para usted. Es por eso que hemos creado un enfoque innovador para operar, ofreciendo a nuestros inversores de todo el mundo una alternativa simple y \u00fanica.\n<\/h1>\t\t\t\t<\/div>\n\t\t\t\t<\/div>\n\t\t\t\t<div class=\"elementor-element elementor-element-2cfee69 elementor-align-center ob-has-background-overlay elementor-widget elementor-widget-breadcrumbs\" data-id=\"2cfee69\" data-element_type=\"widget\" data-e-type=\"widget\" data-settings=\"{&quot;_ob_perspektive_use&quot;:&quot;no&quot;,&quot;_ob_poopart_use&quot;:&quot;yes&quot;,&quot;_ob_shadough_use&quot;:&quot;no&quot;,&quot;_ob_allow_hoveranimator&quot;:&quot;no&quot;,&quot;_ob_widget_stalker_use&quot;:&quot;no&quot;}\" data-widget_type=\"breadcrumbs.default\">\n\t\t\t\t<div class=\"elementor-widget-container\">\n\t\t\t\t\t<nav aria-label=\"breadcrumbs\" class=\"rank-math-breadcrumb\"><p><span class=\"last\">Home<\/span><\/p><\/nav>\t\t\t\t<\/div>\n\t\t\t\t<\/div>\n\t\t\t\t\t<\/div>\n\t\t<\/div>\n\t\t\t\t\t<\/div>\n\t\t<\/section>\n\t\t\t\t<section class=\"ob-is-breaking-bad elementor-section elementor-top-section elementor-element elementor-element-90a0fd0 elementor-section-boxed elementor-section-height-default elementor-section-height-default\" data-id=\"90a0fd0\" data-element_type=\"section\" data-e-type=\"section\" data-settings=\"{&quot;_ob_bbad_use_it&quot;:&quot;yes&quot;,&quot;_ob_bbad_sssic_use&quot;:&quot;no&quot;,&quot;_ob_glider_is_slider&quot;:&quot;no&quot;}\">\n\t\t\t\t\t\t<div class=\"elementor-container elementor-column-gap-default\">\n\t\t\t\t\t<div class=\"elementor-column elementor-col-100 elementor-top-column elementor-element elementor-element-6b63418\" data-id=\"6b63418\" data-element_type=\"column\" data-e-type=\"column\" data-settings=\"{&quot;_ob_bbad_is_stalker&quot;:&quot;no&quot;,&quot;_ob_teleporter_use&quot;:false,&quot;_ob_column_hoveranimator&quot;:&quot;no&quot;,&quot;_ob_column_has_pseudo&quot;:&quot;no&quot;}\">\n\t\t\t<div class=\"elementor-widget-wrap elementor-element-populated\">\n\t\t\t\t\t\t<div class=\"elementor-element elementor-element-5509cd5 ob-harakiri-inherit ob-has-background-overlay elementor-widget elementor-widget-text-editor\" data-id=\"5509cd5\" data-element_type=\"widget\" data-e-type=\"widget\" data-settings=\"{&quot;_ob_use_harakiri&quot;:&quot;yes&quot;,&quot;_ob_harakiri_writing_mode&quot;:&quot;inherit&quot;,&quot;_ob_postman_use&quot;:&quot;no&quot;,&quot;_ob_perspektive_use&quot;:&quot;no&quot;,&quot;_ob_poopart_use&quot;:&quot;yes&quot;,&quot;_ob_shadough_use&quot;:&quot;no&quot;,&quot;_ob_allow_hoveranimator&quot;:&quot;no&quot;,&quot;_ob_widget_stalker_use&quot;:&quot;no&quot;}\" data-widget_type=\"text-editor.default\">\n\t\t\t\t<div class=\"elementor-widget-container\">\n\t\t\t\t\t\t\t\t\t<h3 style=\"color: #000550; font-size: 40px;\">\u00bfQui\u00e9nes somos?<\/h3><p>Go4rex es un proveedor de servicios financieros de fama mundial que ofrece una amplia gama de productos de inversi\u00f3n, incluyendo CFD (contrato por diferencias), FX y monedas. Nuestra plataforma de inversi\u00f3n de alta tecnolog\u00eda ofrece a los clientes en todo el mundo la oportunidad de invertir en m\u00e1s de 1000 activos mundiales, incluyendo forex, acciones, productos b\u00e1sicos, \u00edndices y monedas.<\/p><p>Usamos tecnolog\u00eda de encriptado de ultima generaci\u00f3n como los bancos internacionales y los principales distribuidores en linea para proteger su seguridad y su privacidad en todo momento. Sus fondos de inversi\u00f3n est\u00e1n protegidos en todo momento en cuentas de banco segregadas y nunca compartiremos sus datos con nadie fuera de la agencia ni con terceros. Operamos con una pol\u00edtica sin tarifas ocultas y nuestros procesos de dep\u00f3sito y retirada es r\u00e1pido, c\u00f3modo y admite una amplia variedad de m\u00e9todos de pago.<\/p><h3 style=\"color: #000550; font-size: 40px;\">Nuestra visi\u00f3n<\/h3><p>Nuestro principal objetivo es despertar su potencial de operador a trav\u00e9s de innovaci\u00f3n tecnol\u00f3gica punta y dominio financiero. Esta visi\u00f3n es crear las bases de confianza mutua entre nosotros y nuestros clientes. Nos esforzamos para mejorar constantemente nuestras funciones y servicios, y proporcionarle la experiencia de inversi\u00f3n perfecta hoy mismo. Nuestros valores son innovaci\u00f3n, transparencia y crecimiento.<\/p><h3 style=\"color: #000550; font-size: 40px;\">\u00bfPor qu\u00e9 Go4rex?<\/h3><p>Estamos especializados totalmente para crear una experiencia de inversi\u00f3n impecable en m\u00e1s de 1000 de los m\u00e1s importantes activos. Opere con forex, acciones, productos b\u00e1sicos, \u00edndices y monedas sin comisiones ni tarifas en nuestra plataforma de inversi\u00f3n \u00fanica de \u00faltima generaci\u00f3n (ordenador, m\u00f3vil o tablet). Benef\u00edciese de nuestra ayuda de primera clase 24\/6 y de nuestra asistencia en vivo por expertos. Cuando opera con nosotros puede:<\/p><ul><li>Experimentar con nuestra plataforma de inversi\u00f3n de \u00faltima generaci\u00f3n<\/li><li>Disfrutar de diferenciales competitivos, ganancias altas y ejecuci\u00f3n ultrar\u00e1pida<\/li><li>Ajuste su acci\u00f3n en el mercado con gr\u00e1ficos avanzados y herramientas de an\u00e1lisis<\/li><li>Opere con seguridad en su ordenador, m\u00f3vil o tablet<\/li><li>Invierta en un entorno 100 % seguro<\/li><\/ul><h3 style=\"color: #000550; font-size: 40px;\">Servicios y ayuda<\/h3><p>Proporcionamos a todos nuestros operadores una atenci\u00f3n al Cliente amistosa, eficaz y profesional para ayudarle a operar e invertir de forma impecable y para que disfruten lo m\u00e1ximo posible. Nuestro personal de ayuda en varios idiomas es altamente experimentado y tiene un conocimiento detallado de nuestros sistemas y de los mercados financieros. Puede ponerse en contacto con nosotros por correo electr\u00f3nico, tel\u00e9fono o chat en vivo.<\/p><h3 style=\"color: #000550; font-size: 40px;\">\u00a1Abra una cuenta de forma gratuita y empiece a operar al instante!<\/h3>\t\t\t\t\t\t\t\t<\/div>\n\t\t\t\t<\/div>\n\t\t\t\t\t<\/div>\n\t\t<\/div>\n\t\t\t\t\t<\/div>\n\t\t<\/section>\n\t\t\t\t<\/div>\n\t\t","protected":false},"excerpt":{"rendered":"<p>Sabemos que elegir el mejor corredor es importante para usted. Es por eso que hemos creado un enfoque innovador para operar, ofreciendo a nuestros inversores de todo el mundo una alternativa simple y \u00fanica. Home \u00bfQui\u00e9nes somos? Go4rex es un proveedor de servicios financieros de fama mundial que ofrece una amplia gama de productos de [&hellip;]<\/p>\n","protected":false},"author":7,"featured_media":0,"parent":0,"menu_order":0,"comment_status":"closed","ping_status":"closed","template":"","meta":{"footnotes":""},"class_list":["post-1032","page","type-page","status-publish","hentry"],"_links":{"self":[{"href":"https:\/\/go4rex.com\/es\/wp-json\/wp\/v2\/pages\/1032","targetHints":{"allow":["GET"]}}],"collection":[{"href":"https:\/\/go4rex.com\/es\/wp-json\/wp\/v2\/pages"}],"about":[{"href":"https:\/\/go4rex.com\/es\/wp-json\/wp\/v2\/types\/page"}],"author":[{"embeddable":true,"href":"https:\/\/go4rex.com\/es\/wp-json\/wp\/v2\/users\/7"}],"replies":[{"embeddable":true,"href":"https:\/\/go4rex.com\/es\/wp-json\/wp\/v2\/comments?post=1032"}],"version-history":[{"count":22,"href":"https:\/\/go4rex.com\/es\/wp-json\/wp\/v2\/pages\/1032\/revisions"}],"predecessor-version":[{"id":4630,"href":"https:\/\/go4rex.com\/es\/wp-json\/wp\/v2\/pages\/1032\/revisions\/4630"}],"wp:attachment":[{"href":"https:\/\/go4rex.com\/es\/wp-json\/wp\/v2\/media?parent=1032"}],"curies":[{"name":"wp","href":"https:\/\/api.w.org\/{rel}","templated":true}]}}