{"id":1023,"date":"2021-12-05T15:29:01","date_gmt":"2021-12-05T15:29:01","guid":{"rendered":"https:\/\/go4rex.com\/?page_id=1023"},"modified":"2024-10-02T07:22:55","modified_gmt":"2024-10-02T07:22:55","slug":"chart-analysis","status":"publish","type":"page","link":"https:\/\/go4rex.com\/es\/chart-analysis\/","title":{"rendered":"An\u00e1lisis de gr\u00e1ficas"},"content":{"rendered":"\t\t<div data-elementor-type=\"wp-page\" data-elementor-id=\"1023\" class=\"elementor elementor-1023\" data-elementor-post-type=\"page\">\n\t\t\t\t\t\t<section class=\"ob-is-breaking-bad elementor-section elementor-top-section elementor-element elementor-element-d36b840 elementor-section-height-min-height elementor-section-boxed elementor-section-height-default elementor-section-items-middle\" data-id=\"d36b840\" data-element_type=\"section\" data-e-type=\"section\" data-settings=\"{&quot;background_background&quot;:&quot;classic&quot;,&quot;_ob_bbad_use_it&quot;:&quot;yes&quot;,&quot;_ob_bbad_sssic_use&quot;:&quot;no&quot;,&quot;_ob_glider_is_slider&quot;:&quot;no&quot;}\">\n\t\t\t\t\t\t\t<div class=\"elementor-background-overlay\"><\/div>\n\t\t\t\t\t\t\t<div class=\"elementor-container elementor-column-gap-default\">\n\t\t\t\t\t<div class=\"elementor-column elementor-col-100 elementor-top-column elementor-element elementor-element-3b9b820\" data-id=\"3b9b820\" data-element_type=\"column\" data-e-type=\"column\" data-settings=\"{&quot;_ob_bbad_is_stalker&quot;:&quot;no&quot;,&quot;_ob_teleporter_use&quot;:false,&quot;_ob_column_hoveranimator&quot;:&quot;no&quot;,&quot;_ob_column_has_pseudo&quot;:&quot;no&quot;}\">\n\t\t\t<div class=\"elementor-widget-wrap elementor-element-populated\">\n\t\t\t\t\t\t<div class=\"elementor-element elementor-element-573ae13 elementor-align-center ob-has-background-overlay elementor-widget elementor-widget-breadcrumbs\" data-id=\"573ae13\" data-element_type=\"widget\" data-e-type=\"widget\" data-settings=\"{&quot;_ob_perspektive_use&quot;:&quot;no&quot;,&quot;_ob_poopart_use&quot;:&quot;yes&quot;,&quot;_ob_shadough_use&quot;:&quot;no&quot;,&quot;_ob_allow_hoveranimator&quot;:&quot;no&quot;,&quot;_ob_widget_stalker_use&quot;:&quot;no&quot;}\" data-widget_type=\"breadcrumbs.default\">\n\t\t\t\t<div class=\"elementor-widget-container\">\n\t\t\t\t\t<nav aria-label=\"breadcrumbs\" class=\"rank-math-breadcrumb\"><p><span class=\"last\">Home<\/span><\/p><\/nav>\t\t\t\t<\/div>\n\t\t\t\t<\/div>\n\t\t\t\t\t<\/div>\n\t\t<\/div>\n\t\t\t\t\t<\/div>\n\t\t<\/section>\n\t\t\t\t<section class=\"ob-is-breaking-bad elementor-section elementor-top-section elementor-element elementor-element-1f0cf4d elementor-section-boxed elementor-section-height-default elementor-section-height-default\" data-id=\"1f0cf4d\" data-element_type=\"section\" data-e-type=\"section\" data-settings=\"{&quot;_ob_bbad_use_it&quot;:&quot;yes&quot;,&quot;_ob_bbad_sssic_use&quot;:&quot;no&quot;,&quot;_ob_glider_is_slider&quot;:&quot;no&quot;}\">\n\t\t\t\t\t\t<div class=\"elementor-container elementor-column-gap-default\">\n\t\t\t\t\t<div class=\"elementor-column elementor-col-100 elementor-top-column elementor-element elementor-element-d203af3\" data-id=\"d203af3\" data-element_type=\"column\" data-e-type=\"column\" data-settings=\"{&quot;_ob_bbad_is_stalker&quot;:&quot;no&quot;,&quot;_ob_teleporter_use&quot;:false,&quot;_ob_column_hoveranimator&quot;:&quot;no&quot;,&quot;_ob_column_has_pseudo&quot;:&quot;no&quot;}\">\n\t\t\t<div class=\"elementor-widget-wrap elementor-element-populated\">\n\t\t\t\t\t\t<div class=\"elementor-element elementor-element-05c1299 ob-harakiri-inherit ob-has-background-overlay elementor-widget elementor-widget-text-editor\" data-id=\"05c1299\" data-element_type=\"widget\" data-e-type=\"widget\" data-settings=\"{&quot;_ob_use_harakiri&quot;:&quot;yes&quot;,&quot;_ob_harakiri_writing_mode&quot;:&quot;inherit&quot;,&quot;_ob_postman_use&quot;:&quot;no&quot;,&quot;_ob_perspektive_use&quot;:&quot;no&quot;,&quot;_ob_poopart_use&quot;:&quot;yes&quot;,&quot;_ob_shadough_use&quot;:&quot;no&quot;,&quot;_ob_allow_hoveranimator&quot;:&quot;no&quot;,&quot;_ob_widget_stalker_use&quot;:&quot;no&quot;}\" data-widget_type=\"text-editor.default\">\n\t\t\t\t<div class=\"elementor-widget-container\">\n\t\t\t\t\t\t\t\t\t<h4 style=\"color: #000550;\">\u00bfQu\u00e9 es el an\u00e1lisis t\u00e9cnico?<\/h4><p class=\"price-big\">El an\u00e1lisis t\u00e9cnico es una disciplina comercial empleada para evaluar inversiones e identificar oportunidades comerciales mediante el an\u00e1lisis de tendencias estad\u00edsticas recopiladas de la actividad comercial, como el movimiento de precios y el volumen. A diferencia de los analistas fundamentales, que intentan evaluar el valor intr\u00ednseco de un valor, los analistas t\u00e9cnicos se centran en los patrones de movimientos de precios, se\u00f1ales de negociaci\u00f3n y otras herramientas de gr\u00e1ficos anal\u00edticos para evaluar su fortaleza o debilidad.<\/p><p class=\"price-big\">El an\u00e1lisis t\u00e9cnico se puede utilizar en cualquier valor con datos comerciales hist\u00f3ricos. Esto incluye acciones, futuros, materias primas, renta fija, divisas y otros valores. En este tutorial, generalmente analizaremos las existencias en nuestros ejemplos, pero tenga en cuenta que estos conceptos se pueden aplicar a cualquier tipo de valor. De hecho, el an\u00e1lisis t\u00e9cnico es mucho m\u00e1s frecuente en los mercados de productos b\u00e1sicos y de divisas, donde los operadores se centran en los movimientos de precios a corto plazo.<\/p><p>\u00a0<\/p><ul class=\"price-big\"><li>El an\u00e1lisis t\u00e9cnico es una disciplina comercial empleada para evaluar inversiones e identificar oportunidades comerciales en tendencias de precios y patrones vistos en gr\u00e1ficos.<\/li><li>Los analistas t\u00e9cnicos creen que la actividad comercial anterior y los cambios de precio de un valor pueden ser indicadores valiosos de los movimientos futuros de sus precios.<\/li><li>El an\u00e1lisis t\u00e9cnico se puede contrastar con el an\u00e1lisis fundamental, que se enfoca en los aspectos financieros de una compa\u00f1\u00eda en lugar de los patrones de precios hist\u00f3ricos o las tendencias de las acciones.<\/li><\/ul><p>\u00a0<\/p><div class=\"cryptoBlock\"><h4 style=\"color: #000550;\">Los fundamentos del an\u00e1lisis t\u00e9cnico<\/h4><p class=\"price-big\">El an\u00e1lisis t\u00e9cnico y la teor\u00eda de Dow tal como los conocemos hoy fueron introducido por primera vez por Charles Dow a fines del siglo XIX. Varios investigadores notables, entre ellos William P. Hamilton, Robert Rhea, Edson Gould y John Magee, aportaron a\u00fan m\u00e1s para que los conceptos de la teor\u00eda de Dow contribuyeran a formar su base. En la actualidad, el an\u00e1lisis t\u00e9cnico ha evolucionado para incluir cientos de patrones y se\u00f1ales desarrollados a lo largo de a\u00f1os de investigaci\u00f3n.<\/p><p class=\"price-big\">Technical analysts believe past trading activity and price changes of a\u00a0security\u00a0can be valuable indicators of the security\u2019s future price movements. They may use technical analysis independent of other research efforts or in combination with some concepts of intrinsic value considerations but most often their convictions are based solely on the statistical charts of a security. The Market Technicians Association (MTA) is one of the most popular groups supporting technical analysts in their investments with the Chartered Market Technicians (CMT) designation a popular certification for many advanced technical analysts.<\/p><h4 style=\"color: #000550;\">Los supuestos subyacentes del an\u00e1lisis t\u00e9cnico<\/h4><p class=\"price-big\">Existen dos m\u00e9todos principales para analizar valores y tomar decisiones de inversi\u00f3n: el an\u00e1lisis fundamental y el an\u00e1lisis t\u00e9cnico. El an\u00e1lisis fundamental implica analizar los estados financieros de una empresa para determinar su valor razonable, mientras que el an\u00e1lisis t\u00e9cnico asume que el precio de un valor ya refleja toda la informaci\u00f3n disponible al p\u00fablico y, en cambio, se centra en el an\u00e1lisis estad\u00edstico de los movimientos de precios. El an\u00e1lisis t\u00e9cnico intenta comprender el sentimiento del mercado detr\u00e1s de las tendencias de precios al buscar patrones y tendencias en lugar de analizar los atributos fundamentales de una acci\u00f3n.<\/p><p class=\"price-big\">Charles Dow lanz\u00f3 una serie de editoriales que discut\u00edan la teor\u00eda del an\u00e1lisis t\u00e9cnico. Sus escritos inclu\u00edan dos suposiciones b\u00e1sicas que han continuado formando el marco para el comercio de an\u00e1lisis t\u00e9cnico.<\/p><p>\u00a0<\/p><ol class=\"price-big\"><li>Los mercados son eficientes con valores que representan factores que influyen en el precio de una acci\u00f3n, pero<br \/><br \/><\/li><li>Los movimientos de los precios de mercado no son puramente aleatorios, sino que se mueven en patrones y tendencias identificables que tienden a repetirse con el tiempo.<\/li><\/ol><p>\u00a0<\/p><p class=\"price-big\">La hip\u00f3tesis de mercado eficiente (EMH por sus siglas en ingl\u00e9s) significa esencialmente que el precio de mercado de un valor en un momento dado refleja con precisi\u00f3n toda la informaci\u00f3n disponible y, por lo tanto, representa su verdadero valor razonable. Este supuesto se basa en la idea de que el precio de mercado refleja la suma del conocimiento total de todos los participantes del mercado. Si bien esta suposici\u00f3n generalmente se considera cierta, puede verse afectada por noticias o anuncios sobre un valor que puede tener una influencia variable a corto o largo plazo en el precio de una acci\u00f3n. El an\u00e1lisis t\u00e9cnico solo funciona si los mercados son d\u00e9bilmente eficientes.<\/p><p class=\"price-big\">La segunda suposici\u00f3n b\u00e1sica que subyace al an\u00e1lisis t\u00e9cnico es la noci\u00f3n de que los cambios de precios no son aleatorios, lo cual lleva a la creencia de los analistas t\u00e9cnicos de que las tendencias del mercado, tanto a corto como a largo plazo, pueden identificarse, lo que permite a los operadores del mercado beneficiarse de la inversi\u00f3n basada en an\u00e1lisis de tendencia.<\/p><p class=\"price-big\">Hoy en d\u00eda, el an\u00e1lisis t\u00e9cnico se basa en tres supuestos principales:<\/p><p>\u00a0<\/p><ol class=\"price-big\"><li><i>El mercado lo descuenta todo.<br \/><\/i><br \/>Muchos expertos critican el an\u00e1lisis t\u00e9cnico porque solo considera los movimientos de precios e ignora los factores fundamentales. Los analistas t\u00e9cnicos creen que todo, desde los fundamentos de una empresa hasta los factores del mercado en general y la psicolog\u00eda del mercado, ya est\u00e1 incluido en las acciones. Esto elimina la necesidad de considerar los factores por separado antes de tomar una decisi\u00f3n de inversi\u00f3n. Lo \u00fanico que queda es el an\u00e1lisis de los movimientos de precios, que los analistas t\u00e9cnicos ven como el producto de la oferta y la demanda de una acci\u00f3n en particular en el mercado.<br \/><br \/><\/li><li><i>El precio se mueve en tendencias.<br \/><\/i><br \/>Los analistas t\u00e9cnicos creen que los precios se mueven en una tendencia a corto, mediano y largo plazo. En otras palabras, es m\u00e1s probable que el precio de las acciones contin\u00fae una tendencia pasada que se mueva err\u00e1ticamente. La mayor\u00eda de las estrategias comerciales t\u00e9cnicas se basan en este supuesto.<br \/><br \/><\/li><li><i>La historia tiende a repetirse.<br \/><\/i><br \/>Los analistas t\u00e9cnicos creen que la historia tiende a repetirse. La naturaleza repetitiva de los movimientos de precios a menudo se atribuye a la psicolog\u00eda del mercado, que tiende a ser muy predecible basada en emociones como el miedo o la emoci\u00f3n. El an\u00e1lisis t\u00e9cnico utiliza patrones gr\u00e1ficos para analizar estas emociones y los movimientos subsiguientes del mercado para comprender las tendencias. Si bien se han utilizado muchas formas de an\u00e1lisis t\u00e9cnico durante m\u00e1s de 100 a\u00f1os, todav\u00eda se cree que son relevantes porque ilustran patrones en los movimientos de precios que a menudo se repiten.<\/li><\/ol><p>\u00a0<\/p><h4 style=\"color: #000550;\">C\u00f3mo se utiliza el an\u00e1lisis t\u00e9cnico<\/h4><p class=\"price-big\">El an\u00e1lisis t\u00e9cnico intenta pronosticar el movimiento de los precios de pr\u00e1cticamente cualquier instrumento negociable que generalmente est\u00e9 sujeto a las fuerzas de la oferta y la demanda, incluyendo acciones, bonos, futuros y pares de divisas. De hecho, algunos consideran que el an\u00e1lisis t\u00e9cnico es simplemente el estudio de las fuerzas de oferta y demanda, como se refleja en los movimientos de precios de un valor en el mercado. El an\u00e1lisis t\u00e9cnico se aplica con mayor frecuencia a los cambios de precios, pero algunos analistas rastrean n\u00fameros distintos al precio, como el volumen de operaciones o las cifras de inter\u00e9s abierto.<\/p><p class=\"price-big\">\u00a0En toda la industria, hay cientos de patrones y se\u00f1ales que han sido desarrollados por investigadores para respaldar el an\u00e1lisis t\u00e9cnico. Los analistas t\u00e9cnicos tambi\u00e9n han desarrollado numerosos tipos de sistemas de comercio para ayudarlos a pronosticar y negociar con los movimientos de precios. Algunos indicadores se centran principalmente en identificar la tendencia actual del mercado, incluidas las \u00e1reas de soporte y resistencia, mientras que otros se centran en determinar la fuerza de una tendencia y la probabilidad de su continuaci\u00f3n. Los indicadores t\u00e9cnicos y patrones de gr\u00e1ficos com\u00fanmente utilizados incluyen l\u00edneas de tendencia, canales, promedios m\u00f3viles e indicadores de impulso.<\/p><p class=\"price-big\">Frecuentemente, los analistas t\u00e9cnicos observan los siguientes tipos generales de indicadores:<\/p><ul class=\"price-big\"><li>Tendencias de precios<br \/><br \/><\/li><li>Patrones de gr\u00e1ficos<br \/><br \/><\/li><li>Indicadores de volumen y momento.<br \/><br \/><\/li><li>Osciladores<br \/><br \/><\/li><li>Promedios m\u00f3viles<br \/><br \/><\/li><li>Niveles de soporte y resistencia.<\/li><\/ul><p>\u00a0<\/p><h4 style=\"color: #000550;\">La diferencia entre an\u00e1lisis t\u00e9cnico y an\u00e1lisis fundamental<\/h4><p class=\"price-big\">El an\u00e1lisis fundamental y el an\u00e1lisis t\u00e9cnico, las principales escuelas de pensamiento cuando se trata de acercarse a los mercados, se encuentran en los extremos opuestos del espectro. Ambos m\u00e9todos se utilizan para investigar y pronosticar tendencias futuras en los precios de las acciones, y como cualquier estrategia o filosof\u00eda de inversi\u00f3n, ambos tienen sus defensores y adversarios.<\/p><p class=\"price-big\">El an\u00e1lisis fundamental es un m\u00e9todo para evaluar los valores al intentar medir el valor intr\u00ednseco de una acci\u00f3n. Los analistas fundamentales estudian todo, desde la econom\u00eda general y las condiciones de la industria hasta la condici\u00f3n financiera y la administraci\u00f3n de las empresas. Las ganancias, gastos, activos y pasivos son caracter\u00edsticas importantes para los analistas fundamentales.<\/p><p class=\"price-big\">El an\u00e1lisis t\u00e9cnico difiere del an\u00e1lisis fundamental en que el precio y el volumen de las acciones son los \u00fanicos insumos. El supuesto b\u00e1sico es que todos los fundamentos conocidos se tienen en cuenta en el precio; por lo tanto, no hay necesidad de prestarles mucha atenci\u00f3n. Los analistas t\u00e9cnicos no intentan medir el valor intr\u00ednseco de un valor, sino que utilizan gr\u00e1ficos de acciones para identificar patrones y tendencias que sugieren lo que har\u00e1 una acci\u00f3n en el futuro.<\/p><h4 style=\"color: #000550;\">Limitaciones del an\u00e1lisis t\u00e9cnico<\/h4><p class=\"price-big\">El principal obst\u00e1culo para la legitimidad del an\u00e1lisis t\u00e9cnico es el principio econ\u00f3mico de la hip\u00f3tesis de los mercados eficientes. De acuerdo con el EMH, los precios del mercado ya reflejan toda la informaci\u00f3n actual y pasada, por lo que no hay forma de aprovechar los patrones o los precios incorrectos para obtener ganancias adicionales, o alfa. Los economistas y analistas fundamentales que creen en mercados eficientes no creen que ninguna informaci\u00f3n procesable est\u00e9 contenida en los datos hist\u00f3ricos de precios y vol\u00famenes, y adem\u00e1s que la historia no se repite; m\u00e1s bien, los precios se mueven con un paso aleatorio..<\/p><p class=\"price-big\">Una segunda cr\u00edtica del an\u00e1lisis t\u00e9cnico es que funciona en algunos casos, pero solo porque constituye una profec\u00eda auto-cumplida. Por ejemplo, muchos operadores t\u00e9cnicos colocar\u00e1n una orden de stop-loss por debajo del promedio m\u00f3vil de 200 d\u00edas de cierta compa\u00f1\u00eda. Si un gran n\u00famero de comerciantes lo ha hecho y las acciones alcanzan este precio, habr\u00e1 un gran n\u00famero de \u00f3rdenes de venta, lo que empujar\u00e1 las acciones a la baja, lo que confirma el movimiento previsto por los operadores. Luego, otros operadores ver\u00e1n la disminuci\u00f3n del precio y tambi\u00e9n vender\u00e1n sus posiciones, reforzando la fortaleza de la tendencia. Esta presi\u00f3n de venta a corto plazo puede considerarse autosuficiente, pero tendr\u00e1 poca relaci\u00f3n con el precio del activo dentro de semanas o meses. En resumen, si suficientes personas usan las mismas se\u00f1ales, podr\u00edan causar el movimiento predicho por la se\u00f1al, pero a la larga este \u00fanico grupo de comerciantes no puede impulsar el precio.<\/p><\/div>\t\t\t\t\t\t\t\t<\/div>\n\t\t\t\t<\/div>\n\t\t\t\t\t<\/div>\n\t\t<\/div>\n\t\t\t\t\t<\/div>\n\t\t<\/section>\n\t\t\t\t<\/div>\n\t\t","protected":false},"excerpt":{"rendered":"<p>Home \u00bfQu\u00e9 es el an\u00e1lisis t\u00e9cnico? El an\u00e1lisis t\u00e9cnico es una disciplina comercial empleada para evaluar inversiones e identificar oportunidades comerciales mediante el an\u00e1lisis de tendencias estad\u00edsticas recopiladas de la actividad comercial, como el movimiento de precios y el volumen. A diferencia de los analistas fundamentales, que intentan evaluar el valor intr\u00ednseco de un valor, [&hellip;]<\/p>\n","protected":false},"author":7,"featured_media":0,"parent":0,"menu_order":0,"comment_status":"closed","ping_status":"closed","template":"","meta":{"footnotes":""},"class_list":["post-1023","page","type-page","status-publish","hentry"],"_links":{"self":[{"href":"https:\/\/go4rex.com\/es\/wp-json\/wp\/v2\/pages\/1023","targetHints":{"allow":["GET"]}}],"collection":[{"href":"https:\/\/go4rex.com\/es\/wp-json\/wp\/v2\/pages"}],"about":[{"href":"https:\/\/go4rex.com\/es\/wp-json\/wp\/v2\/types\/page"}],"author":[{"embeddable":true,"href":"https:\/\/go4rex.com\/es\/wp-json\/wp\/v2\/users\/7"}],"replies":[{"embeddable":true,"href":"https:\/\/go4rex.com\/es\/wp-json\/wp\/v2\/comments?post=1023"}],"version-history":[{"count":25,"href":"https:\/\/go4rex.com\/es\/wp-json\/wp\/v2\/pages\/1023\/revisions"}],"predecessor-version":[{"id":4633,"href":"https:\/\/go4rex.com\/es\/wp-json\/wp\/v2\/pages\/1023\/revisions\/4633"}],"wp:attachment":[{"href":"https:\/\/go4rex.com\/es\/wp-json\/wp\/v2\/media?parent=1023"}],"curies":[{"name":"wp","href":"https:\/\/api.w.org\/{rel}","templated":true}]}}