{"id":1012,"date":"2021-12-05T15:19:24","date_gmt":"2021-12-05T15:19:24","guid":{"rendered":"https:\/\/go4rex.com\/?page_id=1012"},"modified":"2024-10-02T07:23:00","modified_gmt":"2024-10-02T07:23:00","slug":"economic-calendar","status":"publish","type":"page","link":"https:\/\/go4rex.com\/es\/economic-calendar\/","title":{"rendered":"Calendario Econ\u00f3mico"},"content":{"rendered":"\t\t<div data-elementor-type=\"wp-page\" data-elementor-id=\"1012\" class=\"elementor elementor-1012\" data-elementor-post-type=\"page\">\n\t\t\t\t\t\t<section class=\"ob-is-breaking-bad elementor-section elementor-top-section elementor-element elementor-element-f3574d6 elementor-section-height-min-height elementor-section-boxed elementor-section-height-default elementor-section-items-middle\" data-id=\"f3574d6\" data-element_type=\"section\" data-e-type=\"section\" data-settings=\"{&quot;background_background&quot;:&quot;classic&quot;,&quot;_ob_bbad_use_it&quot;:&quot;yes&quot;,&quot;_ob_bbad_sssic_use&quot;:&quot;no&quot;,&quot;_ob_glider_is_slider&quot;:&quot;no&quot;}\">\n\t\t\t\t\t\t\t<div class=\"elementor-background-overlay\"><\/div>\n\t\t\t\t\t\t\t<div class=\"elementor-container elementor-column-gap-default\">\n\t\t\t\t\t<div class=\"elementor-column elementor-col-100 elementor-top-column elementor-element elementor-element-006dd75\" data-id=\"006dd75\" data-element_type=\"column\" data-e-type=\"column\" data-settings=\"{&quot;_ob_bbad_is_stalker&quot;:&quot;no&quot;,&quot;_ob_teleporter_use&quot;:false,&quot;_ob_column_hoveranimator&quot;:&quot;no&quot;,&quot;_ob_column_has_pseudo&quot;:&quot;no&quot;}\">\n\t\t\t<div class=\"elementor-widget-wrap elementor-element-populated\">\n\t\t\t\t\t\t<div class=\"elementor-element elementor-element-729ce30 ob-harakiri-inherit ob-has-background-overlay elementor-widget elementor-widget-heading\" data-id=\"729ce30\" data-element_type=\"widget\" data-e-type=\"widget\" data-settings=\"{&quot;_ob_use_harakiri&quot;:&quot;yes&quot;,&quot;_ob_harakiri_writing_mode&quot;:&quot;inherit&quot;,&quot;_ob_harakiri_text_clip&quot;:&quot;none&quot;,&quot;_ob_perspektive_use&quot;:&quot;no&quot;,&quot;_ob_poopart_use&quot;:&quot;yes&quot;,&quot;_ob_shadough_use&quot;:&quot;no&quot;,&quot;_ob_allow_hoveranimator&quot;:&quot;no&quot;,&quot;_ob_widget_stalker_use&quot;:&quot;no&quot;}\" data-widget_type=\"heading.default\">\n\t\t\t\t<div class=\"elementor-widget-container\">\n\t\t\t\t\t<h1 class=\"elementor-heading-title elementor-size-default\">Calendario Econ\u00f3mico\n<\/h1>\t\t\t\t<\/div>\n\t\t\t\t<\/div>\n\t\t\t\t<div class=\"elementor-element elementor-element-d8a6635 ob-harakiri-inherit ob-has-background-overlay elementor-widget elementor-widget-heading\" data-id=\"d8a6635\" data-element_type=\"widget\" data-e-type=\"widget\" data-settings=\"{&quot;_ob_use_harakiri&quot;:&quot;yes&quot;,&quot;_ob_harakiri_writing_mode&quot;:&quot;inherit&quot;,&quot;_ob_harakiri_text_clip&quot;:&quot;none&quot;,&quot;_ob_perspektive_use&quot;:&quot;no&quot;,&quot;_ob_poopart_use&quot;:&quot;yes&quot;,&quot;_ob_shadough_use&quot;:&quot;no&quot;,&quot;_ob_allow_hoveranimator&quot;:&quot;no&quot;,&quot;_ob_widget_stalker_use&quot;:&quot;no&quot;}\" data-widget_type=\"heading.default\">\n\t\t\t\t<div class=\"elementor-widget-container\">\n\t\t\t\t\t<h1 class=\"elementor-heading-title elementor-size-default\">Mant\u00e9ngase informado con los eventos m\u00e1s importantes de los mercados\nfinancieros que tienen lugar en todo el mundo.<\/h1>\t\t\t\t<\/div>\n\t\t\t\t<\/div>\n\t\t\t\t<div class=\"elementor-element elementor-element-d2e528f elementor-align-center ob-has-background-overlay elementor-widget elementor-widget-breadcrumbs\" data-id=\"d2e528f\" data-element_type=\"widget\" data-e-type=\"widget\" data-settings=\"{&quot;_ob_perspektive_use&quot;:&quot;no&quot;,&quot;_ob_poopart_use&quot;:&quot;yes&quot;,&quot;_ob_shadough_use&quot;:&quot;no&quot;,&quot;_ob_allow_hoveranimator&quot;:&quot;no&quot;,&quot;_ob_widget_stalker_use&quot;:&quot;no&quot;}\" data-widget_type=\"breadcrumbs.default\">\n\t\t\t\t<div class=\"elementor-widget-container\">\n\t\t\t\t\t<nav aria-label=\"breadcrumbs\" class=\"rank-math-breadcrumb\"><p><span class=\"last\">Home<\/span><\/p><\/nav>\t\t\t\t<\/div>\n\t\t\t\t<\/div>\n\t\t\t\t\t<\/div>\n\t\t<\/div>\n\t\t\t\t\t<\/div>\n\t\t<\/section>\n\t\t\t\t<section class=\"ob-is-breaking-bad elementor-section elementor-top-section elementor-element elementor-element-68937f2 elementor-section-boxed elementor-section-height-default elementor-section-height-default\" data-id=\"68937f2\" data-element_type=\"section\" data-e-type=\"section\" data-settings=\"{&quot;_ob_bbad_use_it&quot;:&quot;yes&quot;,&quot;_ob_bbad_sssic_use&quot;:&quot;no&quot;,&quot;_ob_glider_is_slider&quot;:&quot;no&quot;}\">\n\t\t\t\t\t\t<div class=\"elementor-container elementor-column-gap-default\">\n\t\t\t\t\t<div class=\"elementor-column elementor-col-100 elementor-top-column elementor-element elementor-element-fa9e2c3\" data-id=\"fa9e2c3\" data-element_type=\"column\" data-e-type=\"column\" data-settings=\"{&quot;_ob_bbad_is_stalker&quot;:&quot;no&quot;,&quot;_ob_teleporter_use&quot;:false,&quot;_ob_column_hoveranimator&quot;:&quot;no&quot;,&quot;_ob_column_has_pseudo&quot;:&quot;no&quot;}\">\n\t\t\t<div class=\"elementor-widget-wrap elementor-element-populated\">\n\t\t\t\t\t\t<div class=\"elementor-element elementor-element-9667820 ob-harakiri-inherit ob-has-background-overlay elementor-widget elementor-widget-text-editor\" data-id=\"9667820\" data-element_type=\"widget\" data-e-type=\"widget\" data-settings=\"{&quot;_ob_use_harakiri&quot;:&quot;yes&quot;,&quot;_ob_harakiri_writing_mode&quot;:&quot;inherit&quot;,&quot;_ob_postman_use&quot;:&quot;no&quot;,&quot;_ob_perspektive_use&quot;:&quot;no&quot;,&quot;_ob_poopart_use&quot;:&quot;yes&quot;,&quot;_ob_shadough_use&quot;:&quot;no&quot;,&quot;_ob_allow_hoveranimator&quot;:&quot;no&quot;,&quot;_ob_widget_stalker_use&quot;:&quot;no&quot;}\" data-widget_type=\"text-editor.default\">\n\t\t\t\t<div class=\"elementor-widget-container\">\n\t\t\t\t\t\t\t\t\t<h4 style=\"color: #000550;\">Calendario Econ\u00f3mico<\/h4><p>Un calendario econ\u00f3mico es un calendario de eventos econ\u00f3micos que se llevar\u00e1n a cabo durante el siguiente d\u00eda, semana, mes o trimestre. El comercio del calendario econ\u00f3mico puede ser beneficioso para algunos comerciantes.<\/p><p>La mayor\u00eda de los mercaderes creen que el tipo de cambio actual o el precio de un valor refleja toda la informaci\u00f3n actualmente disponible. Los precios se mueven cuando hay nueva informaci\u00f3n disponible. Por supuesto, siempre hay ruido que har\u00e1 que los precios oscilen alrededor de un rango, pero para que una tasa de cambio se mueva a un nuevo rango, debe haber nueva informaci\u00f3n disponible.<\/p><p>La nueva informaci\u00f3n puede venir en cualquier momento, pero parte de la informaci\u00f3n m\u00e1s importante est\u00e1 programada. Esto incluye datos econ\u00f3micos, as\u00ed como decisiones de pol\u00edtica monetaria. Dado que la informaci\u00f3n est\u00e1 programada, puede utilizar un Calendario econ\u00f3mico para intercambiar informaci\u00f3n cuando la nueva est\u00e9 disponible.<\/p><h4 style=\"color: #000550;\">Los eventos econ\u00f3micos m\u00e1s importantes<\/h4><p>Un calendario econ\u00f3mico es un calendario de eventos econ\u00f3micos que se llevar\u00e1n a cabo durante el siguiente d\u00eda, semana, mes o trimestre. Un calendario econ\u00f3mico le dir\u00e1 a qu\u00e9 hora tendr\u00e1 lugar un lanzamiento. Adem\u00e1s, muchos corredores y sitios de medios de Forex ofrecen un calendario econ\u00f3mico que incluye una estimaci\u00f3n que generalmente es el promedio de varios analistas que cubren esa publicaci\u00f3n econ\u00f3mica.<br \/>Hay varios indicadores econ\u00f3micos muy importantes que son eventos que mueven el mercado. Por ejemplo, el informe de empleo en la econom\u00eda m\u00e1s grande del mundo (N\u00f3minas no agr\u00edcolas), los Estados Unidos, generar\u00e1 volatilidad de manera constante. El \u00cdndice de Precios al Consumidor (IPC) que mide la inflaci\u00f3n en los EE.UU., Europa, Jap\u00f3n y el resto de pa\u00edses desarrollados, proporciona informaci\u00f3n sobre los cambios de precios y esto puede ser un impulsor de las tasas de inter\u00e9s y los tipos de cambio de divisas. El crecimiento se refleja en una publicaci\u00f3n econ\u00f3mica llamada PIB (producto interno de crecimiento). Los cambios en la pol\u00edtica monetaria de los bancos centrales, incluidos la Reserva Federal, el Banco Central Europeo, el Banco de Inglaterra y el Banco de Jap\u00f3n, son eventos clave que impulsan la volatilidad del mercado.<\/p><p>El comercio del calendario econ\u00f3mico o los eventos econ\u00f3micos se aplica tambi\u00e9n a los productos b\u00e1sicos y otros instrumentos. Por ejemplo, si comercializa petr\u00f3leo crudo o ligero, debe estar atento al informe semanal sobre petr\u00f3leo del EIA publicado el mi\u00e9rcoles. Adem\u00e1s, el informe de granos del USDA se publica una vez al mes y genera una alta volatilidad si intercambia cualquiera de los productos de granos\/productos blandos (ma\u00edz, trigo, soja, caf\u00e9, algod\u00f3n, etc.).<\/p><p>Si el mercado se sorprende con una publicaci\u00f3n econ\u00f3mica, puede apostar a que habr\u00e1 volatilidad. Esto sucede, pero es m\u00e1s at\u00edpico que lo normal. Los analistas de todo el mundo informan sus pron\u00f3sticos, que se reflejan en un promedio, con altos y bajos observados por los analistas. Si el lanzamiento real es inesperado, los mercados cambiar\u00e1n para reflejar la nueva informaci\u00f3n. Adem\u00e1s, los cambios en el mercado despu\u00e9s de la nueva informaci\u00f3n pueden ser agudos y desagradables. Si monitorea estas fluctuaciones en los valores o pares de divisas que est\u00e1 negociando, ver\u00e1 que muchas veces estos eventos generan una ruptura en la direcci\u00f3n de la tendencia.<\/p><h4 style=\"color: #000550;\">Operando el calendario econ\u00f3mico<\/h4><p>Debido a la volatilidad que seguir\u00e1 a ra\u00edz de un lanzamiento econ\u00f3mico, tendr\u00e1 la oportunidad de aprovechar esta situaci\u00f3n. Los lanzamientos econ\u00f3micos generalmente funcionan como un reloj a una hora programada regularmente durante un mes. La mayor\u00eda de las publicaciones importantes tienen lugar una vez al mes y generalmente reflejan la situaci\u00f3n econ\u00f3mica durante el mes anterior. Por ejemplo, el informe de desempleo de mayo en los Estados Unidos se publicar\u00e1 a principios de junio. Hay varias publicaciones econ\u00f3micas que se divulgan semanalmente, incluidas las solicitudes de desempleo y el informe de inventario del Departamento de Energ\u00eda. Como comerciante, una vez que encuentre su corredor y su plataforma para comerciar, debe seguir el calendario econ\u00f3mico diariamente.<\/p><h4 style=\"color: #000550;\">C\u00f3mo negociar eventos econ\u00f3micos<\/h4><p>Puede emplear varias estrategias para aprovechar los lanzamientos econ\u00f3micos. Puede utilizar una estrategia puramente t\u00e9cnica, o puede combinar una estrategia t\u00e9cnica con su visi\u00f3n de lo que ha sucedido. Adem\u00e1s, debe proporcionarse una gesti\u00f3n de riesgos s\u00f3lida. Negociar basadoen n\u00fameros puede ser muy riesgoso si toma posici\u00f3n antes de un evento importante. Si decide tomar posici\u00f3n antes de un evento de cambio de mercado, comprenda que necesita incorporar condiciones de mercado no l\u00edquidas en su proceso de gesti\u00f3n de riesgos. Detener p\u00e9rdidas cuando los mercados son il\u00edquidos puede generar un gran deslizamiento. Una forma de medir este riesgo es evaluar los cambios en el precio del tipo de cambio que usted planea en las operaciones posteriores a lanzamientos econ\u00f3micos espec\u00edficos. Si encuentra, por ejemplo, que el rango promedio de EUR\/USD en la hora posterior al informe de n\u00f3mina no agr\u00edcola es de 50 pips, debe comprender que su l\u00edmite de p\u00e9rdida podr\u00eda ser de al menos 50 pips.<\/p><p>Un enfoque m\u00e1s conservador para negociar basado en n\u00fameros es esperar los resultados y luego formular una vista dentro de los 30 minutos posteriores a la publicaci\u00f3n. A medida que los operadores comienzan a maniobrar para obtener una posici\u00f3n, puede evitar la acci\u00f3n del precio de la fluctuaci\u00f3n inicial, ya que el tipo de cambio encuentra un rango. Muchas veces, una tasa de cambio se romper\u00e1 en una direcci\u00f3n y luego se consolidar\u00e1 antes de que contin\u00fae la tendencia. Otras veces el movimiento inicial es falso. Puede combinar algunos an\u00e1lisis t\u00e9cnicos en sus operaciones para determinar si un mercado tiene un impulso positivo o negativo.<\/p><p>Hay cientos de productos que puede negociar para aprovechar la nueva informaci\u00f3n. Al operar con divisas y con contratos por diferencias (CFD), puede ver la mayor\u00eda de los instrumentos financieros. Un CFD le permite intercambiar \u00edndices, materias primas, monedas y acciones. Compa\u00f1\u00edas como Go4Rex.com, proporcionan una plataforma de negociaci\u00f3n de CFD de \u00faltima generaci\u00f3n que permitir\u00e1 a los operadores tener una visi\u00f3n de un instrumento financiero mientras ven las publicaciones econ\u00f3micas en tiempo real.<\/p><h4 style=\"color: #000550;\">Resumen<\/h4><p>Los mercados de capital son mercados eficientes, y la mayor\u00eda de los inversionistas creen que toda la informaci\u00f3n actualmente disponible se incorpora al precio de un valor de seguridad o tipo de cambio. En general, los precios comienzan a moverse cuando hay nueva informaci\u00f3n disponible, como datos econ\u00f3micos o un cambio en la pol\u00edtica monetaria. El ruido del mercado generar\u00e1 peque\u00f1as fluctuaciones en los precios y aumentar\u00e1 la volatilidad. Puede hacer un seguimiento de los cambios en las liberaciones econ\u00f3micas utilizando un calendario financiero donde se publicar\u00e1n la hora y la fecha de la mayor\u00eda de lanzamientos econ\u00f3micos.<br \/>Adem\u00e1s, podr\u00e1 encontrar el pron\u00f3stico promedio de los analistas que se mide en comparaci\u00f3n con la versi\u00f3n real. Una vez que est\u00e9 disponible, la tasa de cambio comenzar\u00e1 a moverse si el pron\u00f3stico es diferente del lanzamiento real. Obviamente, hay grados de sorpresa, pero si el mercado se encuentra fuera de juego, experimentar\u00e1 volatilidad.<\/p><h4 style=\"color: #000550;\">Noticias del mercado que puede utilizar<\/h4><p class=\"m_b-20\">Nuestro calendario econ\u00f3mico cubre sucesos financieros importantes en todo el mundo. Se actualiza autom\u00e1ticamente y le proporciona indicadores clave, ordenados por importancia. Los sucesos del mercado incluyen Informes de situaci\u00f3n del empleo, empleo no agr\u00edcola, tasas de inflaci\u00f3n, etc. Para m\u00e1s informaci\u00f3n relacionada con el uso del calendario econ\u00f3mico, p\u00f3ngase en\u00a0<a class=\"link\" href=\"https:\/\/go4rex.com\/contact-us\/\"><b>contacto con nosotros.<\/b><\/a><\/p><p>Adel\u00e1ntese a los mercados y aproveche las oportunidades de inversi\u00f3n en cuanto se producen.<\/p>\t\t\t\t\t\t\t\t<\/div>\n\t\t\t\t<\/div>\n\t\t\t\t\t<\/div>\n\t\t<\/div>\n\t\t\t\t\t<\/div>\n\t\t<\/section>\n\t\t\t\t<\/div>\n\t\t","protected":false},"excerpt":{"rendered":"<p>Calendario Econ\u00f3mico Mant\u00e9ngase informado con los eventos m\u00e1s importantes de los mercados financieros que tienen lugar en todo el mundo. Home Calendario Econ\u00f3mico Un calendario econ\u00f3mico es un calendario de eventos econ\u00f3micos que se llevar\u00e1n a cabo durante el siguiente d\u00eda, semana, mes o trimestre. El comercio del calendario econ\u00f3mico puede ser beneficioso para algunos [&hellip;]<\/p>\n","protected":false},"author":7,"featured_media":0,"parent":0,"menu_order":0,"comment_status":"closed","ping_status":"closed","template":"","meta":{"footnotes":""},"class_list":["post-1012","page","type-page","status-publish","hentry"],"_links":{"self":[{"href":"https:\/\/go4rex.com\/es\/wp-json\/wp\/v2\/pages\/1012","targetHints":{"allow":["GET"]}}],"collection":[{"href":"https:\/\/go4rex.com\/es\/wp-json\/wp\/v2\/pages"}],"about":[{"href":"https:\/\/go4rex.com\/es\/wp-json\/wp\/v2\/types\/page"}],"author":[{"embeddable":true,"href":"https:\/\/go4rex.com\/es\/wp-json\/wp\/v2\/users\/7"}],"replies":[{"embeddable":true,"href":"https:\/\/go4rex.com\/es\/wp-json\/wp\/v2\/comments?post=1012"}],"version-history":[{"count":31,"href":"https:\/\/go4rex.com\/es\/wp-json\/wp\/v2\/pages\/1012\/revisions"}],"predecessor-version":[{"id":4636,"href":"https:\/\/go4rex.com\/es\/wp-json\/wp\/v2\/pages\/1012\/revisions\/4636"}],"wp:attachment":[{"href":"https:\/\/go4rex.com\/es\/wp-json\/wp\/v2\/media?parent=1012"}],"curies":[{"name":"wp","href":"https:\/\/api.w.org\/{rel}","templated":true}]}}