{"id":1000,"date":"2021-12-05T15:02:37","date_gmt":"2021-12-05T15:02:37","guid":{"rendered":"https:\/\/go4rex.com\/?page_id=1000"},"modified":"2024-10-02T07:23:05","modified_gmt":"2024-10-02T07:23:05","slug":"financial-news","status":"publish","type":"page","link":"https:\/\/go4rex.com\/es\/financial-news\/","title":{"rendered":"Noticias financieras"},"content":{"rendered":"\t\t<div data-elementor-type=\"wp-page\" data-elementor-id=\"1000\" class=\"elementor elementor-1000\" data-elementor-post-type=\"page\">\n\t\t\t\t\t\t<section class=\"ob-is-breaking-bad elementor-section elementor-top-section elementor-element elementor-element-92f4bbe elementor-section-height-min-height elementor-section-boxed elementor-section-height-default elementor-section-items-middle\" data-id=\"92f4bbe\" data-element_type=\"section\" data-e-type=\"section\" data-settings=\"{&quot;background_background&quot;:&quot;classic&quot;,&quot;_ob_bbad_use_it&quot;:&quot;yes&quot;,&quot;_ob_bbad_sssic_use&quot;:&quot;no&quot;,&quot;_ob_glider_is_slider&quot;:&quot;no&quot;}\">\n\t\t\t\t\t\t\t<div class=\"elementor-background-overlay\"><\/div>\n\t\t\t\t\t\t\t<div class=\"elementor-container elementor-column-gap-default\">\n\t\t\t\t\t<div class=\"elementor-column elementor-col-100 elementor-top-column elementor-element elementor-element-87f6f8c\" data-id=\"87f6f8c\" data-element_type=\"column\" data-e-type=\"column\" data-settings=\"{&quot;_ob_bbad_is_stalker&quot;:&quot;no&quot;,&quot;_ob_teleporter_use&quot;:false,&quot;_ob_column_hoveranimator&quot;:&quot;no&quot;,&quot;_ob_column_has_pseudo&quot;:&quot;no&quot;}\">\n\t\t\t<div class=\"elementor-widget-wrap elementor-element-populated\">\n\t\t\t\t\t\t<div class=\"elementor-element elementor-element-66e6bae ob-harakiri-inherit ob-has-background-overlay elementor-widget elementor-widget-heading\" data-id=\"66e6bae\" data-element_type=\"widget\" data-e-type=\"widget\" data-settings=\"{&quot;_ob_use_harakiri&quot;:&quot;yes&quot;,&quot;_ob_harakiri_writing_mode&quot;:&quot;inherit&quot;,&quot;_ob_harakiri_text_clip&quot;:&quot;none&quot;,&quot;_ob_perspektive_use&quot;:&quot;no&quot;,&quot;_ob_poopart_use&quot;:&quot;yes&quot;,&quot;_ob_shadough_use&quot;:&quot;no&quot;,&quot;_ob_allow_hoveranimator&quot;:&quot;no&quot;,&quot;_ob_widget_stalker_use&quot;:&quot;no&quot;}\" data-widget_type=\"heading.default\">\n\t\t\t\t<div class=\"elementor-widget-container\">\n\t\t\t\t\t<h1 class=\"elementor-heading-title elementor-size-default\">Noticias financieras\n<\/h1>\t\t\t\t<\/div>\n\t\t\t\t<\/div>\n\t\t\t\t<div class=\"elementor-element elementor-element-ef7ae01 ob-harakiri-inherit ob-has-background-overlay elementor-widget elementor-widget-heading\" data-id=\"ef7ae01\" data-element_type=\"widget\" data-e-type=\"widget\" data-settings=\"{&quot;_ob_use_harakiri&quot;:&quot;yes&quot;,&quot;_ob_harakiri_writing_mode&quot;:&quot;inherit&quot;,&quot;_ob_harakiri_text_clip&quot;:&quot;none&quot;,&quot;_ob_perspektive_use&quot;:&quot;no&quot;,&quot;_ob_poopart_use&quot;:&quot;yes&quot;,&quot;_ob_shadough_use&quot;:&quot;no&quot;,&quot;_ob_allow_hoveranimator&quot;:&quot;no&quot;,&quot;_ob_widget_stalker_use&quot;:&quot;no&quot;}\" data-widget_type=\"heading.default\">\n\t\t\t\t<div class=\"elementor-widget-container\">\n\t\t\t\t\t<h1 class=\"elementor-heading-title elementor-size-default\">Mant\u00e9ngase al d\u00eda con las ultimas noticias\nde los mercados financieros en todo el mundo<\/h1>\t\t\t\t<\/div>\n\t\t\t\t<\/div>\n\t\t\t\t<div class=\"elementor-element elementor-element-b3e9607 elementor-align-center ob-has-background-overlay elementor-widget elementor-widget-breadcrumbs\" data-id=\"b3e9607\" data-element_type=\"widget\" data-e-type=\"widget\" data-settings=\"{&quot;_ob_perspektive_use&quot;:&quot;no&quot;,&quot;_ob_poopart_use&quot;:&quot;yes&quot;,&quot;_ob_shadough_use&quot;:&quot;no&quot;,&quot;_ob_allow_hoveranimator&quot;:&quot;no&quot;,&quot;_ob_widget_stalker_use&quot;:&quot;no&quot;}\" data-widget_type=\"breadcrumbs.default\">\n\t\t\t\t<div class=\"elementor-widget-container\">\n\t\t\t\t\t<nav aria-label=\"breadcrumbs\" class=\"rank-math-breadcrumb\"><p><span class=\"last\">Home<\/span><\/p><\/nav>\t\t\t\t<\/div>\n\t\t\t\t<\/div>\n\t\t\t\t\t<\/div>\n\t\t<\/div>\n\t\t\t\t\t<\/div>\n\t\t<\/section>\n\t\t\t\t<section class=\"ob-is-breaking-bad elementor-section elementor-top-section elementor-element elementor-element-4931a43 elementor-section-boxed elementor-section-height-default elementor-section-height-default\" data-id=\"4931a43\" data-element_type=\"section\" data-e-type=\"section\" data-settings=\"{&quot;_ob_bbad_use_it&quot;:&quot;yes&quot;,&quot;_ob_bbad_sssic_use&quot;:&quot;no&quot;,&quot;_ob_glider_is_slider&quot;:&quot;no&quot;}\">\n\t\t\t\t\t\t<div class=\"elementor-container elementor-column-gap-default\">\n\t\t\t\t\t<div class=\"elementor-column elementor-col-100 elementor-top-column elementor-element elementor-element-6156829\" data-id=\"6156829\" data-element_type=\"column\" data-e-type=\"column\" data-settings=\"{&quot;_ob_bbad_is_stalker&quot;:&quot;no&quot;,&quot;_ob_teleporter_use&quot;:false,&quot;_ob_column_hoveranimator&quot;:&quot;no&quot;,&quot;_ob_column_has_pseudo&quot;:&quot;no&quot;}\">\n\t\t\t<div class=\"elementor-widget-wrap elementor-element-populated\">\n\t\t\t\t\t\t<div class=\"elementor-element elementor-element-da55c7e ob-harakiri-inherit ob-has-background-overlay elementor-widget elementor-widget-text-editor\" data-id=\"da55c7e\" data-element_type=\"widget\" data-e-type=\"widget\" data-settings=\"{&quot;_ob_use_harakiri&quot;:&quot;yes&quot;,&quot;_ob_harakiri_writing_mode&quot;:&quot;inherit&quot;,&quot;_ob_postman_use&quot;:&quot;no&quot;,&quot;_ob_perspektive_use&quot;:&quot;no&quot;,&quot;_ob_poopart_use&quot;:&quot;yes&quot;,&quot;_ob_shadough_use&quot;:&quot;no&quot;,&quot;_ob_allow_hoveranimator&quot;:&quot;no&quot;,&quot;_ob_widget_stalker_use&quot;:&quot;no&quot;}\" data-widget_type=\"text-editor.default\">\n\t\t\t\t<div class=\"elementor-widget-container\">\n\t\t\t\t\t\t\t\t\t<h3>C\u00f3mo leer noticias financieras<\/h3><h4>C\u00f3mo discernir entre una monta\u00f1a de tonter\u00edas.<\/h4><p class=\"price-big\">La cantidad de noticias financieras publicadas estos d\u00edas es asombrosa. El volumen de noticias y an\u00e1lisis podr\u00eda caer un 90% y todav\u00eda ser\u00eda completamente abrumador.<\/p><p class=\"price-big\">\u00bfC\u00f3mo hacer uso de todo esto? Como un escritor financiero que pasa una vergonzosa cantidad de tiempo revisando noticias, he aqu\u00ed algunas cosas con las que he llegado a hacer las paces.<\/p><h4>Lea cosas con las que est\u00e1 seguro que va a estar en desacuerdo<\/h4><p class=\"price-big\">Hoy hay tanto contenido multimedia que siempre puede encontrar a alguien que est\u00e9 de acuerdo con usted. \u00bfAlcista en Apple (NASDAQ: AAPL)? Miles de escritores tambi\u00e9n lo son. \u00bfCree que el gobierno es una conspiraci\u00f3n gigante? Hay innumerables blogs para eso. \u00bfPiensa que la recesi\u00f3n global fue causada por cuerpos celestes que no est\u00e1n alineados? No estoy bromeando, amigos\u2026 hay blogs para eso (y les estoy haciendo un favor al no enlazarlos).<\/p><p class=\"price-big\">La gran diversidad de opiniones hace que los lectores sean vulnerables a algo llamado sesgo de confirmaci\u00f3n. Es cuando comienza con una respuesta y luego busca informaci\u00f3n que la respalde. Es realmente peligroso porque una vez que encuentre a alguien m\u00e1s que est\u00e9 de acuerdo con usted, se convencer\u00e1 m\u00e1s de que tiene raz\u00f3n, a pesar de que puede encontrar a alguien que est\u00e9 de acuerdo con usted sobre cualquier cosa, literalmente.<\/p><p class=\"price-big\">Al invertir, el vicepresidente de\u00a0<b>Berkshire Hathaway<\/b>\u00a0(NYSE: BRK-B), Charlie Munger, aboga por el enfoque intelectual de Charles Darwin, quien trat\u00f3 regularmente de refutar sus propias teor\u00edas. Recomiendo hacer lo mismo con las noticias financieras. Probablemente aprender\u00e1 m\u00e1s de las personas con las que no est\u00e1 de acuerdo. Le hacen desafiar sus creencias existentes, muchas de las cuales pueden ser impulsadas m\u00e1s por la emoci\u00f3n que por hechos.<\/p><p class=\"price-big\">No tiene que volverse loco con esto. Pero siempre que est\u00e9 convencido de una tendencia o una teor\u00eda, dese la oportunidad de leer el argumento contrario. En el peor de los casos, continuar\u00e1 en desacuerdo con ello. En el mejor de los casos, y con bastante frecuencia, obtendr\u00e1 una perspectiva que nunca antes hab\u00eda pensado.<\/p><div class=\"cryptoBlock\"><h4>Lea viejas noticias<\/h4><p class=\"price-big\">Como escribe el autor de Black Swan, Nassim Taleb, \u201cPara estar completamente curado de los peri\u00f3dicos, pase un a\u00f1o leyendo los peri\u00f3dicos de la semana anterior\u201d.<\/p><p class=\"price-big\">Se trata como un hecho que las noticias viejas pierden valor. Estoy en desacuerdo. Leer noticias antiguas puede proporcionar mucha m\u00e1s informaci\u00f3n que las noticias actuales.<\/p><p class=\"price-big\">Considere esto, sacado de un art\u00edculo del Wall Street Journal de diciembre de 2008:<\/p><p class=\"price-big\">El Sr. Panarin postula, en resumen, que la inmigraci\u00f3n masiva, el declive econ\u00f3mico y la degradaci\u00f3n moral desencadenar\u00e1n una guerra civil el pr\u00f3ximo oto\u00f1o y el colapso del d\u00f3lar. Alrededor de finales de junio de 2010, o principios de julio, dice, los EE.UU. se dividir\u00e1n en seis partes, con Alaska volviendo al control ruso\u2026<\/p><p class=\"price-big\">California formar\u00e1 el n\u00facleo de lo que \u00e9l llama \u201cLa Rep\u00fablica de California\u201d, y ser\u00e1 parte de China o estar\u00e1 bajo la influencia china. Texas ser\u00e1 el coraz\u00f3n de \u201cLa Rep\u00fablica de Texas\u201d, un grupo de estados que ir\u00e1n a M\u00e9xico o caer\u00e1n bajo la influencia mexicana. Washington, DC y Nueva York formar\u00e1n parte de una \u201cAm\u00e9rica atl\u00e1ntica\u201d que puede unirse a la Uni\u00f3n Europea.<\/p><p class=\"price-big\">El valor de estos art\u00edculos de tipo predicci\u00f3n, que constituyen una gran parte de las noticias financieras, se produce meses o a\u00f1os despu\u00e9s de su publicaci\u00f3n, cuando se puede ver cu\u00e1n inexactamente inexactas eran.<\/p><p class=\"price-big\">O tome este titular, de agosto de 2011: \u201cDow cae 512, la mayor ca\u00edda desde la crisis del \u201908\u201d.<\/p><p class=\"price-big\">Esa no fue una mala predicci\u00f3n, por supuesto. Es lo que realmente sucedi\u00f3, y se sinti\u00f3 como un gran problema en ese momento. Pero 14 meses despu\u00e9s, \u00bfa cu\u00e1ntas personas todav\u00eda les importa? Ninguno. El Dow Jones (DJINDICES: ^ DJI) ha recuperado todas sus p\u00e9rdidas y algo m\u00e1s. Lo que parec\u00eda monumental entonces es irrelevante ahora. Solo se obtiene esa perspectiva en retrospectiva.<\/p><p class=\"price-big\">Estos son ejemplos extremos. Pero lea suficientes noticias antiguas y pronto se dar\u00e1 cuenta de dos cosas: la mayor\u00eda de las predicciones nunca se acercan a ser verdad, y la mayor\u00eda de lo que creemos que son noticias importantes es trivial a largo plazo. Una vez que se convenza de esto, reaccionar\u00e1 de manera diferente frente al peri\u00f3dico de hoy.<\/p><h4>Lee una mezcla de contenido profesional y amateur.<\/h4><p class=\"price-big\">Periodistas profesionales: como los del\u00a0<i>Wall Street Journal<\/i>,\u00a0<i>Nueva York Times<\/i>,\u00a0<i>Financial Times<\/i>, etc., ser\u00e1n siempre m\u00e1s precisos en cuanto a los hechos, tendr\u00e1n mejor acceso a fuentes acreditadas y podr\u00e1n profundizar m\u00e1s en un tema que la mayor\u00eda de los bloggers aficionados.<\/p><p class=\"price-big\">Pero tambi\u00e9n tienen plazos, cuotas y jefes con ganancias trimestrales de las que preocuparse. Eso los hace susceptibles de convertir las no-noticias en algo destinado a sonar importante. Los mejores ejemplos son los periodistas que atribuyen razones a los movimientos diarios del mercado. \u201cDow cae en la toma de ganancias\u201d, por ejemplo. Nadie sabe lo que eso significa.<\/p><p class=\"price-big\">Por otro lado, los bloggers aficionados tienden a escribir solo cuando tienen algo significativo que decir (aunque hay excepciones). Cuando est\u00e1n perplejos, simplemente no publican nada. A veces durante d\u00edas y d\u00edas. No es la gran cosa. S\u00f3lo responden a los lectores, que exigen calidad y nada m\u00e1s.<\/p><p class=\"price-big\">Lo ideal es leer una mezcla saludable de ambos. Nunca uno solo u otro.<\/p><h4>No creas que toda noticia es factible<\/h4><p class=\"price-big\">Esto podr\u00eda ser lo m\u00e1s importante. Hay miles de art\u00edculos de noticias publicados todos los d\u00edas. Muy, muy pocos de ellos deber\u00edan llevarle a actuar.<\/p><p class=\"price-big\">Las historias de noticias trimestrales sobre ganancias rara vez proporcionan algo lo suficientemente sustantivo como para hacer que usted compre o venda. Lo mismo ocurre con las noticias comerciales de la industria, las actualizaciones y rebajas de los analistas y, especialmente, los informes econ\u00f3micos.<\/p><p class=\"price-big\">La mayor\u00eda de las noticias financieras deben, en el mejor de los casos, ser tratadas como algo que le ayude de manera gradual a comprender el panorama general. Si se siente tentado a modificar su cartera despu\u00e9s de leer las noticias, h\u00e1gale un favor a su futuro y lea menos.<\/p><h4>Las buenas lecturas<\/h4><p class=\"price-big\">Las opiniones var\u00edan, pero aqu\u00ed hay una breve lista de mis escritores financieros y sitios web favoritos (adem\u00e1s, por supuesto, Fool.com).<\/p><ul class=\"price-big\"><li>Cualquier inversionista medio serio debe tener una suscripci\u00f3n al Wall Street Journal. Son $15 al mes y cubre el 90% de las noticias financieras relevantes.<\/li><li>Los mejores agregadores de noticias son Real Clear Markets,\u00a0Counterparties, y\u00a0Abnormal Returns<\/li><li>En cuanto a los datos econ\u00f3micos, nadie se acerca al blog Calculated Risk.<\/li><li>Eddy Elfenbein, Josh Brown, Barry Ritholtz y FT Alphaville brindan constantemente el mejor contenido relacionado con el mercado.<\/li><li>Lea todos los meses las columnas de James Surowiecki en el New Yorker. Dos veces.<\/li><li>Derek Thompson de The Atlantic escribe constantemente piezas que lo ponen a pensar.<\/li><li>Jonathan Weil, de Bloomberg, profundiza m\u00e1s del 99% que sus compa\u00f1eros periodistas.<\/li><li>Carl Richards del New York Times es uno de los mejores escritores de finanzas personales de la historia. Sin exagerar.<\/li><li>Robert Johnson de Morningstar escribe un buen art\u00edculo semanal sobre la econom\u00eda. Est\u00e1n bien escritos y basados \u200b\u200ben datos.<\/li><li>Dedique 30 minutos cada fin de semana a leer The Economist (consejo adicional: n\u00f3tenlo con un acento brit\u00e1nico y se sentir\u00e1 m\u00e1s inteligente).<\/li><\/ul><\/div>\t\t\t\t\t\t\t\t<\/div>\n\t\t\t\t<\/div>\n\t\t\t\t\t<\/div>\n\t\t<\/div>\n\t\t\t\t\t<\/div>\n\t\t<\/section>\n\t\t\t\t<\/div>\n\t\t","protected":false},"excerpt":{"rendered":"<p>Noticias financieras Mant\u00e9ngase al d\u00eda con las ultimas noticias de los mercados financieros en todo el mundo Home C\u00f3mo leer noticias financieras C\u00f3mo discernir entre una monta\u00f1a de tonter\u00edas. La cantidad de noticias financieras publicadas estos d\u00edas es asombrosa. El volumen de noticias y an\u00e1lisis podr\u00eda caer un 90% y todav\u00eda ser\u00eda completamente abrumador. \u00bfC\u00f3mo [&hellip;]<\/p>\n","protected":false},"author":7,"featured_media":0,"parent":0,"menu_order":0,"comment_status":"closed","ping_status":"closed","template":"","meta":{"footnotes":""},"class_list":["post-1000","page","type-page","status-publish","hentry"],"_links":{"self":[{"href":"https:\/\/go4rex.com\/es\/wp-json\/wp\/v2\/pages\/1000","targetHints":{"allow":["GET"]}}],"collection":[{"href":"https:\/\/go4rex.com\/es\/wp-json\/wp\/v2\/pages"}],"about":[{"href":"https:\/\/go4rex.com\/es\/wp-json\/wp\/v2\/types\/page"}],"author":[{"embeddable":true,"href":"https:\/\/go4rex.com\/es\/wp-json\/wp\/v2\/users\/7"}],"replies":[{"embeddable":true,"href":"https:\/\/go4rex.com\/es\/wp-json\/wp\/v2\/comments?post=1000"}],"version-history":[{"count":22,"href":"https:\/\/go4rex.com\/es\/wp-json\/wp\/v2\/pages\/1000\/revisions"}],"predecessor-version":[{"id":4639,"href":"https:\/\/go4rex.com\/es\/wp-json\/wp\/v2\/pages\/1000\/revisions\/4639"}],"wp:attachment":[{"href":"https:\/\/go4rex.com\/es\/wp-json\/wp\/v2\/media?parent=1000"}],"curies":[{"name":"wp","href":"https:\/\/api.w.org\/{rel}","templated":true}]}}